{"id":4301,"date":"2025-09-19T16:47:38","date_gmt":"2025-09-19T14:47:38","guid":{"rendered":"https:\/\/stapleline.com\/?post_type=product&#038;p=4301"},"modified":"2025-09-19T16:48:49","modified_gmt":"2025-09-19T14:48:49","slug":"ynolens","status":"publish","type":"product","link":"https:\/\/stapleline.com\/es\/produkt\/ynolens\/","title":{"rendered":"Ynolens"},"content":{"rendered":"","protected":false},"excerpt":{"rendered":"<p>Das Ynolens Parf\u00fcmfreies Geruchsneutralisierendes Isotonisches Spray ist ein speziell entwickeltes Spray zur effektiven Geruchsneutralisierung in verschiedenen Bereichen. Es handelt sich um ein parf\u00fcmfreies Produkt, das besonders f\u00fcr empfindliche Personen und in sensiblen Umgebungen geeignet ist, da es keine Duftstoffe enth\u00e4lt. Die isotonische Formel ist schonend zur Haut und verursacht keine Reizungen, was die Anwendung angenehm und sicher macht. Das Spray eliminiert unangenehme Ger\u00fcche, anstatt sie nur zu \u00fcberdecken.<\/p>\n","protected":false},"featured_media":4302,"comment_status":"closed","ping_status":"closed","template":"","meta":{"_acf_changed":false},"product_brand":[],"product_cat":[25],"product_tag":[],"class_list":{"0":"post-4301","1":"product","2":"type-product","3":"status-publish","4":"has-post-thumbnail","6":"product_cat-unkategorisiert","8":"first","9":"instock","10":"shipping-taxable","11":"product-type-simple"},"acf":[],"yoast_head":"<!-- This site is optimized with the Yoast SEO plugin v26.3 - https:\/\/yoast.com\/wordpress\/plugins\/seo\/ -->\n<title>Ynolens - Stapleline Medizintechnik GmbH<\/title>\n<meta name=\"description\" content=\"Das Ynolens Parf\u00fcmfreies Geruchsneutralisierendes Isotonisches Spray ist ein speziell entwickeltes Spray zur effektiven Geruchsneutralisierung in verschiedenen Bereichen. Es handelt sich um ein parf\u00fcmfreies Produkt, das besonders f\u00fcr empfindliche Personen und in sensiblen Umgebungen geeignet ist, da es keine Duftstoffe enth\u00e4lt. Die isotonische Formel ist schonend zur Haut und verursacht keine Reizungen, was die Anwendung angenehm und sicher macht. Das Spray eliminiert unangenehme Ger\u00fcche, anstatt sie nur zu \u00fcberdecken.\" \/>\n<meta name=\"robots\" content=\"index, follow, max-snippet:-1, max-image-preview:large, max-video-preview:-1\" \/>\n<link rel=\"canonical\" href=\"https:\/\/stapleline.com\/produkt\/ynolens\/\" \/>\n<meta property=\"og:locale\" content=\"es_ES\" \/>\n<meta property=\"og:type\" content=\"article\" \/>\n<meta property=\"og:title\" content=\"Ynolens - Stapleline Medizintechnik GmbH\" \/>\n<meta property=\"og:description\" content=\"Das Ynolens Parf\u00fcmfreies Geruchsneutralisierendes Isotonisches Spray ist ein speziell entwickeltes Spray zur effektiven Geruchsneutralisierung in verschiedenen Bereichen. Es handelt sich um ein parf\u00fcmfreies Produkt, das besonders f\u00fcr empfindliche Personen und in sensiblen Umgebungen geeignet ist, da es keine Duftstoffe enth\u00e4lt. Die isotonische Formel ist schonend zur Haut und verursacht keine Reizungen, was die Anwendung angenehm und sicher macht. Das Spray eliminiert unangenehme Ger\u00fcche, anstatt sie nur zu \u00fcberdecken.\" \/>\n<meta property=\"og:url\" content=\"https:\/\/stapleline.com\/produkt\/ynolens\/\" \/>\n<meta property=\"og:site_name\" content=\"Stapleline Medizintechnik GmbH\" \/>\n<meta property=\"article:modified_time\" content=\"2025-09-19T14:48:49+00:00\" \/>\n<meta property=\"og:image\" content=\"https:\/\/stapleline.com\/wp-content\/uploads\/2025\/09\/Spray-alleine-scaled.png\" \/>\n\t<meta property=\"og:image:width\" content=\"2048\" \/>\n\t<meta property=\"og:image:height\" content=\"1365\" \/>\n\t<meta property=\"og:image:type\" content=\"image\/png\" \/>\n<meta name=\"twitter:card\" content=\"summary_large_image\" \/>\n<meta name=\"twitter:label1\" content=\"Tiempo de lectura\" \/>\n\t<meta name=\"twitter:data1\" content=\"1 minuto\" \/>\n<script type=\"application\/ld+json\" class=\"yoast-schema-graph\">{\"@context\":\"https:\/\/schema.org\",\"@graph\":[{\"@type\":\"WebPage\",\"@id\":\"https:\/\/stapleline.com\/produkt\/ynolens\/\",\"url\":\"https:\/\/stapleline.com\/produkt\/ynolens\/\",\"name\":\"Ynolens - Stapleline Medizintechnik GmbH\",\"isPartOf\":{\"@id\":\"https:\/\/stapleline.com\/en\/#website\"},\"primaryImageOfPage\":{\"@id\":\"https:\/\/stapleline.com\/produkt\/ynolens\/#primaryimage\"},\"image\":{\"@id\":\"https:\/\/stapleline.com\/produkt\/ynolens\/#primaryimage\"},\"thumbnailUrl\":\"https:\/\/stapleline.com\/wp-content\/uploads\/2025\/09\/Spray-alleine-scaled.png\",\"datePublished\":\"2025-09-19T14:47:38+00:00\",\"dateModified\":\"2025-09-19T14:48:49+00:00\",\"description\":\"Das Ynolens Parf\u00fcmfreies Geruchsneutralisierendes Isotonisches Spray ist ein speziell entwickeltes Spray zur effektiven Geruchsneutralisierung in verschiedenen Bereichen. Es handelt sich um ein parf\u00fcmfreies Produkt, das besonders f\u00fcr empfindliche Personen und in sensiblen Umgebungen geeignet ist, da es keine Duftstoffe enth\u00e4lt. Die isotonische Formel ist schonend zur Haut und verursacht keine Reizungen, was die Anwendung angenehm und sicher macht. Das Spray eliminiert unangenehme Ger\u00fcche, anstatt sie nur zu \u00fcberdecken.\",\"breadcrumb\":{\"@id\":\"https:\/\/stapleline.com\/produkt\/ynolens\/#breadcrumb\"},\"inLanguage\":\"es\",\"potentialAction\":[{\"@type\":\"ReadAction\",\"target\":[\"https:\/\/stapleline.com\/produkt\/ynolens\/\"]}]},{\"@type\":\"ImageObject\",\"inLanguage\":\"es\",\"@id\":\"https:\/\/stapleline.com\/produkt\/ynolens\/#primaryimage\",\"url\":\"https:\/\/stapleline.com\/wp-content\/uploads\/2025\/09\/Spray-alleine-scaled.png\",\"contentUrl\":\"https:\/\/stapleline.com\/wp-content\/uploads\/2025\/09\/Spray-alleine-scaled.png\",\"width\":2048,\"height\":1365},{\"@type\":\"BreadcrumbList\",\"@id\":\"https:\/\/stapleline.com\/produkt\/ynolens\/#breadcrumb\",\"itemListElement\":[{\"@type\":\"ListItem\",\"position\":1,\"name\":\"Startseite\",\"item\":\"https:\/\/stapleline.com\/\"},{\"@type\":\"ListItem\",\"position\":2,\"name\":\"Produkte\",\"item\":\"https:\/\/stapleline.com\/produkte\/\"},{\"@type\":\"ListItem\",\"position\":3,\"name\":\"Ynolens\"}]},{\"@type\":\"WebSite\",\"@id\":\"https:\/\/stapleline.com\/en\/#website\",\"url\":\"https:\/\/stapleline.com\/en\/\",\"name\":\"Stapleline Medizintechnik GmbH\",\"description\":\"\",\"publisher\":{\"@id\":\"https:\/\/stapleline.com\/en\/#organization\"},\"potentialAction\":[{\"@type\":\"SearchAction\",\"target\":{\"@type\":\"EntryPoint\",\"urlTemplate\":\"https:\/\/stapleline.com\/en\/?s={search_term_string}\"},\"query-input\":{\"@type\":\"PropertyValueSpecification\",\"valueRequired\":true,\"valueName\":\"search_term_string\"}}],\"inLanguage\":\"es\"},{\"@type\":\"Organization\",\"@id\":\"https:\/\/stapleline.com\/en\/#organization\",\"name\":\"Stapleline Medizintechnik GmbH\",\"url\":\"https:\/\/stapleline.com\/en\/\",\"logo\":{\"@type\":\"ImageObject\",\"inLanguage\":\"es\",\"@id\":\"https:\/\/stapleline.com\/en\/#\/schema\/logo\/image\/\",\"url\":\"https:\/\/stapleline.com\/wp-content\/uploads\/2019\/08\/logo-stapleline.png\",\"contentUrl\":\"https:\/\/stapleline.com\/wp-content\/uploads\/2019\/08\/logo-stapleline.png\",\"width\":500,\"height\":184,\"caption\":\"Stapleline Medizintechnik GmbH\"},\"image\":{\"@id\":\"https:\/\/stapleline.com\/en\/#\/schema\/logo\/image\/\"}}]}<\/script>\n<!-- \/ Yoast SEO plugin. -->","yoast_head_json":{"title":"Ynolens - Stapleline Medizintechnik GmbH","description":"Das Ynolens Parf\u00fcmfreies Geruchsneutralisierendes Isotonisches Spray ist ein speziell entwickeltes Spray zur effektiven Geruchsneutralisierung in verschiedenen Bereichen. Es handelt sich um ein parf\u00fcmfreies Produkt, das besonders f\u00fcr empfindliche Personen und in sensiblen Umgebungen geeignet ist, da es keine Duftstoffe enth\u00e4lt. Die isotonische Formel ist schonend zur Haut und verursacht keine Reizungen, was die Anwendung angenehm und sicher macht. Das Spray eliminiert unangenehme Ger\u00fcche, anstatt sie nur zu \u00fcberdecken.","robots":{"index":"index","follow":"follow","max-snippet":"max-snippet:-1","max-image-preview":"max-image-preview:large","max-video-preview":"max-video-preview:-1"},"canonical":"https:\/\/stapleline.com\/produkt\/ynolens\/","og_locale":"es_ES","og_type":"article","og_title":"Ynolens - Stapleline Medizintechnik GmbH","og_description":"Das Ynolens Parf\u00fcmfreies Geruchsneutralisierendes Isotonisches Spray ist ein speziell entwickeltes Spray zur effektiven Geruchsneutralisierung in verschiedenen Bereichen. Es handelt sich um ein parf\u00fcmfreies Produkt, das besonders f\u00fcr empfindliche Personen und in sensiblen Umgebungen geeignet ist, da es keine Duftstoffe enth\u00e4lt. Die isotonische Formel ist schonend zur Haut und verursacht keine Reizungen, was die Anwendung angenehm und sicher macht. Das Spray eliminiert unangenehme Ger\u00fcche, anstatt sie nur zu \u00fcberdecken.","og_url":"https:\/\/stapleline.com\/produkt\/ynolens\/","og_site_name":"Stapleline Medizintechnik GmbH","article_modified_time":"2025-09-19T14:48:49+00:00","og_image":[{"width":2048,"height":1365,"url":"https:\/\/stapleline.com\/wp-content\/uploads\/2025\/09\/Spray-alleine-scaled.png","type":"image\/png"}],"twitter_card":"summary_large_image","twitter_misc":{"Tiempo de lectura":"1 minuto"},"schema":{"@context":"https:\/\/schema.org","@graph":[{"@type":"WebPage","@id":"https:\/\/stapleline.com\/produkt\/ynolens\/","url":"https:\/\/stapleline.com\/produkt\/ynolens\/","name":"Ynolens - Stapleline Medizintechnik GmbH","isPartOf":{"@id":"https:\/\/stapleline.com\/en\/#website"},"primaryImageOfPage":{"@id":"https:\/\/stapleline.com\/produkt\/ynolens\/#primaryimage"},"image":{"@id":"https:\/\/stapleline.com\/produkt\/ynolens\/#primaryimage"},"thumbnailUrl":"https:\/\/stapleline.com\/wp-content\/uploads\/2025\/09\/Spray-alleine-scaled.png","datePublished":"2025-09-19T14:47:38+00:00","dateModified":"2025-09-19T14:48:49+00:00","description":"Das Ynolens Parf\u00fcmfreies Geruchsneutralisierendes Isotonisches Spray ist ein speziell entwickeltes Spray zur effektiven Geruchsneutralisierung in verschiedenen Bereichen. Es handelt sich um ein parf\u00fcmfreies Produkt, das besonders f\u00fcr empfindliche Personen und in sensiblen Umgebungen geeignet ist, da es keine Duftstoffe enth\u00e4lt. Die isotonische Formel ist schonend zur Haut und verursacht keine Reizungen, was die Anwendung angenehm und sicher macht. Das Spray eliminiert unangenehme Ger\u00fcche, anstatt sie nur zu \u00fcberdecken.","breadcrumb":{"@id":"https:\/\/stapleline.com\/produkt\/ynolens\/#breadcrumb"},"inLanguage":"es","potentialAction":[{"@type":"ReadAction","target":["https:\/\/stapleline.com\/produkt\/ynolens\/"]}]},{"@type":"ImageObject","inLanguage":"es","@id":"https:\/\/stapleline.com\/produkt\/ynolens\/#primaryimage","url":"https:\/\/stapleline.com\/wp-content\/uploads\/2025\/09\/Spray-alleine-scaled.png","contentUrl":"https:\/\/stapleline.com\/wp-content\/uploads\/2025\/09\/Spray-alleine-scaled.png","width":2048,"height":1365},{"@type":"BreadcrumbList","@id":"https:\/\/stapleline.com\/produkt\/ynolens\/#breadcrumb","itemListElement":[{"@type":"ListItem","position":1,"name":"Startseite","item":"https:\/\/stapleline.com\/"},{"@type":"ListItem","position":2,"name":"Produkte","item":"https:\/\/stapleline.com\/produkte\/"},{"@type":"ListItem","position":3,"name":"Ynolens"}]},{"@type":"WebSite","@id":"https:\/\/stapleline.com\/en\/#website","url":"https:\/\/stapleline.com\/en\/","name":"Stapleline Medizintechnik GmbH","description":"","publisher":{"@id":"https:\/\/stapleline.com\/en\/#organization"},"potentialAction":[{"@type":"SearchAction","target":{"@type":"EntryPoint","urlTemplate":"https:\/\/stapleline.com\/en\/?s={search_term_string}"},"query-input":{"@type":"PropertyValueSpecification","valueRequired":true,"valueName":"search_term_string"}}],"inLanguage":"es"},{"@type":"Organization","@id":"https:\/\/stapleline.com\/en\/#organization","name":"Stapleline Medizintechnik GmbH","url":"https:\/\/stapleline.com\/en\/","logo":{"@type":"ImageObject","inLanguage":"es","@id":"https:\/\/stapleline.com\/en\/#\/schema\/logo\/image\/","url":"https:\/\/stapleline.com\/wp-content\/uploads\/2019\/08\/logo-stapleline.png","contentUrl":"https:\/\/stapleline.com\/wp-content\/uploads\/2019\/08\/logo-stapleline.png","width":500,"height":184,"caption":"Stapleline Medizintechnik GmbH"},"image":{"@id":"https:\/\/stapleline.com\/en\/#\/schema\/logo\/image\/"}}]}},"_links":{"self":[{"href":"https:\/\/stapleline.com\/es\/wp-json\/wp\/v2\/product\/4301","targetHints":{"allow":["GET"]}}],"collection":[{"href":"https:\/\/stapleline.com\/es\/wp-json\/wp\/v2\/product"}],"about":[{"href":"https:\/\/stapleline.com\/es\/wp-json\/wp\/v2\/types\/product"}],"replies":[{"embeddable":true,"href":"https:\/\/stapleline.com\/es\/wp-json\/wp\/v2\/comments?post=4301"}],"version-history":[{"count":3,"href":"https:\/\/stapleline.com\/es\/wp-json\/wp\/v2\/product\/4301\/revisions"}],"predecessor-version":[{"id":4313,"href":"https:\/\/stapleline.com\/es\/wp-json\/wp\/v2\/product\/4301\/revisions\/4313"}],"wp:featuredmedia":[{"embeddable":true,"href":"https:\/\/stapleline.com\/es\/wp-json\/wp\/v2\/media\/4302"}],"wp:attachment":[{"href":"https:\/\/stapleline.com\/es\/wp-json\/wp\/v2\/media?parent=4301"}],"wp:term":[{"taxonomy":"product_brand","embeddable":true,"href":"https:\/\/stapleline.com\/es\/wp-json\/wp\/v2\/product_brand?post=4301"},{"taxonomy":"product_cat","embeddable":true,"href":"https:\/\/stapleline.com\/es\/wp-json\/wp\/v2\/product_cat?post=4301"},{"taxonomy":"product_tag","embeddable":true,"href":"https:\/\/stapleline.com\/es\/wp-json\/wp\/v2\/product_tag?post=4301"}],"curies":[{"name":"wp","href":"https:\/\/api.w.org\/{rel}","templated":true}]}}