{"id":3858,"date":"2021-02-19T16:59:12","date_gmt":"2021-02-19T15:59:12","guid":{"rendered":"https:\/\/stapleline.com\/?post_type=product&#038;p=3858"},"modified":"2021-06-16T20:06:41","modified_gmt":"2021-06-16T18:06:41","slug":"sars-cov-2-antigen-schnelltestkit","status":"publish","type":"product","link":"https:\/\/stapleline.com\/es\/produkt\/sars-cov-2-antigen-schnelltestkit\/","title":{"rendered":"SARS-CoV-2-Antigen-Schnelltestkit"},"content":{"rendered":"\t\t<div data-elementor-type=\"product-post\" data-elementor-id=\"3858\" class=\"elementor elementor-3858\" data-elementor-post-type=\"product\">\n\t\t\t\t\t\t<section class=\"elementor-section elementor-top-section elementor-element elementor-element-5891286f elementor-section-boxed elementor-section-height-default elementor-section-height-default\" data-id=\"5891286f\" data-element_type=\"section\">\n\t\t\t\t\t\t<div class=\"elementor-container elementor-column-gap-no\">\n\t\t\t\t\t<div class=\"elementor-column elementor-col-100 elementor-top-column elementor-element elementor-element-5233f2c0\" data-id=\"5233f2c0\" data-element_type=\"column\">\n\t\t\t<div class=\"elementor-widget-wrap elementor-element-populated\">\n\t\t\t\t\t\t<div class=\"elementor-element elementor-element-7e94ecab elementor-widget elementor-widget-jet-table\" data-id=\"7e94ecab\" data-element_type=\"widget\" data-widget_type=\"jet-table.default\">\n\t\t\t\t<div class=\"elementor-widget-container\">\n\t\t\t\t\t<div class=\"elementor-jet-table jet-elements\">\n\t\t<div class=\"jet-table-wrapper jet-table-responsive-mobile jet-table-responsive-tablet\">\n\t\t\t<table class=\"jet-table jet-table--fa5-compat\">\n\t\t\t\t<thead class=\"jet-table__head\"><tr class=\"jet-table__head-row\"><th class=\"jet-table__cell elementor-repeater-item-d525945 jet-table__head-cell\" scope=\"col\"><div class=\"jet-table__cell-inner\"><div class=\"jet-table__cell-content\"><div class=\"jet-table__cell-text\">Bestell-Nr.<\/div><\/div><\/div><\/th><\/tr><\/thead>\n\t\t\t\t\t\t\t\t<tbody class=\"jet-table__body\"><tr class=\"jet-table__body-row elementor-repeater-item-56e727f\"><td class=\"jet-table__cell elementor-repeater-item-a79090e jet-table__body-cell\"><div class=\"jet-table__cell-inner\"><div class=\"jet-table__cell-content\"><div class=\"jet-table__cell-text\">ASTA-ANTI-01<\/div><\/div><\/div><\/td><\/tr><tr class=\"jet-table__body-row elementor-repeater-item-912c546\"><td class=\"jet-table__cell elementor-repeater-item-884f898 jet-table__body-cell\"><div class=\"jet-table__cell-inner\"><div class=\"jet-table__cell-content\"><div class=\"jet-table__cell-text\">ASTA-ANTI-25<\/div><\/div><\/div><\/td><\/tr><\/tbody>\n\t\t\t<\/table>\n\t\t<\/div>\n\n\t\t<\/div>\t\t\t\t<\/div>\n\t\t\t\t<\/div>\n\t\t\t\t\t<\/div>\n\t\t<\/div>\n\t\t\t\t\t<\/div>\n\t\t<\/section>\n\t\t\t\t<\/div>\n\t\t","protected":false},"excerpt":{"rendered":"<p>Das Schnelltest-Kit ist daf\u00fcr konzipiert, innerhalb von 15 Minuten dar\u00fcber Aufschluss zu geben, ob der Anwender\/ die Anwenderin mit Covid-19 infiziert ist. Dazu wird mithilfe des beigef\u00fcgten Tupferkopfs eine Probe aus der Nasenh\u00f6hle genommen, welche schlie\u00dflich nach Beif\u00fcgen eines Verd\u00fcnnungsmittels auf den Teststreifen gegeben wird. Die diagnostische Sensitivit\u00e4t des Antigen-Schnelltestkits liegt bei \u00fcber 92% und ist aufgrund der schnellen Anwendbarkeit sehr sinnvoll, wenn ein Labortest zeitlich nicht in Frage kommt.<\/p>\n","protected":false},"featured_media":3920,"comment_status":"closed","ping_status":"closed","template":"","meta":{"_acf_changed":false},"product_brand":[],"product_cat":[28],"product_tag":[],"class_list":{"0":"post-3858","1":"product","2":"type-product","3":"status-publish","4":"has-post-thumbnail","6":"product_cat-produkte","8":"first","9":"instock","10":"shipping-taxable","11":"purchasable","12":"product-type-simple"},"acf":[],"yoast_head":"<!-- This site is optimized with the Yoast SEO plugin v26.3 - https:\/\/yoast.com\/wordpress\/plugins\/seo\/ -->\n<title>SARS-CoV-2-Antigen-Schnelltestkit - Stapleline Medizintechnik GmbH<\/title>\n<meta name=\"robots\" content=\"index, follow, max-snippet:-1, max-image-preview:large, max-video-preview:-1\" \/>\n<link rel=\"canonical\" href=\"https:\/\/stapleline.com\/produkt\/sars-cov-2-antigen-schnelltestkit\/\" \/>\n<meta property=\"og:locale\" content=\"es_ES\" \/>\n<meta property=\"og:type\" content=\"article\" \/>\n<meta property=\"og:title\" content=\"SARS-CoV-2-Antigen-Schnelltestkit - Stapleline Medizintechnik GmbH\" \/>\n<meta property=\"og:description\" content=\"Das Schnelltest-Kit ist daf\u00fcr konzipiert, innerhalb von 15 Minuten dar\u00fcber Aufschluss zu geben, ob der Anwender\/ die Anwenderin mit Covid-19 infiziert ist. Dazu wird mithilfe des beigef\u00fcgten Tupferkopfs eine Probe aus der Nasenh\u00f6hle genommen, welche schlie\u00dflich nach Beif\u00fcgen eines Verd\u00fcnnungsmittels auf den Teststreifen gegeben wird. Die diagnostische Sensitivit\u00e4t des Antigen-Schnelltestkits liegt bei \u00fcber 92% und ist aufgrund der schnellen Anwendbarkeit sehr sinnvoll, wenn ein Labortest zeitlich nicht in Frage kommt.\" \/>\n<meta property=\"og:url\" content=\"https:\/\/stapleline.com\/produkt\/sars-cov-2-antigen-schnelltestkit\/\" \/>\n<meta property=\"og:site_name\" content=\"Stapleline Medizintechnik GmbH\" \/>\n<meta property=\"article:modified_time\" content=\"2021-06-16T18:06:41+00:00\" \/>\n<meta property=\"og:image\" content=\"https:\/\/stapleline.com\/wp-content\/uploads\/2021\/06\/Antigen-Schnelltest.jpeg\" \/>\n\t<meta property=\"og:image:width\" content=\"800\" \/>\n\t<meta property=\"og:image:height\" content=\"599\" \/>\n\t<meta property=\"og:image:type\" content=\"image\/jpeg\" \/>\n<meta name=\"twitter:card\" content=\"summary_large_image\" \/>\n<script type=\"application\/ld+json\" class=\"yoast-schema-graph\">{\"@context\":\"https:\/\/schema.org\",\"@graph\":[{\"@type\":\"WebPage\",\"@id\":\"https:\/\/stapleline.com\/produkt\/sars-cov-2-antigen-schnelltestkit\/\",\"url\":\"https:\/\/stapleline.com\/produkt\/sars-cov-2-antigen-schnelltestkit\/\",\"name\":\"SARS-CoV-2-Antigen-Schnelltestkit - Stapleline Medizintechnik GmbH\",\"isPartOf\":{\"@id\":\"https:\/\/stapleline.com\/en\/#website\"},\"primaryImageOfPage\":{\"@id\":\"https:\/\/stapleline.com\/produkt\/sars-cov-2-antigen-schnelltestkit\/#primaryimage\"},\"image\":{\"@id\":\"https:\/\/stapleline.com\/produkt\/sars-cov-2-antigen-schnelltestkit\/#primaryimage\"},\"thumbnailUrl\":\"https:\/\/stapleline.com\/wp-content\/uploads\/2021\/06\/Antigen-Schnelltest.jpeg\",\"datePublished\":\"2021-02-19T15:59:12+00:00\",\"dateModified\":\"2021-06-16T18:06:41+00:00\",\"breadcrumb\":{\"@id\":\"https:\/\/stapleline.com\/produkt\/sars-cov-2-antigen-schnelltestkit\/#breadcrumb\"},\"inLanguage\":\"es\",\"potentialAction\":[{\"@type\":\"ReadAction\",\"target\":[\"https:\/\/stapleline.com\/produkt\/sars-cov-2-antigen-schnelltestkit\/\"]}]},{\"@type\":\"ImageObject\",\"inLanguage\":\"es\",\"@id\":\"https:\/\/stapleline.com\/produkt\/sars-cov-2-antigen-schnelltestkit\/#primaryimage\",\"url\":\"https:\/\/stapleline.com\/wp-content\/uploads\/2021\/06\/Antigen-Schnelltest.jpeg\",\"contentUrl\":\"https:\/\/stapleline.com\/wp-content\/uploads\/2021\/06\/Antigen-Schnelltest.jpeg\",\"width\":800,\"height\":599},{\"@type\":\"BreadcrumbList\",\"@id\":\"https:\/\/stapleline.com\/produkt\/sars-cov-2-antigen-schnelltestkit\/#breadcrumb\",\"itemListElement\":[{\"@type\":\"ListItem\",\"position\":1,\"name\":\"Startseite\",\"item\":\"https:\/\/stapleline.com\/\"},{\"@type\":\"ListItem\",\"position\":2,\"name\":\"Produkte\",\"item\":\"https:\/\/stapleline.com\/produkte\/\"},{\"@type\":\"ListItem\",\"position\":3,\"name\":\"SARS-CoV-2-Antigen-Schnelltestkit\"}]},{\"@type\":\"WebSite\",\"@id\":\"https:\/\/stapleline.com\/en\/#website\",\"url\":\"https:\/\/stapleline.com\/en\/\",\"name\":\"Stapleline Medizintechnik GmbH\",\"description\":\"\",\"publisher\":{\"@id\":\"https:\/\/stapleline.com\/en\/#organization\"},\"potentialAction\":[{\"@type\":\"SearchAction\",\"target\":{\"@type\":\"EntryPoint\",\"urlTemplate\":\"https:\/\/stapleline.com\/en\/?s={search_term_string}\"},\"query-input\":{\"@type\":\"PropertyValueSpecification\",\"valueRequired\":true,\"valueName\":\"search_term_string\"}}],\"inLanguage\":\"es\"},{\"@type\":\"Organization\",\"@id\":\"https:\/\/stapleline.com\/en\/#organization\",\"name\":\"Stapleline Medizintechnik GmbH\",\"url\":\"https:\/\/stapleline.com\/en\/\",\"logo\":{\"@type\":\"ImageObject\",\"inLanguage\":\"es\",\"@id\":\"https:\/\/stapleline.com\/en\/#\/schema\/logo\/image\/\",\"url\":\"https:\/\/stapleline.com\/wp-content\/uploads\/2019\/08\/logo-stapleline.png\",\"contentUrl\":\"https:\/\/stapleline.com\/wp-content\/uploads\/2019\/08\/logo-stapleline.png\",\"width\":500,\"height\":184,\"caption\":\"Stapleline Medizintechnik GmbH\"},\"image\":{\"@id\":\"https:\/\/stapleline.com\/en\/#\/schema\/logo\/image\/\"}}]}<\/script>\n<!-- \/ Yoast SEO plugin. -->","yoast_head_json":{"title":"SARS-CoV-2-Antigen-Schnelltestkit - Stapleline Medizintechnik GmbH","robots":{"index":"index","follow":"follow","max-snippet":"max-snippet:-1","max-image-preview":"max-image-preview:large","max-video-preview":"max-video-preview:-1"},"canonical":"https:\/\/stapleline.com\/produkt\/sars-cov-2-antigen-schnelltestkit\/","og_locale":"es_ES","og_type":"article","og_title":"SARS-CoV-2-Antigen-Schnelltestkit - Stapleline Medizintechnik GmbH","og_description":"Das Schnelltest-Kit ist daf\u00fcr konzipiert, innerhalb von 15 Minuten dar\u00fcber Aufschluss zu geben, ob der Anwender\/ die Anwenderin mit Covid-19 infiziert ist. Dazu wird mithilfe des beigef\u00fcgten Tupferkopfs eine Probe aus der Nasenh\u00f6hle genommen, welche schlie\u00dflich nach Beif\u00fcgen eines Verd\u00fcnnungsmittels auf den Teststreifen gegeben wird. Die diagnostische Sensitivit\u00e4t des Antigen-Schnelltestkits liegt bei \u00fcber 92% und ist aufgrund der schnellen Anwendbarkeit sehr sinnvoll, wenn ein Labortest zeitlich nicht in Frage kommt.","og_url":"https:\/\/stapleline.com\/produkt\/sars-cov-2-antigen-schnelltestkit\/","og_site_name":"Stapleline Medizintechnik GmbH","article_modified_time":"2021-06-16T18:06:41+00:00","og_image":[{"width":800,"height":599,"url":"https:\/\/stapleline.com\/wp-content\/uploads\/2021\/06\/Antigen-Schnelltest.jpeg","type":"image\/jpeg"}],"twitter_card":"summary_large_image","schema":{"@context":"https:\/\/schema.org","@graph":[{"@type":"WebPage","@id":"https:\/\/stapleline.com\/produkt\/sars-cov-2-antigen-schnelltestkit\/","url":"https:\/\/stapleline.com\/produkt\/sars-cov-2-antigen-schnelltestkit\/","name":"SARS-CoV-2-Antigen-Schnelltestkit - Stapleline Medizintechnik GmbH","isPartOf":{"@id":"https:\/\/stapleline.com\/en\/#website"},"primaryImageOfPage":{"@id":"https:\/\/stapleline.com\/produkt\/sars-cov-2-antigen-schnelltestkit\/#primaryimage"},"image":{"@id":"https:\/\/stapleline.com\/produkt\/sars-cov-2-antigen-schnelltestkit\/#primaryimage"},"thumbnailUrl":"https:\/\/stapleline.com\/wp-content\/uploads\/2021\/06\/Antigen-Schnelltest.jpeg","datePublished":"2021-02-19T15:59:12+00:00","dateModified":"2021-06-16T18:06:41+00:00","breadcrumb":{"@id":"https:\/\/stapleline.com\/produkt\/sars-cov-2-antigen-schnelltestkit\/#breadcrumb"},"inLanguage":"es","potentialAction":[{"@type":"ReadAction","target":["https:\/\/stapleline.com\/produkt\/sars-cov-2-antigen-schnelltestkit\/"]}]},{"@type":"ImageObject","inLanguage":"es","@id":"https:\/\/stapleline.com\/produkt\/sars-cov-2-antigen-schnelltestkit\/#primaryimage","url":"https:\/\/stapleline.com\/wp-content\/uploads\/2021\/06\/Antigen-Schnelltest.jpeg","contentUrl":"https:\/\/stapleline.com\/wp-content\/uploads\/2021\/06\/Antigen-Schnelltest.jpeg","width":800,"height":599},{"@type":"BreadcrumbList","@id":"https:\/\/stapleline.com\/produkt\/sars-cov-2-antigen-schnelltestkit\/#breadcrumb","itemListElement":[{"@type":"ListItem","position":1,"name":"Startseite","item":"https:\/\/stapleline.com\/"},{"@type":"ListItem","position":2,"name":"Produkte","item":"https:\/\/stapleline.com\/produkte\/"},{"@type":"ListItem","position":3,"name":"SARS-CoV-2-Antigen-Schnelltestkit"}]},{"@type":"WebSite","@id":"https:\/\/stapleline.com\/en\/#website","url":"https:\/\/stapleline.com\/en\/","name":"Stapleline Medizintechnik GmbH","description":"","publisher":{"@id":"https:\/\/stapleline.com\/en\/#organization"},"potentialAction":[{"@type":"SearchAction","target":{"@type":"EntryPoint","urlTemplate":"https:\/\/stapleline.com\/en\/?s={search_term_string}"},"query-input":{"@type":"PropertyValueSpecification","valueRequired":true,"valueName":"search_term_string"}}],"inLanguage":"es"},{"@type":"Organization","@id":"https:\/\/stapleline.com\/en\/#organization","name":"Stapleline Medizintechnik GmbH","url":"https:\/\/stapleline.com\/en\/","logo":{"@type":"ImageObject","inLanguage":"es","@id":"https:\/\/stapleline.com\/en\/#\/schema\/logo\/image\/","url":"https:\/\/stapleline.com\/wp-content\/uploads\/2019\/08\/logo-stapleline.png","contentUrl":"https:\/\/stapleline.com\/wp-content\/uploads\/2019\/08\/logo-stapleline.png","width":500,"height":184,"caption":"Stapleline Medizintechnik GmbH"},"image":{"@id":"https:\/\/stapleline.com\/en\/#\/schema\/logo\/image\/"}}]}},"_links":{"self":[{"href":"https:\/\/stapleline.com\/es\/wp-json\/wp\/v2\/product\/3858","targetHints":{"allow":["GET"]}}],"collection":[{"href":"https:\/\/stapleline.com\/es\/wp-json\/wp\/v2\/product"}],"about":[{"href":"https:\/\/stapleline.com\/es\/wp-json\/wp\/v2\/types\/product"}],"replies":[{"embeddable":true,"href":"https:\/\/stapleline.com\/es\/wp-json\/wp\/v2\/comments?post=3858"}],"version-history":[{"count":0,"href":"https:\/\/stapleline.com\/es\/wp-json\/wp\/v2\/product\/3858\/revisions"}],"wp:featuredmedia":[{"embeddable":true,"href":"https:\/\/stapleline.com\/es\/wp-json\/wp\/v2\/media\/3920"}],"wp:attachment":[{"href":"https:\/\/stapleline.com\/es\/wp-json\/wp\/v2\/media?parent=3858"}],"wp:term":[{"taxonomy":"product_brand","embeddable":true,"href":"https:\/\/stapleline.com\/es\/wp-json\/wp\/v2\/product_brand?post=3858"},{"taxonomy":"product_cat","embeddable":true,"href":"https:\/\/stapleline.com\/es\/wp-json\/wp\/v2\/product_cat?post=3858"},{"taxonomy":"product_tag","embeddable":true,"href":"https:\/\/stapleline.com\/es\/wp-json\/wp\/v2\/product_tag?post=3858"}],"curies":[{"name":"wp","href":"https:\/\/api.w.org\/{rel}","templated":true}]}}