{"id":3715,"date":"2020-12-07T20:41:30","date_gmt":"2020-12-07T19:41:30","guid":{"rendered":"https:\/\/stapleline.com\/?post_type=product&#038;p=3715"},"modified":"2020-12-07T20:43:25","modified_gmt":"2020-12-07T19:43:25","slug":"op-kittel-einweg","status":"publish","type":"product","link":"https:\/\/stapleline.com\/es\/produkt\/op-kittel-einweg\/","title":{"rendered":"OP-Kittel (Einweg)"},"content":{"rendered":"","protected":false},"excerpt":{"rendered":"<p><span style=\"font-weight: 400;\">Der Operationskittel ist aus einem leichten, zweilagigen Vliesstoff gen\u00e4ht und besitzt an den Handgelenken elastische N\u00e4hte, um einen maximalen Tragekomfort zu gew\u00e4hrleisten. Auf diese Weise umschlie\u00dft der \u00c4rmel das Handgelenk des Tr\u00e4gers\/ der Tr\u00e4gerin vollst\u00e4ndig und liegt auf der Haut auf.<\/span><\/p>\n<p><span style=\"font-weight: 400;\">Einsetzbar im medizinischen Bereich, in Krankenh\u00e4usern und Arztpraxen. Das Tragen des Kittels verringert das Risiko der Kontamination des Patienten in sterilen Operationsr\u00e4umen.<\/span><\/p>\n<p><span style=\"font-weight: 400;\">Der OP-Kittel ist 120 cm lang und 140 cm weit (XL) und bietet dadurch uneingeschr\u00e4nkte Bewegungsfreiheit.<\/span><\/p>\n<p><span style=\"font-weight: 400;\">CE zertifiziert, EN ISO 13485:2003 zertifiziert, EN ISO 13795 zertifiziert<\/span><\/p>\n","protected":false},"featured_media":3717,"comment_status":"closed","ping_status":"closed","template":"","meta":{"_acf_changed":false},"product_brand":[],"product_cat":[28,66],"product_tag":[],"class_list":{"0":"post-3715","1":"product","2":"type-product","3":"status-publish","4":"has-post-thumbnail","6":"product_cat-produkte","7":"product_cat-schutzartikel","9":"first","10":"instock","11":"shipping-taxable","12":"purchasable","13":"product-type-simple"},"acf":[],"yoast_head":"<!-- This site is optimized with the Yoast SEO plugin v26.3 - https:\/\/yoast.com\/wordpress\/plugins\/seo\/ -->\n<title>OP-Kittel (Einweg) - Stapleline Medizintechnik GmbH<\/title>\n<meta name=\"robots\" content=\"index, follow, max-snippet:-1, max-image-preview:large, max-video-preview:-1\" \/>\n<link rel=\"canonical\" href=\"https:\/\/stapleline.com\/produkt\/op-kittel-einweg\/\" \/>\n<meta property=\"og:locale\" content=\"es_ES\" \/>\n<meta property=\"og:type\" content=\"article\" \/>\n<meta property=\"og:title\" content=\"OP-Kittel (Einweg) - Stapleline Medizintechnik GmbH\" \/>\n<meta property=\"og:description\" content=\"Der Operationskittel ist aus einem leichten, zweilagigen Vliesstoff gen\u00e4ht und besitzt an den Handgelenken elastische N\u00e4hte, um einen maximalen Tragekomfort zu gew\u00e4hrleisten. Auf diese Weise umschlie\u00dft der \u00c4rmel das Handgelenk des Tr\u00e4gers\/ der Tr\u00e4gerin vollst\u00e4ndig und liegt auf der Haut auf.  Einsetzbar im medizinischen Bereich, in Krankenh\u00e4usern und Arztpraxen. Das Tragen des Kittels verringert das Risiko der Kontamination des Patienten in sterilen Operationsr\u00e4umen.  Der OP-Kittel ist 120 cm lang und 140 cm weit (XL) und bietet dadurch uneingeschr\u00e4nkte Bewegungsfreiheit.  CE zertifiziert, EN ISO 13485:2003 zertifiziert, EN ISO 13795 zertifiziert\" \/>\n<meta property=\"og:url\" content=\"https:\/\/stapleline.com\/produkt\/op-kittel-einweg\/\" \/>\n<meta property=\"og:site_name\" content=\"Stapleline Medizintechnik GmbH\" \/>\n<meta property=\"article:modified_time\" content=\"2020-12-07T19:43:25+00:00\" \/>\n<meta property=\"og:image\" content=\"https:\/\/stapleline.com\/wp-content\/uploads\/2020\/12\/kittel.jpg\" \/>\n\t<meta property=\"og:image:width\" content=\"800\" \/>\n\t<meta property=\"og:image:height\" content=\"800\" \/>\n\t<meta property=\"og:image:type\" content=\"image\/jpeg\" \/>\n<meta name=\"twitter:card\" content=\"summary_large_image\" \/>\n<script type=\"application\/ld+json\" class=\"yoast-schema-graph\">{\"@context\":\"https:\/\/schema.org\",\"@graph\":[{\"@type\":\"WebPage\",\"@id\":\"https:\/\/stapleline.com\/produkt\/op-kittel-einweg\/\",\"url\":\"https:\/\/stapleline.com\/produkt\/op-kittel-einweg\/\",\"name\":\"OP-Kittel (Einweg) - Stapleline Medizintechnik GmbH\",\"isPartOf\":{\"@id\":\"https:\/\/stapleline.com\/en\/#website\"},\"primaryImageOfPage\":{\"@id\":\"https:\/\/stapleline.com\/produkt\/op-kittel-einweg\/#primaryimage\"},\"image\":{\"@id\":\"https:\/\/stapleline.com\/produkt\/op-kittel-einweg\/#primaryimage\"},\"thumbnailUrl\":\"https:\/\/stapleline.com\/wp-content\/uploads\/2020\/12\/kittel.jpg\",\"datePublished\":\"2020-12-07T19:41:30+00:00\",\"dateModified\":\"2020-12-07T19:43:25+00:00\",\"breadcrumb\":{\"@id\":\"https:\/\/stapleline.com\/produkt\/op-kittel-einweg\/#breadcrumb\"},\"inLanguage\":\"es\",\"potentialAction\":[{\"@type\":\"ReadAction\",\"target\":[\"https:\/\/stapleline.com\/produkt\/op-kittel-einweg\/\"]}]},{\"@type\":\"ImageObject\",\"inLanguage\":\"es\",\"@id\":\"https:\/\/stapleline.com\/produkt\/op-kittel-einweg\/#primaryimage\",\"url\":\"https:\/\/stapleline.com\/wp-content\/uploads\/2020\/12\/kittel.jpg\",\"contentUrl\":\"https:\/\/stapleline.com\/wp-content\/uploads\/2020\/12\/kittel.jpg\",\"width\":800,\"height\":800},{\"@type\":\"BreadcrumbList\",\"@id\":\"https:\/\/stapleline.com\/produkt\/op-kittel-einweg\/#breadcrumb\",\"itemListElement\":[{\"@type\":\"ListItem\",\"position\":1,\"name\":\"Startseite\",\"item\":\"https:\/\/stapleline.com\/\"},{\"@type\":\"ListItem\",\"position\":2,\"name\":\"Produkte\",\"item\":\"https:\/\/stapleline.com\/produkte\/\"},{\"@type\":\"ListItem\",\"position\":3,\"name\":\"OP-Kittel (Einweg)\"}]},{\"@type\":\"WebSite\",\"@id\":\"https:\/\/stapleline.com\/en\/#website\",\"url\":\"https:\/\/stapleline.com\/en\/\",\"name\":\"Stapleline Medizintechnik GmbH\",\"description\":\"\",\"publisher\":{\"@id\":\"https:\/\/stapleline.com\/en\/#organization\"},\"potentialAction\":[{\"@type\":\"SearchAction\",\"target\":{\"@type\":\"EntryPoint\",\"urlTemplate\":\"https:\/\/stapleline.com\/en\/?s={search_term_string}\"},\"query-input\":{\"@type\":\"PropertyValueSpecification\",\"valueRequired\":true,\"valueName\":\"search_term_string\"}}],\"inLanguage\":\"es\"},{\"@type\":\"Organization\",\"@id\":\"https:\/\/stapleline.com\/en\/#organization\",\"name\":\"Stapleline Medizintechnik GmbH\",\"url\":\"https:\/\/stapleline.com\/en\/\",\"logo\":{\"@type\":\"ImageObject\",\"inLanguage\":\"es\",\"@id\":\"https:\/\/stapleline.com\/en\/#\/schema\/logo\/image\/\",\"url\":\"https:\/\/stapleline.com\/wp-content\/uploads\/2019\/08\/logo-stapleline.png\",\"contentUrl\":\"https:\/\/stapleline.com\/wp-content\/uploads\/2019\/08\/logo-stapleline.png\",\"width\":500,\"height\":184,\"caption\":\"Stapleline Medizintechnik GmbH\"},\"image\":{\"@id\":\"https:\/\/stapleline.com\/en\/#\/schema\/logo\/image\/\"}}]}<\/script>\n<!-- \/ Yoast SEO plugin. -->","yoast_head_json":{"title":"OP-Kittel (Einweg) - Stapleline Medizintechnik GmbH","robots":{"index":"index","follow":"follow","max-snippet":"max-snippet:-1","max-image-preview":"max-image-preview:large","max-video-preview":"max-video-preview:-1"},"canonical":"https:\/\/stapleline.com\/produkt\/op-kittel-einweg\/","og_locale":"es_ES","og_type":"article","og_title":"OP-Kittel (Einweg) - Stapleline Medizintechnik GmbH","og_description":"Der Operationskittel ist aus einem leichten, zweilagigen Vliesstoff gen\u00e4ht und besitzt an den Handgelenken elastische N\u00e4hte, um einen maximalen Tragekomfort zu gew\u00e4hrleisten. Auf diese Weise umschlie\u00dft der \u00c4rmel das Handgelenk des Tr\u00e4gers\/ der Tr\u00e4gerin vollst\u00e4ndig und liegt auf der Haut auf.  Einsetzbar im medizinischen Bereich, in Krankenh\u00e4usern und Arztpraxen. Das Tragen des Kittels verringert das Risiko der Kontamination des Patienten in sterilen Operationsr\u00e4umen.  Der OP-Kittel ist 120 cm lang und 140 cm weit (XL) und bietet dadurch uneingeschr\u00e4nkte Bewegungsfreiheit.  CE zertifiziert, EN ISO 13485:2003 zertifiziert, EN ISO 13795 zertifiziert","og_url":"https:\/\/stapleline.com\/produkt\/op-kittel-einweg\/","og_site_name":"Stapleline Medizintechnik GmbH","article_modified_time":"2020-12-07T19:43:25+00:00","og_image":[{"width":800,"height":800,"url":"https:\/\/stapleline.com\/wp-content\/uploads\/2020\/12\/kittel.jpg","type":"image\/jpeg"}],"twitter_card":"summary_large_image","schema":{"@context":"https:\/\/schema.org","@graph":[{"@type":"WebPage","@id":"https:\/\/stapleline.com\/produkt\/op-kittel-einweg\/","url":"https:\/\/stapleline.com\/produkt\/op-kittel-einweg\/","name":"OP-Kittel (Einweg) - Stapleline Medizintechnik GmbH","isPartOf":{"@id":"https:\/\/stapleline.com\/en\/#website"},"primaryImageOfPage":{"@id":"https:\/\/stapleline.com\/produkt\/op-kittel-einweg\/#primaryimage"},"image":{"@id":"https:\/\/stapleline.com\/produkt\/op-kittel-einweg\/#primaryimage"},"thumbnailUrl":"https:\/\/stapleline.com\/wp-content\/uploads\/2020\/12\/kittel.jpg","datePublished":"2020-12-07T19:41:30+00:00","dateModified":"2020-12-07T19:43:25+00:00","breadcrumb":{"@id":"https:\/\/stapleline.com\/produkt\/op-kittel-einweg\/#breadcrumb"},"inLanguage":"es","potentialAction":[{"@type":"ReadAction","target":["https:\/\/stapleline.com\/produkt\/op-kittel-einweg\/"]}]},{"@type":"ImageObject","inLanguage":"es","@id":"https:\/\/stapleline.com\/produkt\/op-kittel-einweg\/#primaryimage","url":"https:\/\/stapleline.com\/wp-content\/uploads\/2020\/12\/kittel.jpg","contentUrl":"https:\/\/stapleline.com\/wp-content\/uploads\/2020\/12\/kittel.jpg","width":800,"height":800},{"@type":"BreadcrumbList","@id":"https:\/\/stapleline.com\/produkt\/op-kittel-einweg\/#breadcrumb","itemListElement":[{"@type":"ListItem","position":1,"name":"Startseite","item":"https:\/\/stapleline.com\/"},{"@type":"ListItem","position":2,"name":"Produkte","item":"https:\/\/stapleline.com\/produkte\/"},{"@type":"ListItem","position":3,"name":"OP-Kittel (Einweg)"}]},{"@type":"WebSite","@id":"https:\/\/stapleline.com\/en\/#website","url":"https:\/\/stapleline.com\/en\/","name":"Stapleline Medizintechnik GmbH","description":"","publisher":{"@id":"https:\/\/stapleline.com\/en\/#organization"},"potentialAction":[{"@type":"SearchAction","target":{"@type":"EntryPoint","urlTemplate":"https:\/\/stapleline.com\/en\/?s={search_term_string}"},"query-input":{"@type":"PropertyValueSpecification","valueRequired":true,"valueName":"search_term_string"}}],"inLanguage":"es"},{"@type":"Organization","@id":"https:\/\/stapleline.com\/en\/#organization","name":"Stapleline Medizintechnik GmbH","url":"https:\/\/stapleline.com\/en\/","logo":{"@type":"ImageObject","inLanguage":"es","@id":"https:\/\/stapleline.com\/en\/#\/schema\/logo\/image\/","url":"https:\/\/stapleline.com\/wp-content\/uploads\/2019\/08\/logo-stapleline.png","contentUrl":"https:\/\/stapleline.com\/wp-content\/uploads\/2019\/08\/logo-stapleline.png","width":500,"height":184,"caption":"Stapleline Medizintechnik GmbH"},"image":{"@id":"https:\/\/stapleline.com\/en\/#\/schema\/logo\/image\/"}}]}},"_links":{"self":[{"href":"https:\/\/stapleline.com\/es\/wp-json\/wp\/v2\/product\/3715","targetHints":{"allow":["GET"]}}],"collection":[{"href":"https:\/\/stapleline.com\/es\/wp-json\/wp\/v2\/product"}],"about":[{"href":"https:\/\/stapleline.com\/es\/wp-json\/wp\/v2\/types\/product"}],"replies":[{"embeddable":true,"href":"https:\/\/stapleline.com\/es\/wp-json\/wp\/v2\/comments?post=3715"}],"version-history":[{"count":0,"href":"https:\/\/stapleline.com\/es\/wp-json\/wp\/v2\/product\/3715\/revisions"}],"wp:featuredmedia":[{"embeddable":true,"href":"https:\/\/stapleline.com\/es\/wp-json\/wp\/v2\/media\/3717"}],"wp:attachment":[{"href":"https:\/\/stapleline.com\/es\/wp-json\/wp\/v2\/media?parent=3715"}],"wp:term":[{"taxonomy":"product_brand","embeddable":true,"href":"https:\/\/stapleline.com\/es\/wp-json\/wp\/v2\/product_brand?post=3715"},{"taxonomy":"product_cat","embeddable":true,"href":"https:\/\/stapleline.com\/es\/wp-json\/wp\/v2\/product_cat?post=3715"},{"taxonomy":"product_tag","embeddable":true,"href":"https:\/\/stapleline.com\/es\/wp-json\/wp\/v2\/product_tag?post=3715"}],"curies":[{"name":"wp","href":"https:\/\/api.w.org\/{rel}","templated":true}]}}