{"id":3483,"date":"2020-08-28T14:29:14","date_gmt":"2020-08-28T12:29:14","guid":{"rendered":"https:\/\/stapleline.com\/?post_type=product&#038;p=3483"},"modified":"2020-08-28T14:34:41","modified_gmt":"2020-08-28T12:34:41","slug":"removedor-de-piel","status":"publish","type":"product","link":"https:\/\/stapleline.com\/es\/produkt\/removedor-de-piel\/","title":{"rendered":"removedor de piel"},"content":{"rendered":"","protected":false},"excerpt":{"rendered":"<p>Con el removedor de grapas de la piel, las pinzas se pueden quitar f\u00e1cilmente y sin dolor despu\u00e9s de la curaci\u00f3n.<\/p>\n","protected":false},"featured_media":3314,"comment_status":"closed","ping_status":"closed","template":"","meta":{"_acf_changed":false},"product_brand":[],"product_cat":[76,74],"product_tag":[],"class_list":{"0":"post-3483","1":"product","2":"type-product","3":"status-publish","4":"has-post-thumbnail","6":"product_cat-cirugia-abierta","7":"product_cat-productos","9":"first","10":"instock","11":"virtual","12":"purchasable","13":"product-type-simple"},"acf":[],"yoast_head":"<!-- This site is optimized with the Yoast SEO plugin v26.3 - https:\/\/yoast.com\/wordpress\/plugins\/seo\/ -->\n<title>removedor de piel - Stapleline Medizintechnik GmbH<\/title>\n<meta name=\"robots\" content=\"index, follow, max-snippet:-1, max-image-preview:large, max-video-preview:-1\" \/>\n<link rel=\"canonical\" href=\"https:\/\/stapleline.com\/es\/produkt\/removedor-de-piel\/\" \/>\n<meta property=\"og:locale\" content=\"es_ES\" \/>\n<meta property=\"og:type\" content=\"article\" \/>\n<meta property=\"og:title\" content=\"removedor de piel - Stapleline Medizintechnik GmbH\" \/>\n<meta property=\"og:description\" content=\"Con el removedor de grapas de la piel, las pinzas se pueden quitar f\u00e1cilmente y sin dolor despu\u00e9s de la curaci\u00f3n.\" \/>\n<meta property=\"og:url\" content=\"https:\/\/stapleline.com\/es\/produkt\/removedor-de-piel\/\" \/>\n<meta property=\"og:site_name\" content=\"Stapleline Medizintechnik GmbH\" \/>\n<meta property=\"article:modified_time\" content=\"2020-08-28T12:34:41+00:00\" \/>\n<meta property=\"og:image\" content=\"https:\/\/stapleline.com\/wp-content\/uploads\/2019\/02\/skin-stapler-1.jpg\" \/>\n\t<meta property=\"og:image:width\" content=\"1080\" \/>\n\t<meta property=\"og:image:height\" content=\"1080\" \/>\n\t<meta property=\"og:image:type\" content=\"image\/jpeg\" \/>\n<meta name=\"twitter:card\" content=\"summary_large_image\" \/>\n<script type=\"application\/ld+json\" class=\"yoast-schema-graph\">{\"@context\":\"https:\/\/schema.org\",\"@graph\":[{\"@type\":\"WebPage\",\"@id\":\"https:\/\/stapleline.com\/es\/produkt\/removedor-de-piel\/\",\"url\":\"https:\/\/stapleline.com\/es\/produkt\/removedor-de-piel\/\",\"name\":\"removedor de piel - Stapleline Medizintechnik GmbH\",\"isPartOf\":{\"@id\":\"https:\/\/stapleline.com\/en\/#website\"},\"primaryImageOfPage\":{\"@id\":\"https:\/\/stapleline.com\/es\/produkt\/removedor-de-piel\/#primaryimage\"},\"image\":{\"@id\":\"https:\/\/stapleline.com\/es\/produkt\/removedor-de-piel\/#primaryimage\"},\"thumbnailUrl\":\"https:\/\/stapleline.com\/wp-content\/uploads\/2019\/02\/skin-stapler-1.jpg\",\"datePublished\":\"2020-08-28T12:29:14+00:00\",\"dateModified\":\"2020-08-28T12:34:41+00:00\",\"breadcrumb\":{\"@id\":\"https:\/\/stapleline.com\/es\/produkt\/removedor-de-piel\/#breadcrumb\"},\"inLanguage\":\"es\",\"potentialAction\":[{\"@type\":\"ReadAction\",\"target\":[\"https:\/\/stapleline.com\/es\/produkt\/removedor-de-piel\/\"]}]},{\"@type\":\"ImageObject\",\"inLanguage\":\"es\",\"@id\":\"https:\/\/stapleline.com\/es\/produkt\/removedor-de-piel\/#primaryimage\",\"url\":\"https:\/\/stapleline.com\/wp-content\/uploads\/2019\/02\/skin-stapler-1.jpg\",\"contentUrl\":\"https:\/\/stapleline.com\/wp-content\/uploads\/2019\/02\/skin-stapler-1.jpg\",\"width\":1080,\"height\":1080},{\"@type\":\"BreadcrumbList\",\"@id\":\"https:\/\/stapleline.com\/es\/produkt\/removedor-de-piel\/#breadcrumb\",\"itemListElement\":[{\"@type\":\"ListItem\",\"position\":1,\"name\":\"Startseite\",\"item\":\"https:\/\/stapleline.com\/\"},{\"@type\":\"ListItem\",\"position\":2,\"name\":\"Produkte\",\"item\":\"https:\/\/stapleline.com\/produkte\/\"},{\"@type\":\"ListItem\",\"position\":3,\"name\":\"removedor de piel\"}]},{\"@type\":\"WebSite\",\"@id\":\"https:\/\/stapleline.com\/en\/#website\",\"url\":\"https:\/\/stapleline.com\/en\/\",\"name\":\"Stapleline Medizintechnik GmbH\",\"description\":\"\",\"publisher\":{\"@id\":\"https:\/\/stapleline.com\/en\/#organization\"},\"potentialAction\":[{\"@type\":\"SearchAction\",\"target\":{\"@type\":\"EntryPoint\",\"urlTemplate\":\"https:\/\/stapleline.com\/en\/?s={search_term_string}\"},\"query-input\":{\"@type\":\"PropertyValueSpecification\",\"valueRequired\":true,\"valueName\":\"search_term_string\"}}],\"inLanguage\":\"es\"},{\"@type\":\"Organization\",\"@id\":\"https:\/\/stapleline.com\/en\/#organization\",\"name\":\"Stapleline Medizintechnik GmbH\",\"url\":\"https:\/\/stapleline.com\/en\/\",\"logo\":{\"@type\":\"ImageObject\",\"inLanguage\":\"es\",\"@id\":\"https:\/\/stapleline.com\/en\/#\/schema\/logo\/image\/\",\"url\":\"https:\/\/stapleline.com\/wp-content\/uploads\/2019\/08\/logo-stapleline.png\",\"contentUrl\":\"https:\/\/stapleline.com\/wp-content\/uploads\/2019\/08\/logo-stapleline.png\",\"width\":500,\"height\":184,\"caption\":\"Stapleline Medizintechnik GmbH\"},\"image\":{\"@id\":\"https:\/\/stapleline.com\/en\/#\/schema\/logo\/image\/\"}}]}<\/script>\n<!-- \/ Yoast SEO plugin. -->","yoast_head_json":{"title":"removedor de piel - Stapleline Medizintechnik GmbH","robots":{"index":"index","follow":"follow","max-snippet":"max-snippet:-1","max-image-preview":"max-image-preview:large","max-video-preview":"max-video-preview:-1"},"canonical":"https:\/\/stapleline.com\/es\/produkt\/removedor-de-piel\/","og_locale":"es_ES","og_type":"article","og_title":"removedor de piel - Stapleline Medizintechnik GmbH","og_description":"Con el removedor de grapas de la piel, las pinzas se pueden quitar f\u00e1cilmente y sin dolor despu\u00e9s de la curaci\u00f3n.","og_url":"https:\/\/stapleline.com\/es\/produkt\/removedor-de-piel\/","og_site_name":"Stapleline Medizintechnik GmbH","article_modified_time":"2020-08-28T12:34:41+00:00","og_image":[{"width":1080,"height":1080,"url":"https:\/\/stapleline.com\/wp-content\/uploads\/2019\/02\/skin-stapler-1.jpg","type":"image\/jpeg"}],"twitter_card":"summary_large_image","schema":{"@context":"https:\/\/schema.org","@graph":[{"@type":"WebPage","@id":"https:\/\/stapleline.com\/es\/produkt\/removedor-de-piel\/","url":"https:\/\/stapleline.com\/es\/produkt\/removedor-de-piel\/","name":"removedor de piel - Stapleline Medizintechnik GmbH","isPartOf":{"@id":"https:\/\/stapleline.com\/en\/#website"},"primaryImageOfPage":{"@id":"https:\/\/stapleline.com\/es\/produkt\/removedor-de-piel\/#primaryimage"},"image":{"@id":"https:\/\/stapleline.com\/es\/produkt\/removedor-de-piel\/#primaryimage"},"thumbnailUrl":"https:\/\/stapleline.com\/wp-content\/uploads\/2019\/02\/skin-stapler-1.jpg","datePublished":"2020-08-28T12:29:14+00:00","dateModified":"2020-08-28T12:34:41+00:00","breadcrumb":{"@id":"https:\/\/stapleline.com\/es\/produkt\/removedor-de-piel\/#breadcrumb"},"inLanguage":"es","potentialAction":[{"@type":"ReadAction","target":["https:\/\/stapleline.com\/es\/produkt\/removedor-de-piel\/"]}]},{"@type":"ImageObject","inLanguage":"es","@id":"https:\/\/stapleline.com\/es\/produkt\/removedor-de-piel\/#primaryimage","url":"https:\/\/stapleline.com\/wp-content\/uploads\/2019\/02\/skin-stapler-1.jpg","contentUrl":"https:\/\/stapleline.com\/wp-content\/uploads\/2019\/02\/skin-stapler-1.jpg","width":1080,"height":1080},{"@type":"BreadcrumbList","@id":"https:\/\/stapleline.com\/es\/produkt\/removedor-de-piel\/#breadcrumb","itemListElement":[{"@type":"ListItem","position":1,"name":"Startseite","item":"https:\/\/stapleline.com\/"},{"@type":"ListItem","position":2,"name":"Produkte","item":"https:\/\/stapleline.com\/produkte\/"},{"@type":"ListItem","position":3,"name":"removedor de piel"}]},{"@type":"WebSite","@id":"https:\/\/stapleline.com\/en\/#website","url":"https:\/\/stapleline.com\/en\/","name":"Stapleline Medizintechnik GmbH","description":"","publisher":{"@id":"https:\/\/stapleline.com\/en\/#organization"},"potentialAction":[{"@type":"SearchAction","target":{"@type":"EntryPoint","urlTemplate":"https:\/\/stapleline.com\/en\/?s={search_term_string}"},"query-input":{"@type":"PropertyValueSpecification","valueRequired":true,"valueName":"search_term_string"}}],"inLanguage":"es"},{"@type":"Organization","@id":"https:\/\/stapleline.com\/en\/#organization","name":"Stapleline Medizintechnik GmbH","url":"https:\/\/stapleline.com\/en\/","logo":{"@type":"ImageObject","inLanguage":"es","@id":"https:\/\/stapleline.com\/en\/#\/schema\/logo\/image\/","url":"https:\/\/stapleline.com\/wp-content\/uploads\/2019\/08\/logo-stapleline.png","contentUrl":"https:\/\/stapleline.com\/wp-content\/uploads\/2019\/08\/logo-stapleline.png","width":500,"height":184,"caption":"Stapleline Medizintechnik GmbH"},"image":{"@id":"https:\/\/stapleline.com\/en\/#\/schema\/logo\/image\/"}}]}},"_links":{"self":[{"href":"https:\/\/stapleline.com\/es\/wp-json\/wp\/v2\/product\/3483","targetHints":{"allow":["GET"]}}],"collection":[{"href":"https:\/\/stapleline.com\/es\/wp-json\/wp\/v2\/product"}],"about":[{"href":"https:\/\/stapleline.com\/es\/wp-json\/wp\/v2\/types\/product"}],"replies":[{"embeddable":true,"href":"https:\/\/stapleline.com\/es\/wp-json\/wp\/v2\/comments?post=3483"}],"version-history":[{"count":0,"href":"https:\/\/stapleline.com\/es\/wp-json\/wp\/v2\/product\/3483\/revisions"}],"wp:featuredmedia":[{"embeddable":true,"href":"https:\/\/stapleline.com\/es\/wp-json\/wp\/v2\/media\/3314"}],"wp:attachment":[{"href":"https:\/\/stapleline.com\/es\/wp-json\/wp\/v2\/media?parent=3483"}],"wp:term":[{"taxonomy":"product_brand","embeddable":true,"href":"https:\/\/stapleline.com\/es\/wp-json\/wp\/v2\/product_brand?post=3483"},{"taxonomy":"product_cat","embeddable":true,"href":"https:\/\/stapleline.com\/es\/wp-json\/wp\/v2\/product_cat?post=3483"},{"taxonomy":"product_tag","embeddable":true,"href":"https:\/\/stapleline.com\/es\/wp-json\/wp\/v2\/product_tag?post=3483"}],"curies":[{"name":"wp","href":"https:\/\/api.w.org\/{rel}","templated":true}]}}