{"id":2969,"date":"2019-07-18T20:21:07","date_gmt":"2019-07-18T18:21:07","guid":{"rendered":"https:\/\/stapleline.com\/produkt\/aguja-de-veres\/"},"modified":"2020-07-03T14:27:19","modified_gmt":"2020-07-03T12:27:19","slug":"aguja-de-veres","status":"publish","type":"product","link":"https:\/\/stapleline.com\/es\/produkt\/aguja-de-veres\/","title":{"rendered":"Aguja de Veres"},"content":{"rendered":"\t\t<div data-elementor-type=\"product-post\" data-elementor-id=\"2969\" class=\"elementor elementor-2969\" data-elementor-post-type=\"product\">\n\t\t\t\t\t\t<section class=\"elementor-section elementor-top-section elementor-element elementor-element-69821559 elementor-section-boxed elementor-section-height-default elementor-section-height-default\" data-id=\"69821559\" data-element_type=\"section\" data-settings=\"{&quot;background_background&quot;:&quot;classic&quot;}\">\n\t\t\t\t\t\t<div class=\"elementor-container elementor-column-gap-no\">\n\t\t\t\t\t<div class=\"elementor-column elementor-col-100 elementor-top-column elementor-element elementor-element-7ac215bf\" data-id=\"7ac215bf\" data-element_type=\"column\">\n\t\t\t<div class=\"elementor-widget-wrap elementor-element-populated\">\n\t\t\t\t\t\t<div class=\"elementor-element elementor-element-4204cc54 elementor-widget elementor-widget-jet-table\" data-id=\"4204cc54\" data-element_type=\"widget\" data-widget_type=\"jet-table.default\">\n\t\t\t\t<div class=\"elementor-widget-container\">\n\t\t\t\t\t<div class=\"elementor-jet-table jet-elements\">\n\t\t<div class=\"jet-table-wrapper jet-table-responsive-mobile jet-table-responsive-tablet\">\n\t\t\t<table class=\"jet-table jet-table--fa5-compat\">\n\t\t\t\t<thead class=\"jet-table__head\"><tr class=\"jet-table__head-row\"><th class=\"jet-table__cell elementor-repeater-item-d525945 jet-table__head-cell\" scope=\"col\"><div class=\"jet-table__cell-inner\"><div class=\"jet-table__cell-content\"><div class=\"jet-table__cell-text\">N\u00famero de orden<\/div><\/div><\/div><\/th><th class=\"jet-table__cell elementor-repeater-item-d5ae888 jet-table__head-cell\" scope=\"col\"><div class=\"jet-table__cell-inner\"><div class=\"jet-table__cell-content\"><div class=\"jet-table__cell-text\">Descripci\u00f3n<\/div><\/div><\/div><\/th><th class=\"jet-table__cell elementor-repeater-item-0771e96 jet-table__head-cell\" scope=\"col\"><div class=\"jet-table__cell-inner\"><div class=\"jet-table__cell-content\"><div class=\"jet-table__cell-text\">Piezas por PU<\/div><\/div><\/div><\/th><\/tr><\/thead>\n\t\t\t\t\t\t\t\t<tbody class=\"jet-table__body\"><tr class=\"jet-table__body-row elementor-repeater-item-6193191\"><td class=\"jet-table__cell elementor-repeater-item-00d4bcc jet-table__body-cell\"><div class=\"jet-table__cell-inner\"><div class=\"jet-table__cell-content\"><div class=\"jet-table__cell-text\">B04-01-1005<\/div><\/div><\/div><\/td><td class=\"jet-table__cell elementor-repeater-item-66357ea jet-table__body-cell\"><div class=\"jet-table__cell-inner\"><div class=\"jet-table__cell-content\"><div class=\"jet-table__cell-text\">Desechable Aguja de Veres 118mm<\/div><\/div><\/div><\/td><td class=\"jet-table__cell elementor-repeater-item-97927c1 jet-table__body-cell\"><div class=\"jet-table__cell-inner\"><div class=\"jet-table__cell-content\"><div class=\"jet-table__cell-text\">50 pcs.<\/div><\/div><\/div><\/td><\/tr><tr class=\"jet-table__body-row elementor-repeater-item-82d6ec8\"><td class=\"jet-table__cell elementor-repeater-item-85503fd jet-table__body-cell\"><div class=\"jet-table__cell-inner\"><div class=\"jet-table__cell-content\"><div class=\"jet-table__cell-text\">B04-01-1007<\/div><\/div><\/div><\/td><td class=\"jet-table__cell elementor-repeater-item-30cda53 jet-table__body-cell\"><div class=\"jet-table__cell-inner\"><div class=\"jet-table__cell-content\"><div class=\"jet-table__cell-text\">Desechable Aguja de Veres 150mm<\/div><\/div><\/div><\/td><td class=\"jet-table__cell elementor-repeater-item-2dc3e3b jet-table__body-cell\"><div class=\"jet-table__cell-inner\"><div class=\"jet-table__cell-content\"><div class=\"jet-table__cell-text\">50 pcs.<\/div><\/div><\/div><\/td><\/tr><\/tbody>\n\t\t\t<\/table>\n\t\t<\/div>\n\n\t\t<\/div>\t\t\t\t<\/div>\n\t\t\t\t<\/div>\n\t\t\t\t\t<\/div>\n\t\t<\/div>\n\t\t\t\t\t<\/div>\n\t\t<\/section>\n\t\t\t\t<\/div>\n\t\t","protected":false},"excerpt":{"rendered":"<p>La aguja de Veres es una c\u00e1nula desechable est\u00e9ril frecuentemente utilizada para procedimientos m\u00ednimamente invasivos o laparosc\u00f3picos. Tambi\u00e9n se conoce como una c\u00e1nula de insuflaci\u00f3n de gas. Si el cirujano desea aplicar un neumoperitoneo y llenar el abdomen del paciente con di\u00f3xido de carbono, la aguja Veres es el instrumento est\u00e1ndar. El cirujano primero presiona la aguja Veres sobre la pared abdominal para que la tapa protectora no traum\u00e1tica se empuje hacia atr\u00e1s y la aguja hueca y afilada quede expuesta. Si se penetra el peritoneo, la tapa salta autom\u00e1ticamente hacia adelante nuevamente y cubre la punta de la aguja. De esta manera, los \u00f3rganos no pueden lesionarse. Luego, la cavidad peritoneal puede llenarse con di\u00f3xido de carbono para insertar con seguridad los tr\u00f3cares para la \u00f3ptica.<\/p>\n<p>La aguja de Veres est\u00e1 hecha de acero inoxidable quir\u00fargico y tiene una tapa protectora atraum\u00e1tica, un mango ergon\u00f3mico y un resorte flexible. Disponible en diferentes tama\u00f1os.<\/p>\n","protected":false},"featured_media":3331,"comment_status":"closed","ping_status":"closed","template":"","meta":{"_acf_changed":false},"product_brand":[],"product_cat":[75,74],"product_tag":[],"class_list":{"0":"post-2969","1":"product","2":"type-product","3":"status-publish","4":"has-post-thumbnail","6":"product_cat-cirugia-laparoscopica","7":"product_cat-productos","9":"first","10":"instock","11":"virtual","12":"purchasable","13":"product-type-simple"},"acf":[],"yoast_head":"<!-- This site is optimized with the Yoast SEO plugin v26.3 - https:\/\/yoast.com\/wordpress\/plugins\/seo\/ -->\n<title>Aguja de Veres - Stapleline Medizintechnik GmbH<\/title>\n<meta name=\"robots\" content=\"index, follow, max-snippet:-1, max-image-preview:large, max-video-preview:-1\" \/>\n<link rel=\"canonical\" href=\"https:\/\/stapleline.com\/es\/produkt\/aguja-de-veres\/\" \/>\n<meta property=\"og:locale\" content=\"es_ES\" \/>\n<meta property=\"og:type\" content=\"article\" \/>\n<meta property=\"og:title\" content=\"Aguja de Veres - Stapleline Medizintechnik GmbH\" \/>\n<meta property=\"og:description\" content=\"La aguja de Veres es una c\u00e1nula desechable est\u00e9ril frecuentemente utilizada para procedimientos m\u00ednimamente invasivos o laparosc\u00f3picos. Tambi\u00e9n se conoce como una c\u00e1nula de insuflaci\u00f3n de gas. Si el cirujano desea aplicar un neumoperitoneo y llenar el abdomen del paciente con di\u00f3xido de carbono, la aguja Veres es el instrumento est\u00e1ndar. El cirujano primero presiona la aguja Veres sobre la pared abdominal para que la tapa protectora no traum\u00e1tica se empuje hacia atr\u00e1s y la aguja hueca y afilada quede expuesta. Si se penetra el peritoneo, la tapa salta autom\u00e1ticamente hacia adelante nuevamente y cubre la punta de la aguja. De esta manera, los \u00f3rganos no pueden lesionarse. Luego, la cavidad peritoneal puede llenarse con di\u00f3xido de carbono para insertar con seguridad los tr\u00f3cares para la \u00f3ptica.  La aguja de Veres est\u00e1 hecha de acero inoxidable quir\u00fargico y tiene una tapa protectora atraum\u00e1tica, un mango ergon\u00f3mico y un resorte flexible. Disponible en diferentes tama\u00f1os.\" \/>\n<meta property=\"og:url\" content=\"https:\/\/stapleline.com\/es\/produkt\/aguja-de-veres\/\" \/>\n<meta property=\"og:site_name\" content=\"Stapleline Medizintechnik GmbH\" \/>\n<meta property=\"article:modified_time\" content=\"2020-07-03T12:27:19+00:00\" \/>\n<meta property=\"og:image\" content=\"https:\/\/stapleline.com\/wp-content\/uploads\/2019\/07\/Veres-Nadel.jpg\" \/>\n\t<meta property=\"og:image:width\" content=\"1200\" \/>\n\t<meta property=\"og:image:height\" content=\"900\" \/>\n\t<meta property=\"og:image:type\" content=\"image\/jpeg\" \/>\n<meta name=\"twitter:card\" content=\"summary_large_image\" \/>\n<script type=\"application\/ld+json\" class=\"yoast-schema-graph\">{\"@context\":\"https:\/\/schema.org\",\"@graph\":[{\"@type\":\"WebPage\",\"@id\":\"https:\/\/stapleline.com\/es\/produkt\/aguja-de-veres\/\",\"url\":\"https:\/\/stapleline.com\/es\/produkt\/aguja-de-veres\/\",\"name\":\"Aguja de Veres - Stapleline Medizintechnik GmbH\",\"isPartOf\":{\"@id\":\"https:\/\/stapleline.com\/en\/#website\"},\"primaryImageOfPage\":{\"@id\":\"https:\/\/stapleline.com\/es\/produkt\/aguja-de-veres\/#primaryimage\"},\"image\":{\"@id\":\"https:\/\/stapleline.com\/es\/produkt\/aguja-de-veres\/#primaryimage\"},\"thumbnailUrl\":\"https:\/\/stapleline.com\/wp-content\/uploads\/2019\/07\/Veres-Nadel.jpg\",\"datePublished\":\"2019-07-18T18:21:07+00:00\",\"dateModified\":\"2020-07-03T12:27:19+00:00\",\"breadcrumb\":{\"@id\":\"https:\/\/stapleline.com\/es\/produkt\/aguja-de-veres\/#breadcrumb\"},\"inLanguage\":\"es\",\"potentialAction\":[{\"@type\":\"ReadAction\",\"target\":[\"https:\/\/stapleline.com\/es\/produkt\/aguja-de-veres\/\"]}]},{\"@type\":\"ImageObject\",\"inLanguage\":\"es\",\"@id\":\"https:\/\/stapleline.com\/es\/produkt\/aguja-de-veres\/#primaryimage\",\"url\":\"https:\/\/stapleline.com\/wp-content\/uploads\/2019\/07\/Veres-Nadel.jpg\",\"contentUrl\":\"https:\/\/stapleline.com\/wp-content\/uploads\/2019\/07\/Veres-Nadel.jpg\",\"width\":1200,\"height\":900},{\"@type\":\"BreadcrumbList\",\"@id\":\"https:\/\/stapleline.com\/es\/produkt\/aguja-de-veres\/#breadcrumb\",\"itemListElement\":[{\"@type\":\"ListItem\",\"position\":1,\"name\":\"Startseite\",\"item\":\"https:\/\/stapleline.com\/\"},{\"@type\":\"ListItem\",\"position\":2,\"name\":\"Produkte\",\"item\":\"https:\/\/stapleline.com\/produkte\/\"},{\"@type\":\"ListItem\",\"position\":3,\"name\":\"Aguja de Veres\"}]},{\"@type\":\"WebSite\",\"@id\":\"https:\/\/stapleline.com\/en\/#website\",\"url\":\"https:\/\/stapleline.com\/en\/\",\"name\":\"Stapleline Medizintechnik GmbH\",\"description\":\"\",\"publisher\":{\"@id\":\"https:\/\/stapleline.com\/en\/#organization\"},\"potentialAction\":[{\"@type\":\"SearchAction\",\"target\":{\"@type\":\"EntryPoint\",\"urlTemplate\":\"https:\/\/stapleline.com\/en\/?s={search_term_string}\"},\"query-input\":{\"@type\":\"PropertyValueSpecification\",\"valueRequired\":true,\"valueName\":\"search_term_string\"}}],\"inLanguage\":\"es\"},{\"@type\":\"Organization\",\"@id\":\"https:\/\/stapleline.com\/en\/#organization\",\"name\":\"Stapleline Medizintechnik GmbH\",\"url\":\"https:\/\/stapleline.com\/en\/\",\"logo\":{\"@type\":\"ImageObject\",\"inLanguage\":\"es\",\"@id\":\"https:\/\/stapleline.com\/en\/#\/schema\/logo\/image\/\",\"url\":\"https:\/\/stapleline.com\/wp-content\/uploads\/2019\/08\/logo-stapleline.png\",\"contentUrl\":\"https:\/\/stapleline.com\/wp-content\/uploads\/2019\/08\/logo-stapleline.png\",\"width\":500,\"height\":184,\"caption\":\"Stapleline Medizintechnik GmbH\"},\"image\":{\"@id\":\"https:\/\/stapleline.com\/en\/#\/schema\/logo\/image\/\"}}]}<\/script>\n<!-- \/ Yoast SEO plugin. -->","yoast_head_json":{"title":"Aguja de Veres - Stapleline Medizintechnik GmbH","robots":{"index":"index","follow":"follow","max-snippet":"max-snippet:-1","max-image-preview":"max-image-preview:large","max-video-preview":"max-video-preview:-1"},"canonical":"https:\/\/stapleline.com\/es\/produkt\/aguja-de-veres\/","og_locale":"es_ES","og_type":"article","og_title":"Aguja de Veres - Stapleline Medizintechnik GmbH","og_description":"La aguja de Veres es una c\u00e1nula desechable est\u00e9ril frecuentemente utilizada para procedimientos m\u00ednimamente invasivos o laparosc\u00f3picos. Tambi\u00e9n se conoce como una c\u00e1nula de insuflaci\u00f3n de gas. Si el cirujano desea aplicar un neumoperitoneo y llenar el abdomen del paciente con di\u00f3xido de carbono, la aguja Veres es el instrumento est\u00e1ndar. El cirujano primero presiona la aguja Veres sobre la pared abdominal para que la tapa protectora no traum\u00e1tica se empuje hacia atr\u00e1s y la aguja hueca y afilada quede expuesta. Si se penetra el peritoneo, la tapa salta autom\u00e1ticamente hacia adelante nuevamente y cubre la punta de la aguja. De esta manera, los \u00f3rganos no pueden lesionarse. Luego, la cavidad peritoneal puede llenarse con di\u00f3xido de carbono para insertar con seguridad los tr\u00f3cares para la \u00f3ptica.  La aguja de Veres est\u00e1 hecha de acero inoxidable quir\u00fargico y tiene una tapa protectora atraum\u00e1tica, un mango ergon\u00f3mico y un resorte flexible. Disponible en diferentes tama\u00f1os.","og_url":"https:\/\/stapleline.com\/es\/produkt\/aguja-de-veres\/","og_site_name":"Stapleline Medizintechnik GmbH","article_modified_time":"2020-07-03T12:27:19+00:00","og_image":[{"width":1200,"height":900,"url":"https:\/\/stapleline.com\/wp-content\/uploads\/2019\/07\/Veres-Nadel.jpg","type":"image\/jpeg"}],"twitter_card":"summary_large_image","schema":{"@context":"https:\/\/schema.org","@graph":[{"@type":"WebPage","@id":"https:\/\/stapleline.com\/es\/produkt\/aguja-de-veres\/","url":"https:\/\/stapleline.com\/es\/produkt\/aguja-de-veres\/","name":"Aguja de Veres - Stapleline Medizintechnik GmbH","isPartOf":{"@id":"https:\/\/stapleline.com\/en\/#website"},"primaryImageOfPage":{"@id":"https:\/\/stapleline.com\/es\/produkt\/aguja-de-veres\/#primaryimage"},"image":{"@id":"https:\/\/stapleline.com\/es\/produkt\/aguja-de-veres\/#primaryimage"},"thumbnailUrl":"https:\/\/stapleline.com\/wp-content\/uploads\/2019\/07\/Veres-Nadel.jpg","datePublished":"2019-07-18T18:21:07+00:00","dateModified":"2020-07-03T12:27:19+00:00","breadcrumb":{"@id":"https:\/\/stapleline.com\/es\/produkt\/aguja-de-veres\/#breadcrumb"},"inLanguage":"es","potentialAction":[{"@type":"ReadAction","target":["https:\/\/stapleline.com\/es\/produkt\/aguja-de-veres\/"]}]},{"@type":"ImageObject","inLanguage":"es","@id":"https:\/\/stapleline.com\/es\/produkt\/aguja-de-veres\/#primaryimage","url":"https:\/\/stapleline.com\/wp-content\/uploads\/2019\/07\/Veres-Nadel.jpg","contentUrl":"https:\/\/stapleline.com\/wp-content\/uploads\/2019\/07\/Veres-Nadel.jpg","width":1200,"height":900},{"@type":"BreadcrumbList","@id":"https:\/\/stapleline.com\/es\/produkt\/aguja-de-veres\/#breadcrumb","itemListElement":[{"@type":"ListItem","position":1,"name":"Startseite","item":"https:\/\/stapleline.com\/"},{"@type":"ListItem","position":2,"name":"Produkte","item":"https:\/\/stapleline.com\/produkte\/"},{"@type":"ListItem","position":3,"name":"Aguja de Veres"}]},{"@type":"WebSite","@id":"https:\/\/stapleline.com\/en\/#website","url":"https:\/\/stapleline.com\/en\/","name":"Stapleline Medizintechnik GmbH","description":"","publisher":{"@id":"https:\/\/stapleline.com\/en\/#organization"},"potentialAction":[{"@type":"SearchAction","target":{"@type":"EntryPoint","urlTemplate":"https:\/\/stapleline.com\/en\/?s={search_term_string}"},"query-input":{"@type":"PropertyValueSpecification","valueRequired":true,"valueName":"search_term_string"}}],"inLanguage":"es"},{"@type":"Organization","@id":"https:\/\/stapleline.com\/en\/#organization","name":"Stapleline Medizintechnik GmbH","url":"https:\/\/stapleline.com\/en\/","logo":{"@type":"ImageObject","inLanguage":"es","@id":"https:\/\/stapleline.com\/en\/#\/schema\/logo\/image\/","url":"https:\/\/stapleline.com\/wp-content\/uploads\/2019\/08\/logo-stapleline.png","contentUrl":"https:\/\/stapleline.com\/wp-content\/uploads\/2019\/08\/logo-stapleline.png","width":500,"height":184,"caption":"Stapleline Medizintechnik GmbH"},"image":{"@id":"https:\/\/stapleline.com\/en\/#\/schema\/logo\/image\/"}}]}},"_links":{"self":[{"href":"https:\/\/stapleline.com\/es\/wp-json\/wp\/v2\/product\/2969","targetHints":{"allow":["GET"]}}],"collection":[{"href":"https:\/\/stapleline.com\/es\/wp-json\/wp\/v2\/product"}],"about":[{"href":"https:\/\/stapleline.com\/es\/wp-json\/wp\/v2\/types\/product"}],"replies":[{"embeddable":true,"href":"https:\/\/stapleline.com\/es\/wp-json\/wp\/v2\/comments?post=2969"}],"version-history":[{"count":0,"href":"https:\/\/stapleline.com\/es\/wp-json\/wp\/v2\/product\/2969\/revisions"}],"wp:featuredmedia":[{"embeddable":true,"href":"https:\/\/stapleline.com\/es\/wp-json\/wp\/v2\/media\/3331"}],"wp:attachment":[{"href":"https:\/\/stapleline.com\/es\/wp-json\/wp\/v2\/media?parent=2969"}],"wp:term":[{"taxonomy":"product_brand","embeddable":true,"href":"https:\/\/stapleline.com\/es\/wp-json\/wp\/v2\/product_brand?post=2969"},{"taxonomy":"product_cat","embeddable":true,"href":"https:\/\/stapleline.com\/es\/wp-json\/wp\/v2\/product_cat?post=2969"},{"taxonomy":"product_tag","embeddable":true,"href":"https:\/\/stapleline.com\/es\/wp-json\/wp\/v2\/product_tag?post=2969"}],"curies":[{"name":"wp","href":"https:\/\/api.w.org\/{rel}","templated":true}]}}