{"id":2965,"date":"2019-02-25T16:22:41","date_gmt":"2019-02-25T15:22:41","guid":{"rendered":"https:\/\/stapleline.com\/produkt\/trocares\/"},"modified":"2020-07-03T12:57:12","modified_gmt":"2020-07-03T10:57:12","slug":"trocares","status":"publish","type":"product","link":"https:\/\/stapleline.com\/es\/produkt\/trocares\/","title":{"rendered":"Trocares"},"content":{"rendered":"\t\t<div data-elementor-type=\"product-post\" data-elementor-id=\"2965\" class=\"elementor elementor-2965\" data-elementor-post-type=\"product\">\n\t\t\t\t\t\t<section class=\"elementor-section elementor-top-section elementor-element elementor-element-af708aa elementor-section-boxed elementor-section-height-default elementor-section-height-default\" data-id=\"af708aa\" data-element_type=\"section\">\n\t\t\t\t\t\t<div class=\"elementor-container elementor-column-gap-no\">\n\t\t\t\t\t<div class=\"elementor-column elementor-col-100 elementor-top-column elementor-element elementor-element-969795a\" data-id=\"969795a\" data-element_type=\"column\">\n\t\t\t<div class=\"elementor-widget-wrap elementor-element-populated\">\n\t\t\t\t\t\t<div class=\"elementor-element elementor-element-06a91c0 elementor-widget elementor-widget-jet-table\" data-id=\"06a91c0\" data-element_type=\"widget\" data-widget_type=\"jet-table.default\">\n\t\t\t\t<div class=\"elementor-widget-container\">\n\t\t\t\t\t<div class=\"elementor-jet-table jet-elements\">\n\t\t<div class=\"jet-table-wrapper jet-table-responsive-mobile jet-table-responsive-tablet\">\n\t\t\t<table class=\"jet-table jet-table--fa5-compat\">\n\t\t\t\t<thead class=\"jet-table__head\"><tr class=\"jet-table__head-row\"><th class=\"jet-table__cell elementor-repeater-item-d525945 jet-table__head-cell\" scope=\"col\"><div class=\"jet-table__cell-inner\"><div class=\"jet-table__cell-content\"><div class=\"jet-table__cell-text\">N\u00famero de art\u00edculo<\/div><\/div><\/div><\/th><th class=\"jet-table__cell elementor-repeater-item-d5ae888 jet-table__head-cell\" scope=\"col\"><div class=\"jet-table__cell-inner\"><div class=\"jet-table__cell-content\"><div class=\"jet-table__cell-text\">Descripci\u00f3n<\/div><\/div><\/div><\/th><th class=\"jet-table__cell elementor-repeater-item-f783b0c jet-table__head-cell\" scope=\"col\"><div class=\"jet-table__cell-inner\"><div class=\"jet-table__cell-content\"><div class=\"jet-table__cell-text\">Talla<\/div><\/div><\/div><\/th><\/tr><\/thead>\n\t\t\t\t\t\t\t\t<tbody class=\"jet-table__body\"><tr class=\"jet-table__body-row elementor-repeater-item-6193191\"><td class=\"jet-table__cell elementor-repeater-item-00d4bcc jet-table__body-cell\"><div class=\"jet-table__cell-inner\"><div class=\"jet-table__cell-content\"><div class=\"jet-table__cell-text\">FSTD05100<\/div><\/div><\/div><\/td><td class=\"jet-table__cell elementor-repeater-item-66357ea jet-table__body-cell\"><div class=\"jet-table__cell-inner\"><div class=\"jet-table__cell-content\"><div class=\"jet-table__cell-text\">Trocares de bloqueo autom\u00e1tico<\/div><\/div><\/div><\/td><td class=\"jet-table__cell elementor-repeater-item-3018158 jet-table__body-cell\"><div class=\"jet-table__cell-inner\"><div class=\"jet-table__cell-content\"><div class=\"jet-table__cell-text\">5mm\/10cm<\/div><\/div><\/div><\/td><\/tr><tr class=\"jet-table__body-row elementor-repeater-item-82d6ec8\"><td class=\"jet-table__cell elementor-repeater-item-85503fd jet-table__body-cell\"><div class=\"jet-table__cell-inner\"><div class=\"jet-table__cell-content\"><div class=\"jet-table__cell-text\">FSTD10100<\/div><\/div><\/div><\/td><td class=\"jet-table__cell elementor-repeater-item-30cda53 jet-table__body-cell\"><div class=\"jet-table__cell-inner\"><div class=\"jet-table__cell-content\"><div class=\"jet-table__cell-text\">Trocares de bloqueo autom\u00e1tico<\/div><\/div><\/div><\/td><td class=\"jet-table__cell elementor-repeater-item-73e6296 jet-table__body-cell\"><div class=\"jet-table__cell-inner\"><div class=\"jet-table__cell-content\"><div class=\"jet-table__cell-text\">10mm\/10cm<\/div><\/div><\/div><\/td><\/tr><tr class=\"jet-table__body-row elementor-repeater-item-7f24747\"><td class=\"jet-table__cell elementor-repeater-item-463e089 jet-table__body-cell\"><div class=\"jet-table__cell-inner\"><div class=\"jet-table__cell-content\"><div class=\"jet-table__cell-text\"><p>FSTD12150<\/p>\r\n<\/div><\/div><\/div><\/td><td class=\"jet-table__cell elementor-repeater-item-5fe55b9 jet-table__body-cell\"><div class=\"jet-table__cell-inner\"><div class=\"jet-table__cell-content\"><div class=\"jet-table__cell-text\">Trocares de bloqueo autom\u00e1tico<\/div><\/div><\/div><\/td><td class=\"jet-table__cell elementor-repeater-item-d30287d jet-table__body-cell\"><div class=\"jet-table__cell-inner\"><div class=\"jet-table__cell-content\"><div class=\"jet-table__cell-text\">12mm\/15cm<\/div><\/div><\/div><\/td><\/tr><\/tbody>\n\t\t\t<\/table>\n\t\t<\/div>\n\n\t\t<\/div>\t\t\t\t<\/div>\n\t\t\t\t<\/div>\n\t\t\t\t\t<\/div>\n\t\t<\/div>\n\t\t\t\t\t<\/div>\n\t\t<\/section>\n\t\t\t\t<\/div>\n\t\t","protected":false},"excerpt":{"rendered":"<p>Stapleline ofrece diferentes tipos de tr\u00f3cares desechables: los tr\u00f3cares \u00f3pticos permiten identificar claramente el tejido durante la inserci\u00f3n, lo que permite al cirujano un acceso seguro a la cavidad abdominal. Los tr\u00f3cares sin cuchilla son adecuados para un procedimiento que es suave con la fascia y el tejido y que requiere cerrar menos fascias. Adem\u00e1s, los tr\u00f3cares sin cuchillas son adecuados para fijarse en la pared abdominal. Los tr\u00f3cares con una cuchilla protegida tambi\u00e9n est\u00e1n disponibles.<\/p>\n","protected":false},"featured_media":3321,"comment_status":"closed","ping_status":"closed","template":"","meta":{"_acf_changed":false},"product_brand":[],"product_cat":[75,74],"product_tag":[],"class_list":{"0":"post-2965","1":"product","2":"type-product","3":"status-publish","4":"has-post-thumbnail","6":"product_cat-cirugia-laparoscopica","7":"product_cat-productos","9":"first","10":"instock","11":"virtual","12":"purchasable","13":"product-type-simple"},"acf":[],"yoast_head":"<!-- This site is optimized with the Yoast SEO plugin v26.3 - https:\/\/yoast.com\/wordpress\/plugins\/seo\/ -->\n<title>Trocares - Stapleline Medizintechnik GmbH<\/title>\n<meta name=\"robots\" content=\"index, follow, max-snippet:-1, max-image-preview:large, max-video-preview:-1\" \/>\n<link rel=\"canonical\" href=\"https:\/\/stapleline.com\/es\/produkt\/trocares\/\" \/>\n<meta property=\"og:locale\" content=\"es_ES\" \/>\n<meta property=\"og:type\" content=\"article\" \/>\n<meta property=\"og:title\" content=\"Trocares - Stapleline Medizintechnik GmbH\" \/>\n<meta property=\"og:description\" content=\"Stapleline ofrece diferentes tipos de tr\u00f3cares desechables: los tr\u00f3cares \u00f3pticos permiten identificar claramente el tejido durante la inserci\u00f3n, lo que permite al cirujano un acceso seguro a la cavidad abdominal. Los tr\u00f3cares sin cuchilla son adecuados para un procedimiento que es suave con la fascia y el tejido y que requiere cerrar menos fascias. Adem\u00e1s, los tr\u00f3cares sin cuchillas son adecuados para fijarse en la pared abdominal. Los tr\u00f3cares con una cuchilla protegida tambi\u00e9n est\u00e1n disponibles.\" \/>\n<meta property=\"og:url\" content=\"https:\/\/stapleline.com\/es\/produkt\/trocares\/\" \/>\n<meta property=\"og:site_name\" content=\"Stapleline Medizintechnik GmbH\" \/>\n<meta property=\"article:modified_time\" content=\"2020-07-03T10:57:12+00:00\" \/>\n<meta property=\"og:image\" content=\"https:\/\/stapleline.com\/wp-content\/uploads\/2019\/02\/Trokar-1.jpg\" \/>\n\t<meta property=\"og:image:width\" content=\"1200\" \/>\n\t<meta property=\"og:image:height\" content=\"900\" \/>\n\t<meta property=\"og:image:type\" content=\"image\/jpeg\" \/>\n<meta name=\"twitter:card\" content=\"summary_large_image\" \/>\n<script type=\"application\/ld+json\" class=\"yoast-schema-graph\">{\"@context\":\"https:\/\/schema.org\",\"@graph\":[{\"@type\":\"WebPage\",\"@id\":\"https:\/\/stapleline.com\/es\/produkt\/trocares\/\",\"url\":\"https:\/\/stapleline.com\/es\/produkt\/trocares\/\",\"name\":\"Trocares - Stapleline Medizintechnik GmbH\",\"isPartOf\":{\"@id\":\"https:\/\/stapleline.com\/en\/#website\"},\"primaryImageOfPage\":{\"@id\":\"https:\/\/stapleline.com\/es\/produkt\/trocares\/#primaryimage\"},\"image\":{\"@id\":\"https:\/\/stapleline.com\/es\/produkt\/trocares\/#primaryimage\"},\"thumbnailUrl\":\"https:\/\/stapleline.com\/wp-content\/uploads\/2019\/02\/Trokar-1.jpg\",\"datePublished\":\"2019-02-25T15:22:41+00:00\",\"dateModified\":\"2020-07-03T10:57:12+00:00\",\"breadcrumb\":{\"@id\":\"https:\/\/stapleline.com\/es\/produkt\/trocares\/#breadcrumb\"},\"inLanguage\":\"es\",\"potentialAction\":[{\"@type\":\"ReadAction\",\"target\":[\"https:\/\/stapleline.com\/es\/produkt\/trocares\/\"]}]},{\"@type\":\"ImageObject\",\"inLanguage\":\"es\",\"@id\":\"https:\/\/stapleline.com\/es\/produkt\/trocares\/#primaryimage\",\"url\":\"https:\/\/stapleline.com\/wp-content\/uploads\/2019\/02\/Trokar-1.jpg\",\"contentUrl\":\"https:\/\/stapleline.com\/wp-content\/uploads\/2019\/02\/Trokar-1.jpg\",\"width\":1200,\"height\":900},{\"@type\":\"BreadcrumbList\",\"@id\":\"https:\/\/stapleline.com\/es\/produkt\/trocares\/#breadcrumb\",\"itemListElement\":[{\"@type\":\"ListItem\",\"position\":1,\"name\":\"Startseite\",\"item\":\"https:\/\/stapleline.com\/\"},{\"@type\":\"ListItem\",\"position\":2,\"name\":\"Produkte\",\"item\":\"https:\/\/stapleline.com\/produkte\/\"},{\"@type\":\"ListItem\",\"position\":3,\"name\":\"Trocares\"}]},{\"@type\":\"WebSite\",\"@id\":\"https:\/\/stapleline.com\/en\/#website\",\"url\":\"https:\/\/stapleline.com\/en\/\",\"name\":\"Stapleline Medizintechnik GmbH\",\"description\":\"\",\"publisher\":{\"@id\":\"https:\/\/stapleline.com\/en\/#organization\"},\"potentialAction\":[{\"@type\":\"SearchAction\",\"target\":{\"@type\":\"EntryPoint\",\"urlTemplate\":\"https:\/\/stapleline.com\/en\/?s={search_term_string}\"},\"query-input\":{\"@type\":\"PropertyValueSpecification\",\"valueRequired\":true,\"valueName\":\"search_term_string\"}}],\"inLanguage\":\"es\"},{\"@type\":\"Organization\",\"@id\":\"https:\/\/stapleline.com\/en\/#organization\",\"name\":\"Stapleline Medizintechnik GmbH\",\"url\":\"https:\/\/stapleline.com\/en\/\",\"logo\":{\"@type\":\"ImageObject\",\"inLanguage\":\"es\",\"@id\":\"https:\/\/stapleline.com\/en\/#\/schema\/logo\/image\/\",\"url\":\"https:\/\/stapleline.com\/wp-content\/uploads\/2019\/08\/logo-stapleline.png\",\"contentUrl\":\"https:\/\/stapleline.com\/wp-content\/uploads\/2019\/08\/logo-stapleline.png\",\"width\":500,\"height\":184,\"caption\":\"Stapleline Medizintechnik GmbH\"},\"image\":{\"@id\":\"https:\/\/stapleline.com\/en\/#\/schema\/logo\/image\/\"}}]}<\/script>\n<!-- \/ Yoast SEO plugin. -->","yoast_head_json":{"title":"Trocares - Stapleline Medizintechnik GmbH","robots":{"index":"index","follow":"follow","max-snippet":"max-snippet:-1","max-image-preview":"max-image-preview:large","max-video-preview":"max-video-preview:-1"},"canonical":"https:\/\/stapleline.com\/es\/produkt\/trocares\/","og_locale":"es_ES","og_type":"article","og_title":"Trocares - Stapleline Medizintechnik GmbH","og_description":"Stapleline ofrece diferentes tipos de tr\u00f3cares desechables: los tr\u00f3cares \u00f3pticos permiten identificar claramente el tejido durante la inserci\u00f3n, lo que permite al cirujano un acceso seguro a la cavidad abdominal. Los tr\u00f3cares sin cuchilla son adecuados para un procedimiento que es suave con la fascia y el tejido y que requiere cerrar menos fascias. Adem\u00e1s, los tr\u00f3cares sin cuchillas son adecuados para fijarse en la pared abdominal. Los tr\u00f3cares con una cuchilla protegida tambi\u00e9n est\u00e1n disponibles.","og_url":"https:\/\/stapleline.com\/es\/produkt\/trocares\/","og_site_name":"Stapleline Medizintechnik GmbH","article_modified_time":"2020-07-03T10:57:12+00:00","og_image":[{"width":1200,"height":900,"url":"https:\/\/stapleline.com\/wp-content\/uploads\/2019\/02\/Trokar-1.jpg","type":"image\/jpeg"}],"twitter_card":"summary_large_image","schema":{"@context":"https:\/\/schema.org","@graph":[{"@type":"WebPage","@id":"https:\/\/stapleline.com\/es\/produkt\/trocares\/","url":"https:\/\/stapleline.com\/es\/produkt\/trocares\/","name":"Trocares - Stapleline Medizintechnik GmbH","isPartOf":{"@id":"https:\/\/stapleline.com\/en\/#website"},"primaryImageOfPage":{"@id":"https:\/\/stapleline.com\/es\/produkt\/trocares\/#primaryimage"},"image":{"@id":"https:\/\/stapleline.com\/es\/produkt\/trocares\/#primaryimage"},"thumbnailUrl":"https:\/\/stapleline.com\/wp-content\/uploads\/2019\/02\/Trokar-1.jpg","datePublished":"2019-02-25T15:22:41+00:00","dateModified":"2020-07-03T10:57:12+00:00","breadcrumb":{"@id":"https:\/\/stapleline.com\/es\/produkt\/trocares\/#breadcrumb"},"inLanguage":"es","potentialAction":[{"@type":"ReadAction","target":["https:\/\/stapleline.com\/es\/produkt\/trocares\/"]}]},{"@type":"ImageObject","inLanguage":"es","@id":"https:\/\/stapleline.com\/es\/produkt\/trocares\/#primaryimage","url":"https:\/\/stapleline.com\/wp-content\/uploads\/2019\/02\/Trokar-1.jpg","contentUrl":"https:\/\/stapleline.com\/wp-content\/uploads\/2019\/02\/Trokar-1.jpg","width":1200,"height":900},{"@type":"BreadcrumbList","@id":"https:\/\/stapleline.com\/es\/produkt\/trocares\/#breadcrumb","itemListElement":[{"@type":"ListItem","position":1,"name":"Startseite","item":"https:\/\/stapleline.com\/"},{"@type":"ListItem","position":2,"name":"Produkte","item":"https:\/\/stapleline.com\/produkte\/"},{"@type":"ListItem","position":3,"name":"Trocares"}]},{"@type":"WebSite","@id":"https:\/\/stapleline.com\/en\/#website","url":"https:\/\/stapleline.com\/en\/","name":"Stapleline Medizintechnik GmbH","description":"","publisher":{"@id":"https:\/\/stapleline.com\/en\/#organization"},"potentialAction":[{"@type":"SearchAction","target":{"@type":"EntryPoint","urlTemplate":"https:\/\/stapleline.com\/en\/?s={search_term_string}"},"query-input":{"@type":"PropertyValueSpecification","valueRequired":true,"valueName":"search_term_string"}}],"inLanguage":"es"},{"@type":"Organization","@id":"https:\/\/stapleline.com\/en\/#organization","name":"Stapleline Medizintechnik GmbH","url":"https:\/\/stapleline.com\/en\/","logo":{"@type":"ImageObject","inLanguage":"es","@id":"https:\/\/stapleline.com\/en\/#\/schema\/logo\/image\/","url":"https:\/\/stapleline.com\/wp-content\/uploads\/2019\/08\/logo-stapleline.png","contentUrl":"https:\/\/stapleline.com\/wp-content\/uploads\/2019\/08\/logo-stapleline.png","width":500,"height":184,"caption":"Stapleline Medizintechnik GmbH"},"image":{"@id":"https:\/\/stapleline.com\/en\/#\/schema\/logo\/image\/"}}]}},"_links":{"self":[{"href":"https:\/\/stapleline.com\/es\/wp-json\/wp\/v2\/product\/2965","targetHints":{"allow":["GET"]}}],"collection":[{"href":"https:\/\/stapleline.com\/es\/wp-json\/wp\/v2\/product"}],"about":[{"href":"https:\/\/stapleline.com\/es\/wp-json\/wp\/v2\/types\/product"}],"replies":[{"embeddable":true,"href":"https:\/\/stapleline.com\/es\/wp-json\/wp\/v2\/comments?post=2965"}],"version-history":[{"count":0,"href":"https:\/\/stapleline.com\/es\/wp-json\/wp\/v2\/product\/2965\/revisions"}],"wp:featuredmedia":[{"embeddable":true,"href":"https:\/\/stapleline.com\/es\/wp-json\/wp\/v2\/media\/3321"}],"wp:attachment":[{"href":"https:\/\/stapleline.com\/es\/wp-json\/wp\/v2\/media?parent=2965"}],"wp:term":[{"taxonomy":"product_brand","embeddable":true,"href":"https:\/\/stapleline.com\/es\/wp-json\/wp\/v2\/product_brand?post=2965"},{"taxonomy":"product_cat","embeddable":true,"href":"https:\/\/stapleline.com\/es\/wp-json\/wp\/v2\/product_cat?post=2965"},{"taxonomy":"product_tag","embeddable":true,"href":"https:\/\/stapleline.com\/es\/wp-json\/wp\/v2\/product_tag?post=2965"}],"curies":[{"name":"wp","href":"https:\/\/api.w.org\/{rel}","templated":true}]}}