{"id":2956,"date":"2019-07-18T17:24:51","date_gmt":"2019-07-18T15:24:51","guid":{"rendered":"https:\/\/stapleline.com\/produkt\/sigmolux\/"},"modified":"2021-06-16T20:18:58","modified_gmt":"2021-06-16T18:18:58","slug":"sigmolux","status":"publish","type":"product","link":"https:\/\/stapleline.com\/es\/produkt\/sigmolux\/","title":{"rendered":"Sigmolux \u2013 Sigmoidoscopio auto-luminoso"},"content":{"rendered":"\t\t<div data-elementor-type=\"product-post\" data-elementor-id=\"2956\" class=\"elementor elementor-2956\" data-elementor-post-type=\"product\">\n\t\t\t\t\t\t<section class=\"elementor-section elementor-top-section elementor-element elementor-element-2b9634e elementor-section-boxed elementor-section-height-default elementor-section-height-default\" data-id=\"2b9634e\" data-element_type=\"section\">\n\t\t\t\t\t\t<div class=\"elementor-container elementor-column-gap-no\">\n\t\t\t\t\t<div class=\"elementor-column elementor-col-100 elementor-top-column elementor-element elementor-element-ccb331c\" data-id=\"ccb331c\" data-element_type=\"column\">\n\t\t\t<div class=\"elementor-widget-wrap elementor-element-populated\">\n\t\t\t\t\t\t<div class=\"elementor-element elementor-element-ada348c elementor-widget elementor-widget-jet-table\" data-id=\"ada348c\" data-element_type=\"widget\" data-widget_type=\"jet-table.default\">\n\t\t\t\t<div class=\"elementor-widget-container\">\n\t\t\t\t\t<div class=\"elementor-jet-table jet-elements\">\n\t\t<div class=\"jet-table-wrapper jet-table-responsive-mobile jet-table-responsive-tablet\">\n\t\t\t<table class=\"jet-table jet-table--fa5-compat\">\n\t\t\t\t<thead class=\"jet-table__head\"><tr class=\"jet-table__head-row\"><th class=\"jet-table__cell elementor-repeater-item-d525945 jet-table__head-cell\" scope=\"col\"><div class=\"jet-table__cell-inner\"><div class=\"jet-table__cell-content\"><div class=\"jet-table__cell-text\">N\u00famero de orden<\/div><\/div><\/div><\/th><th class=\"jet-table__cell elementor-repeater-item-bb847fd jet-table__head-cell\" scope=\"col\"><div class=\"jet-table__cell-inner\"><div class=\"jet-table__cell-content\"><div class=\"jet-table__cell-text\">Longitud corporal<\/div><\/div><\/div><\/th><th class=\"jet-table__cell elementor-repeater-item-707993e jet-table__head-cell\" scope=\"col\"><div class=\"jet-table__cell-inner\"><div class=\"jet-table__cell-content\"><div class=\"jet-table__cell-text\">Di\u00e1metro interno<\/div><\/div><\/div><\/th><th class=\"jet-table__cell elementor-repeater-item-8634293 jet-table__head-cell\" scope=\"col\"><div class=\"jet-table__cell-inner\"><div class=\"jet-table__cell-content\"><div class=\"jet-table__cell-text\">Di\u00e1metro externo<\/div><\/div><\/div><\/th><\/tr><\/thead>\n\t\t\t\t\t\t\t\t<tbody class=\"jet-table__body\"><tr class=\"jet-table__body-row elementor-repeater-item-56e727f\"><td class=\"jet-table__cell elementor-repeater-item-0d59846 jet-table__body-cell\"><div class=\"jet-table__cell-inner\"><div class=\"jet-table__cell-content\"><div class=\"jet-table__cell-text\">310078<\/div><\/div><\/div><\/td><td class=\"jet-table__cell elementor-repeater-item-fc299cb jet-table__body-cell\"><div class=\"jet-table__cell-inner\"><div class=\"jet-table__cell-content\"><div class=\"jet-table__cell-text\">210 mm<\/div><\/div><\/div><\/td><td class=\"jet-table__cell elementor-repeater-item-e7d4dc2 jet-table__body-cell\"><div class=\"jet-table__cell-inner\"><div class=\"jet-table__cell-content\"><div class=\"jet-table__cell-text\">15,4 mm<\/div><\/div><\/div><\/td><td class=\"jet-table__cell elementor-repeater-item-0807fe2 jet-table__body-cell\"><div class=\"jet-table__cell-inner\"><div class=\"jet-table__cell-content\"><div class=\"jet-table__cell-text\">19 mm<\/div><\/div><\/div><\/td><\/tr><\/tbody>\n\t\t\t<\/table>\n\t\t<\/div>\n\n\t\t<\/div>\t\t\t\t<\/div>\n\t\t\t\t<\/div>\n\t\t\t\t<div class=\"elementor-element elementor-element-59b19d6 elementor-widget elementor-widget-text-editor\" data-id=\"59b19d6\" data-element_type=\"widget\" data-widget_type=\"text-editor.default\">\n\t\t\t\t<div class=\"elementor-widget-container\">\n\t\t\t\t\t\t\t\t\t<p>Pedido posible a partir de 25 unidades. Los productos son estables durante 3 a\u00f1os.<\/p>\n<p>Producto relacionado: <a href=\"https:\/\/stapleline.com\/es\/produkt\/proctolux\/\">Proctoscopio<\/a><\/p>\n\t\t\t\t\t\t\t\t<\/div>\n\t\t\t\t<\/div>\n\t\t\t\t\t<\/div>\n\t\t<\/div>\n\t\t\t\t\t<\/div>\n\t\t<\/section>\n\t\t\t\t<\/div>\n\t\t","protected":false},"excerpt":{"rendered":"<p>El sigmoidoscopio autoluminiscente simplifica significativamente el examen de la \u00faltima secci\u00f3n del colon para el examinador. Este examen de minima invasi\u00f3n, que a los no m\u00e9dicos tambi\u00e9n les gusta llamar \u00abcolonoscopia peque\u00f1a\u00bb, puede ser decisivo en la detecci\u00f3n del c\u00e1ncer de colon.<\/p>\n<p>Sigmolux es un sistema de sigmoidoscopio aut\u00f3nomo, de alta calidad, inal\u00e1mbrico y autoluminoso que optimiza las condiciones del examen. Durante la sigmoidoscopia, el \u00abSistema de visi\u00f3n clara\u00bb con su cable de luz y lente protegidos proporciona una vista bien iluminada del \u00e1rea de diagn\u00f3stico. El sistema Sigmolux se suministra con un insuflador para insuflar el intestino.<\/p>\n<p>La intensidad de luz m\u00e1xima se alcanza durante al menos 30 minutos. Sigue ardiendo con brillo completo incluso despu\u00e9s de este tiempo. Como instrumento desechable con una fuente de luz premontada, puede evitar la contaminaci\u00f3n cruzada y permite examinar d\u00f3nde lo desee. No se necesitan cables, ni iluminaci\u00f3n adicional ni enchufes. Sigmolux es f\u00e1cil de usar y reduce los costos de mantenimiento y reparaci\u00f3n. Despu\u00e9s de usarse una vez, el dispositivo se puede desechar. Las bater\u00edas montadas en el dispositivo no contienen plomo, mercurio, cadmio o litio.<\/p>\n","protected":false},"featured_media":3326,"comment_status":"closed","ping_status":"closed","template":"","meta":{"_acf_changed":false},"product_brand":[],"product_cat":[77,74],"product_tag":[],"class_list":{"0":"post-2956","1":"product","2":"type-product","3":"status-publish","4":"has-post-thumbnail","6":"product_cat-coloproctologia","7":"product_cat-productos","9":"first","10":"instock","11":"virtual","12":"purchasable","13":"product-type-simple"},"acf":[],"yoast_head":"<!-- This site is optimized with the Yoast SEO plugin v26.3 - https:\/\/yoast.com\/wordpress\/plugins\/seo\/ -->\n<title>Sigmolux \u2013 Sigmoidoscopio auto-luminoso - Stapleline Medizintechnik GmbH<\/title>\n<meta name=\"robots\" content=\"index, follow, max-snippet:-1, max-image-preview:large, max-video-preview:-1\" \/>\n<link rel=\"canonical\" href=\"https:\/\/stapleline.com\/es\/produkt\/sigmolux\/\" \/>\n<meta property=\"og:locale\" content=\"es_ES\" \/>\n<meta property=\"og:type\" content=\"article\" \/>\n<meta property=\"og:title\" content=\"Sigmolux \u2013 Sigmoidoscopio auto-luminoso - Stapleline Medizintechnik GmbH\" \/>\n<meta property=\"og:description\" content=\"El sigmoidoscopio autoluminiscente simplifica significativamente el examen de la \u00faltima secci\u00f3n del colon para el examinador. Este examen de minima invasi\u00f3n, que a los no m\u00e9dicos tambi\u00e9n les gusta llamar &quot;colonoscopia peque\u00f1a&quot;, puede ser decisivo en la detecci\u00f3n del c\u00e1ncer de colon.  Sigmolux es un sistema de sigmoidoscopio aut\u00f3nomo, de alta calidad, inal\u00e1mbrico y autoluminoso que optimiza las condiciones del examen. Durante la sigmoidoscopia, el &quot;Sistema de visi\u00f3n clara&quot; con su cable de luz y lente protegidos proporciona una vista bien iluminada del \u00e1rea de diagn\u00f3stico. El sistema Sigmolux se suministra con un insuflador para insuflar el intestino.  La intensidad de luz m\u00e1xima se alcanza durante al menos 30 minutos. Sigue ardiendo con brillo completo incluso despu\u00e9s de este tiempo. Como instrumento desechable con una fuente de luz premontada, puede evitar la contaminaci\u00f3n cruzada y permite examinar d\u00f3nde lo desee. No se necesitan cables, ni iluminaci\u00f3n adicional ni enchufes. Sigmolux es f\u00e1cil de usar y reduce los costos de mantenimiento y reparaci\u00f3n. Despu\u00e9s de usarse una vez, el dispositivo se puede desechar. Las bater\u00edas montadas en el dispositivo no contienen plomo, mercurio, cadmio o litio.\" \/>\n<meta property=\"og:url\" content=\"https:\/\/stapleline.com\/es\/produkt\/sigmolux\/\" \/>\n<meta property=\"og:site_name\" content=\"Stapleline Medizintechnik GmbH\" \/>\n<meta property=\"article:modified_time\" content=\"2021-06-16T18:18:58+00:00\" \/>\n<meta property=\"og:image\" content=\"https:\/\/stapleline.com\/wp-content\/uploads\/2019\/07\/sigmoidoscope.jpg\" \/>\n\t<meta property=\"og:image:width\" content=\"1080\" \/>\n\t<meta property=\"og:image:height\" content=\"1080\" \/>\n\t<meta property=\"og:image:type\" content=\"image\/jpeg\" \/>\n<meta name=\"twitter:card\" content=\"summary_large_image\" \/>\n<script type=\"application\/ld+json\" class=\"yoast-schema-graph\">{\"@context\":\"https:\/\/schema.org\",\"@graph\":[{\"@type\":\"WebPage\",\"@id\":\"https:\/\/stapleline.com\/es\/produkt\/sigmolux\/\",\"url\":\"https:\/\/stapleline.com\/es\/produkt\/sigmolux\/\",\"name\":\"Sigmolux \u2013 Sigmoidoscopio auto-luminoso - Stapleline Medizintechnik GmbH\",\"isPartOf\":{\"@id\":\"https:\/\/stapleline.com\/en\/#website\"},\"primaryImageOfPage\":{\"@id\":\"https:\/\/stapleline.com\/es\/produkt\/sigmolux\/#primaryimage\"},\"image\":{\"@id\":\"https:\/\/stapleline.com\/es\/produkt\/sigmolux\/#primaryimage\"},\"thumbnailUrl\":\"https:\/\/stapleline.com\/wp-content\/uploads\/2019\/07\/sigmoidoscope.jpg\",\"datePublished\":\"2019-07-18T15:24:51+00:00\",\"dateModified\":\"2021-06-16T18:18:58+00:00\",\"breadcrumb\":{\"@id\":\"https:\/\/stapleline.com\/es\/produkt\/sigmolux\/#breadcrumb\"},\"inLanguage\":\"es\",\"potentialAction\":[{\"@type\":\"ReadAction\",\"target\":[\"https:\/\/stapleline.com\/es\/produkt\/sigmolux\/\"]}]},{\"@type\":\"ImageObject\",\"inLanguage\":\"es\",\"@id\":\"https:\/\/stapleline.com\/es\/produkt\/sigmolux\/#primaryimage\",\"url\":\"https:\/\/stapleline.com\/wp-content\/uploads\/2019\/07\/sigmoidoscope.jpg\",\"contentUrl\":\"https:\/\/stapleline.com\/wp-content\/uploads\/2019\/07\/sigmoidoscope.jpg\",\"width\":1080,\"height\":1080},{\"@type\":\"BreadcrumbList\",\"@id\":\"https:\/\/stapleline.com\/es\/produkt\/sigmolux\/#breadcrumb\",\"itemListElement\":[{\"@type\":\"ListItem\",\"position\":1,\"name\":\"Startseite\",\"item\":\"https:\/\/stapleline.com\/\"},{\"@type\":\"ListItem\",\"position\":2,\"name\":\"Produkte\",\"item\":\"https:\/\/stapleline.com\/produkte\/\"},{\"@type\":\"ListItem\",\"position\":3,\"name\":\"Sigmolux \u2013 Sigmoidoscopio auto-luminoso\"}]},{\"@type\":\"WebSite\",\"@id\":\"https:\/\/stapleline.com\/en\/#website\",\"url\":\"https:\/\/stapleline.com\/en\/\",\"name\":\"Stapleline Medizintechnik GmbH\",\"description\":\"\",\"publisher\":{\"@id\":\"https:\/\/stapleline.com\/en\/#organization\"},\"potentialAction\":[{\"@type\":\"SearchAction\",\"target\":{\"@type\":\"EntryPoint\",\"urlTemplate\":\"https:\/\/stapleline.com\/en\/?s={search_term_string}\"},\"query-input\":{\"@type\":\"PropertyValueSpecification\",\"valueRequired\":true,\"valueName\":\"search_term_string\"}}],\"inLanguage\":\"es\"},{\"@type\":\"Organization\",\"@id\":\"https:\/\/stapleline.com\/en\/#organization\",\"name\":\"Stapleline Medizintechnik GmbH\",\"url\":\"https:\/\/stapleline.com\/en\/\",\"logo\":{\"@type\":\"ImageObject\",\"inLanguage\":\"es\",\"@id\":\"https:\/\/stapleline.com\/en\/#\/schema\/logo\/image\/\",\"url\":\"https:\/\/stapleline.com\/wp-content\/uploads\/2019\/08\/logo-stapleline.png\",\"contentUrl\":\"https:\/\/stapleline.com\/wp-content\/uploads\/2019\/08\/logo-stapleline.png\",\"width\":500,\"height\":184,\"caption\":\"Stapleline Medizintechnik GmbH\"},\"image\":{\"@id\":\"https:\/\/stapleline.com\/en\/#\/schema\/logo\/image\/\"}}]}<\/script>\n<!-- \/ Yoast SEO plugin. -->","yoast_head_json":{"title":"Sigmolux \u2013 Sigmoidoscopio auto-luminoso - Stapleline Medizintechnik GmbH","robots":{"index":"index","follow":"follow","max-snippet":"max-snippet:-1","max-image-preview":"max-image-preview:large","max-video-preview":"max-video-preview:-1"},"canonical":"https:\/\/stapleline.com\/es\/produkt\/sigmolux\/","og_locale":"es_ES","og_type":"article","og_title":"Sigmolux \u2013 Sigmoidoscopio auto-luminoso - Stapleline Medizintechnik GmbH","og_description":"El sigmoidoscopio autoluminiscente simplifica significativamente el examen de la \u00faltima secci\u00f3n del colon para el examinador. Este examen de minima invasi\u00f3n, que a los no m\u00e9dicos tambi\u00e9n les gusta llamar \"colonoscopia peque\u00f1a\", puede ser decisivo en la detecci\u00f3n del c\u00e1ncer de colon.  Sigmolux es un sistema de sigmoidoscopio aut\u00f3nomo, de alta calidad, inal\u00e1mbrico y autoluminoso que optimiza las condiciones del examen. Durante la sigmoidoscopia, el \"Sistema de visi\u00f3n clara\" con su cable de luz y lente protegidos proporciona una vista bien iluminada del \u00e1rea de diagn\u00f3stico. El sistema Sigmolux se suministra con un insuflador para insuflar el intestino.  La intensidad de luz m\u00e1xima se alcanza durante al menos 30 minutos. Sigue ardiendo con brillo completo incluso despu\u00e9s de este tiempo. Como instrumento desechable con una fuente de luz premontada, puede evitar la contaminaci\u00f3n cruzada y permite examinar d\u00f3nde lo desee. No se necesitan cables, ni iluminaci\u00f3n adicional ni enchufes. Sigmolux es f\u00e1cil de usar y reduce los costos de mantenimiento y reparaci\u00f3n. Despu\u00e9s de usarse una vez, el dispositivo se puede desechar. Las bater\u00edas montadas en el dispositivo no contienen plomo, mercurio, cadmio o litio.","og_url":"https:\/\/stapleline.com\/es\/produkt\/sigmolux\/","og_site_name":"Stapleline Medizintechnik GmbH","article_modified_time":"2021-06-16T18:18:58+00:00","og_image":[{"width":1080,"height":1080,"url":"https:\/\/stapleline.com\/wp-content\/uploads\/2019\/07\/sigmoidoscope.jpg","type":"image\/jpeg"}],"twitter_card":"summary_large_image","schema":{"@context":"https:\/\/schema.org","@graph":[{"@type":"WebPage","@id":"https:\/\/stapleline.com\/es\/produkt\/sigmolux\/","url":"https:\/\/stapleline.com\/es\/produkt\/sigmolux\/","name":"Sigmolux \u2013 Sigmoidoscopio auto-luminoso - Stapleline Medizintechnik GmbH","isPartOf":{"@id":"https:\/\/stapleline.com\/en\/#website"},"primaryImageOfPage":{"@id":"https:\/\/stapleline.com\/es\/produkt\/sigmolux\/#primaryimage"},"image":{"@id":"https:\/\/stapleline.com\/es\/produkt\/sigmolux\/#primaryimage"},"thumbnailUrl":"https:\/\/stapleline.com\/wp-content\/uploads\/2019\/07\/sigmoidoscope.jpg","datePublished":"2019-07-18T15:24:51+00:00","dateModified":"2021-06-16T18:18:58+00:00","breadcrumb":{"@id":"https:\/\/stapleline.com\/es\/produkt\/sigmolux\/#breadcrumb"},"inLanguage":"es","potentialAction":[{"@type":"ReadAction","target":["https:\/\/stapleline.com\/es\/produkt\/sigmolux\/"]}]},{"@type":"ImageObject","inLanguage":"es","@id":"https:\/\/stapleline.com\/es\/produkt\/sigmolux\/#primaryimage","url":"https:\/\/stapleline.com\/wp-content\/uploads\/2019\/07\/sigmoidoscope.jpg","contentUrl":"https:\/\/stapleline.com\/wp-content\/uploads\/2019\/07\/sigmoidoscope.jpg","width":1080,"height":1080},{"@type":"BreadcrumbList","@id":"https:\/\/stapleline.com\/es\/produkt\/sigmolux\/#breadcrumb","itemListElement":[{"@type":"ListItem","position":1,"name":"Startseite","item":"https:\/\/stapleline.com\/"},{"@type":"ListItem","position":2,"name":"Produkte","item":"https:\/\/stapleline.com\/produkte\/"},{"@type":"ListItem","position":3,"name":"Sigmolux \u2013 Sigmoidoscopio auto-luminoso"}]},{"@type":"WebSite","@id":"https:\/\/stapleline.com\/en\/#website","url":"https:\/\/stapleline.com\/en\/","name":"Stapleline Medizintechnik GmbH","description":"","publisher":{"@id":"https:\/\/stapleline.com\/en\/#organization"},"potentialAction":[{"@type":"SearchAction","target":{"@type":"EntryPoint","urlTemplate":"https:\/\/stapleline.com\/en\/?s={search_term_string}"},"query-input":{"@type":"PropertyValueSpecification","valueRequired":true,"valueName":"search_term_string"}}],"inLanguage":"es"},{"@type":"Organization","@id":"https:\/\/stapleline.com\/en\/#organization","name":"Stapleline Medizintechnik GmbH","url":"https:\/\/stapleline.com\/en\/","logo":{"@type":"ImageObject","inLanguage":"es","@id":"https:\/\/stapleline.com\/en\/#\/schema\/logo\/image\/","url":"https:\/\/stapleline.com\/wp-content\/uploads\/2019\/08\/logo-stapleline.png","contentUrl":"https:\/\/stapleline.com\/wp-content\/uploads\/2019\/08\/logo-stapleline.png","width":500,"height":184,"caption":"Stapleline Medizintechnik GmbH"},"image":{"@id":"https:\/\/stapleline.com\/en\/#\/schema\/logo\/image\/"}}]}},"_links":{"self":[{"href":"https:\/\/stapleline.com\/es\/wp-json\/wp\/v2\/product\/2956","targetHints":{"allow":["GET"]}}],"collection":[{"href":"https:\/\/stapleline.com\/es\/wp-json\/wp\/v2\/product"}],"about":[{"href":"https:\/\/stapleline.com\/es\/wp-json\/wp\/v2\/types\/product"}],"replies":[{"embeddable":true,"href":"https:\/\/stapleline.com\/es\/wp-json\/wp\/v2\/comments?post=2956"}],"version-history":[{"count":0,"href":"https:\/\/stapleline.com\/es\/wp-json\/wp\/v2\/product\/2956\/revisions"}],"wp:featuredmedia":[{"embeddable":true,"href":"https:\/\/stapleline.com\/es\/wp-json\/wp\/v2\/media\/3326"}],"wp:attachment":[{"href":"https:\/\/stapleline.com\/es\/wp-json\/wp\/v2\/media?parent=2956"}],"wp:term":[{"taxonomy":"product_brand","embeddable":true,"href":"https:\/\/stapleline.com\/es\/wp-json\/wp\/v2\/product_brand?post=2956"},{"taxonomy":"product_cat","embeddable":true,"href":"https:\/\/stapleline.com\/es\/wp-json\/wp\/v2\/product_cat?post=2956"},{"taxonomy":"product_tag","embeddable":true,"href":"https:\/\/stapleline.com\/es\/wp-json\/wp\/v2\/product_tag?post=2956"}],"curies":[{"name":"wp","href":"https:\/\/api.w.org\/{rel}","templated":true}]}}