{"id":2948,"date":"2019-02-25T16:22:28","date_gmt":"2019-02-25T15:22:28","guid":{"rendered":"https:\/\/stapleline.com\/produkt\/dispositivo-de-irrigacion-por-succion\/"},"modified":"2020-09-29T17:55:13","modified_gmt":"2020-09-29T15:55:13","slug":"dispositivo-de-irrigacion-por-succion","status":"publish","type":"product","link":"https:\/\/stapleline.com\/es\/produkt\/dispositivo-de-irrigacion-por-succion\/","title":{"rendered":"Dispositivo de irrigaci\u00f3n por succi\u00f3n"},"content":{"rendered":"\t\t<div data-elementor-type=\"product-post\" data-elementor-id=\"2948\" class=\"elementor elementor-2948\" data-elementor-post-type=\"product\">\n\t\t\t\t\t\t<section class=\"elementor-section elementor-top-section elementor-element elementor-element-c4f16e7 elementor-section-boxed elementor-section-height-default elementor-section-height-default\" data-id=\"c4f16e7\" data-element_type=\"section\">\n\t\t\t\t\t\t<div class=\"elementor-container elementor-column-gap-no\">\n\t\t\t\t\t<div class=\"elementor-column elementor-col-100 elementor-top-column elementor-element elementor-element-16e3423\" data-id=\"16e3423\" data-element_type=\"column\">\n\t\t\t<div class=\"elementor-widget-wrap elementor-element-populated\">\n\t\t\t\t\t\t<div class=\"elementor-element elementor-element-66fce61 elementor-widget elementor-widget-jet-table\" data-id=\"66fce61\" data-element_type=\"widget\" data-widget_type=\"jet-table.default\">\n\t\t\t\t<div class=\"elementor-widget-container\">\n\t\t\t\t\t<div class=\"elementor-jet-table jet-elements\">\n\t\t<div class=\"jet-table-wrapper jet-table-responsive-mobile jet-table-responsive-tablet\">\n\t\t\t<table class=\"jet-table jet-table--fa5-compat\">\n\t\t\t\t<thead class=\"jet-table__head\"><tr class=\"jet-table__head-row\"><th class=\"jet-table__cell elementor-repeater-item-d525945 jet-table__head-cell\" scope=\"col\"><div class=\"jet-table__cell-inner\"><div class=\"jet-table__cell-content\"><div class=\"jet-table__cell-text\">C\u00f3digo de producto<\/div><\/div><\/div><\/th><th class=\"jet-table__cell elementor-repeater-item-e36e01a jet-table__head-cell\" scope=\"col\"><div class=\"jet-table__cell-inner\"><div class=\"jet-table__cell-content\"><div class=\"jet-table__cell-text\">N\u00famero de GTIN<\/div><\/div><\/div><\/th><th class=\"jet-table__cell elementor-repeater-item-707993e jet-table__head-cell\" scope=\"col\"><div class=\"jet-table__cell-inner\"><div class=\"jet-table__cell-content\"><div class=\"jet-table__cell-text\">Dimensiones<\/div><\/div><\/div><\/th><th class=\"jet-table__cell elementor-repeater-item-8634293 jet-table__head-cell\" scope=\"col\"><div class=\"jet-table__cell-inner\"><div class=\"jet-table__cell-content\"><div class=\"jet-table__cell-text\">Unidad de empaque<\/div><\/div><\/div><\/th><\/tr><\/thead>\n\t\t\t\t\t\t\t\t<tbody class=\"jet-table__body\"><tr class=\"jet-table__body-row elementor-repeater-item-56e727f\"><td class=\"jet-table__cell elementor-repeater-item-b0b32f4 jet-table__body-cell\"><div class=\"jet-table__cell-inner\"><div class=\"jet-table__cell-content\"><div class=\"jet-table__cell-text\">CX-01<\/div><\/div><\/div><\/td><td class=\"jet-table__cell elementor-repeater-item-120434b jet-table__body-cell\"><div class=\"jet-table__cell-inner\"><div class=\"jet-table__cell-content\"><div class=\"jet-table__cell-text\">4260234160659<\/div><\/div><\/div><\/td><td class=\"jet-table__cell elementor-repeater-item-890276b jet-table__body-cell\"><div class=\"jet-table__cell-inner\"><div class=\"jet-table__cell-content\"><div class=\"jet-table__cell-text\">5 x 230 mm<\/div><\/div><\/div><\/td><td class=\"jet-table__cell elementor-repeater-item-db3177c jet-table__body-cell\"><div class=\"jet-table__cell-inner\"><div class=\"jet-table__cell-content\"><div class=\"jet-table__cell-text\">10<\/div><\/div><\/div><\/td><\/tr><tr class=\"jet-table__body-row elementor-repeater-item-a0e80de\"><td class=\"jet-table__cell elementor-repeater-item-68f56b2 jet-table__body-cell\"><div class=\"jet-table__cell-inner\"><div class=\"jet-table__cell-content\"><div class=\"jet-table__cell-text\">CX-02<\/div><\/div><\/div><\/td><td class=\"jet-table__cell elementor-repeater-item-5a6def5 jet-table__body-cell\"><div class=\"jet-table__cell-inner\"><div class=\"jet-table__cell-content\"><div class=\"jet-table__cell-text\">4260234160666<\/div><\/div><\/div><\/td><td class=\"jet-table__cell elementor-repeater-item-6e3948b jet-table__body-cell\"><div class=\"jet-table__cell-inner\"><div class=\"jet-table__cell-content\"><div class=\"jet-table__cell-text\">5 x 330 mm<\/div><\/div><\/div><\/td><td class=\"jet-table__cell elementor-repeater-item-542390a jet-table__body-cell\"><div class=\"jet-table__cell-inner\"><div class=\"jet-table__cell-content\"><div class=\"jet-table__cell-text\">10<\/div><\/div><\/div><\/td><\/tr><tr class=\"jet-table__body-row elementor-repeater-item-c980cb0\"><td class=\"jet-table__cell elementor-repeater-item-c92e015 jet-table__body-cell\"><div class=\"jet-table__cell-inner\"><div class=\"jet-table__cell-content\"><div class=\"jet-table__cell-text\">CX-03<\/div><\/div><\/div><\/td><td class=\"jet-table__cell elementor-repeater-item-b97067e jet-table__body-cell\"><div class=\"jet-table__cell-inner\"><div class=\"jet-table__cell-content\"><div class=\"jet-table__cell-text\">4260234160673<\/div><\/div><\/div><\/td><td class=\"jet-table__cell elementor-repeater-item-027932c jet-table__body-cell\"><div class=\"jet-table__cell-inner\"><div class=\"jet-table__cell-content\"><div class=\"jet-table__cell-text\">5 x 430 mm<\/div><\/div><\/div><\/td><td class=\"jet-table__cell elementor-repeater-item-a35ec6d jet-table__body-cell\"><div class=\"jet-table__cell-inner\"><div class=\"jet-table__cell-content\"><div class=\"jet-table__cell-text\">10<\/div><\/div><\/div><\/td><\/tr><\/tbody>\n\t\t\t<\/table>\n\t\t<\/div>\n\n\t\t<\/div>\t\t\t\t<\/div>\n\t\t\t\t<\/div>\n\t\t\t\t\t<\/div>\n\t\t<\/div>\n\t\t\t\t\t<\/div>\n\t\t<\/section>\n\t\t\t\t<\/div>\n\t\t","protected":false},"excerpt":{"rendered":"<p>Stapleline ofrece este juego de irrigaci\u00f3n por succi\u00f3n para operaciones laparosc\u00f3picas que requieren irrigaci\u00f3n o succi\u00f3n. Los procedimientos laparosc\u00f3picos libres de problemas funcionan bien si la cavidad abdominal permanece libre de l\u00edquidos, residuos de tejidos y sangre y el cirujano dispone de un campo amplio y claro de visi\u00f3n. La cavidad abdominal se puede enjuagar y \/ o aspirar con el sistema de succi\u00f3n e irrigaci\u00f3n. El dise\u00f1o ergon\u00f3mico es adecuado para diestros y zurdos. El radio de funcionamiento del dispositivo es de 360 \u200b\u200bgrados y hay disponibles tres longitudes de eje diferentes.<\/p>\n","protected":false},"featured_media":3287,"comment_status":"closed","ping_status":"closed","template":"","meta":{"_acf_changed":false},"product_brand":[],"product_cat":[75,74],"product_tag":[],"class_list":{"0":"post-2948","1":"product","2":"type-product","3":"status-publish","4":"has-post-thumbnail","6":"product_cat-cirugia-laparoscopica","7":"product_cat-productos","9":"first","10":"instock","11":"virtual","12":"purchasable","13":"product-type-simple"},"acf":[],"yoast_head":"<!-- This site is optimized with the Yoast SEO plugin v26.3 - https:\/\/yoast.com\/wordpress\/plugins\/seo\/ -->\n<title>Dispositivo de irrigaci\u00f3n por succi\u00f3n - Stapleline Medizintechnik GmbH<\/title>\n<meta name=\"robots\" content=\"index, follow, max-snippet:-1, max-image-preview:large, max-video-preview:-1\" \/>\n<link rel=\"canonical\" href=\"https:\/\/stapleline.com\/es\/produkt\/dispositivo-de-irrigacion-por-succion\/\" \/>\n<meta property=\"og:locale\" content=\"es_ES\" \/>\n<meta property=\"og:type\" content=\"article\" \/>\n<meta property=\"og:title\" content=\"Dispositivo de irrigaci\u00f3n por succi\u00f3n - Stapleline Medizintechnik GmbH\" \/>\n<meta property=\"og:description\" content=\"Stapleline ofrece este juego de irrigaci\u00f3n por succi\u00f3n para operaciones laparosc\u00f3picas que requieren irrigaci\u00f3n o succi\u00f3n. Los procedimientos laparosc\u00f3picos libres de problemas funcionan bien si la cavidad abdominal permanece libre de l\u00edquidos, residuos de tejidos y sangre y el cirujano dispone de un campo amplio y claro de visi\u00f3n. La cavidad abdominal se puede enjuagar y \/ o aspirar con el sistema de succi\u00f3n e irrigaci\u00f3n. El dise\u00f1o ergon\u00f3mico es adecuado para diestros y zurdos. El radio de funcionamiento del dispositivo es de 360 \u200b\u200bgrados y hay disponibles tres longitudes de eje diferentes.\" \/>\n<meta property=\"og:url\" content=\"https:\/\/stapleline.com\/es\/produkt\/dispositivo-de-irrigacion-por-succion\/\" \/>\n<meta property=\"og:site_name\" content=\"Stapleline Medizintechnik GmbH\" \/>\n<meta property=\"article:modified_time\" content=\"2020-09-29T15:55:13+00:00\" \/>\n<meta property=\"og:image\" content=\"https:\/\/stapleline.com\/wp-content\/uploads\/2019\/02\/Saug-und-Sp\u00fclsystem.jpg\" \/>\n\t<meta property=\"og:image:width\" content=\"1200\" \/>\n\t<meta property=\"og:image:height\" content=\"900\" \/>\n\t<meta property=\"og:image:type\" content=\"image\/jpeg\" \/>\n<meta name=\"twitter:card\" content=\"summary_large_image\" \/>\n<script type=\"application\/ld+json\" class=\"yoast-schema-graph\">{\"@context\":\"https:\/\/schema.org\",\"@graph\":[{\"@type\":\"WebPage\",\"@id\":\"https:\/\/stapleline.com\/es\/produkt\/dispositivo-de-irrigacion-por-succion\/\",\"url\":\"https:\/\/stapleline.com\/es\/produkt\/dispositivo-de-irrigacion-por-succion\/\",\"name\":\"Dispositivo de irrigaci\u00f3n por succi\u00f3n - Stapleline Medizintechnik GmbH\",\"isPartOf\":{\"@id\":\"https:\/\/stapleline.com\/en\/#website\"},\"primaryImageOfPage\":{\"@id\":\"https:\/\/stapleline.com\/es\/produkt\/dispositivo-de-irrigacion-por-succion\/#primaryimage\"},\"image\":{\"@id\":\"https:\/\/stapleline.com\/es\/produkt\/dispositivo-de-irrigacion-por-succion\/#primaryimage\"},\"thumbnailUrl\":\"https:\/\/stapleline.com\/wp-content\/uploads\/2019\/02\/Saug-und-Sp\u00fclsystem.jpg\",\"datePublished\":\"2019-02-25T15:22:28+00:00\",\"dateModified\":\"2020-09-29T15:55:13+00:00\",\"breadcrumb\":{\"@id\":\"https:\/\/stapleline.com\/es\/produkt\/dispositivo-de-irrigacion-por-succion\/#breadcrumb\"},\"inLanguage\":\"es\",\"potentialAction\":[{\"@type\":\"ReadAction\",\"target\":[\"https:\/\/stapleline.com\/es\/produkt\/dispositivo-de-irrigacion-por-succion\/\"]}]},{\"@type\":\"ImageObject\",\"inLanguage\":\"es\",\"@id\":\"https:\/\/stapleline.com\/es\/produkt\/dispositivo-de-irrigacion-por-succion\/#primaryimage\",\"url\":\"https:\/\/stapleline.com\/wp-content\/uploads\/2019\/02\/Saug-und-Sp\u00fclsystem.jpg\",\"contentUrl\":\"https:\/\/stapleline.com\/wp-content\/uploads\/2019\/02\/Saug-und-Sp\u00fclsystem.jpg\",\"width\":1200,\"height\":900},{\"@type\":\"BreadcrumbList\",\"@id\":\"https:\/\/stapleline.com\/es\/produkt\/dispositivo-de-irrigacion-por-succion\/#breadcrumb\",\"itemListElement\":[{\"@type\":\"ListItem\",\"position\":1,\"name\":\"Startseite\",\"item\":\"https:\/\/stapleline.com\/\"},{\"@type\":\"ListItem\",\"position\":2,\"name\":\"Produkte\",\"item\":\"https:\/\/stapleline.com\/produkte\/\"},{\"@type\":\"ListItem\",\"position\":3,\"name\":\"Dispositivo de irrigaci\u00f3n por succi\u00f3n\"}]},{\"@type\":\"WebSite\",\"@id\":\"https:\/\/stapleline.com\/en\/#website\",\"url\":\"https:\/\/stapleline.com\/en\/\",\"name\":\"Stapleline Medizintechnik GmbH\",\"description\":\"\",\"publisher\":{\"@id\":\"https:\/\/stapleline.com\/en\/#organization\"},\"potentialAction\":[{\"@type\":\"SearchAction\",\"target\":{\"@type\":\"EntryPoint\",\"urlTemplate\":\"https:\/\/stapleline.com\/en\/?s={search_term_string}\"},\"query-input\":{\"@type\":\"PropertyValueSpecification\",\"valueRequired\":true,\"valueName\":\"search_term_string\"}}],\"inLanguage\":\"es\"},{\"@type\":\"Organization\",\"@id\":\"https:\/\/stapleline.com\/en\/#organization\",\"name\":\"Stapleline Medizintechnik GmbH\",\"url\":\"https:\/\/stapleline.com\/en\/\",\"logo\":{\"@type\":\"ImageObject\",\"inLanguage\":\"es\",\"@id\":\"https:\/\/stapleline.com\/en\/#\/schema\/logo\/image\/\",\"url\":\"https:\/\/stapleline.com\/wp-content\/uploads\/2019\/08\/logo-stapleline.png\",\"contentUrl\":\"https:\/\/stapleline.com\/wp-content\/uploads\/2019\/08\/logo-stapleline.png\",\"width\":500,\"height\":184,\"caption\":\"Stapleline Medizintechnik GmbH\"},\"image\":{\"@id\":\"https:\/\/stapleline.com\/en\/#\/schema\/logo\/image\/\"}}]}<\/script>\n<!-- \/ Yoast SEO plugin. -->","yoast_head_json":{"title":"Dispositivo de irrigaci\u00f3n por succi\u00f3n - Stapleline Medizintechnik GmbH","robots":{"index":"index","follow":"follow","max-snippet":"max-snippet:-1","max-image-preview":"max-image-preview:large","max-video-preview":"max-video-preview:-1"},"canonical":"https:\/\/stapleline.com\/es\/produkt\/dispositivo-de-irrigacion-por-succion\/","og_locale":"es_ES","og_type":"article","og_title":"Dispositivo de irrigaci\u00f3n por succi\u00f3n - Stapleline Medizintechnik GmbH","og_description":"Stapleline ofrece este juego de irrigaci\u00f3n por succi\u00f3n para operaciones laparosc\u00f3picas que requieren irrigaci\u00f3n o succi\u00f3n. Los procedimientos laparosc\u00f3picos libres de problemas funcionan bien si la cavidad abdominal permanece libre de l\u00edquidos, residuos de tejidos y sangre y el cirujano dispone de un campo amplio y claro de visi\u00f3n. La cavidad abdominal se puede enjuagar y \/ o aspirar con el sistema de succi\u00f3n e irrigaci\u00f3n. El dise\u00f1o ergon\u00f3mico es adecuado para diestros y zurdos. El radio de funcionamiento del dispositivo es de 360 \u200b\u200bgrados y hay disponibles tres longitudes de eje diferentes.","og_url":"https:\/\/stapleline.com\/es\/produkt\/dispositivo-de-irrigacion-por-succion\/","og_site_name":"Stapleline Medizintechnik GmbH","article_modified_time":"2020-09-29T15:55:13+00:00","og_image":[{"width":1200,"height":900,"url":"https:\/\/stapleline.com\/wp-content\/uploads\/2019\/02\/Saug-und-Sp\u00fclsystem.jpg","type":"image\/jpeg"}],"twitter_card":"summary_large_image","schema":{"@context":"https:\/\/schema.org","@graph":[{"@type":"WebPage","@id":"https:\/\/stapleline.com\/es\/produkt\/dispositivo-de-irrigacion-por-succion\/","url":"https:\/\/stapleline.com\/es\/produkt\/dispositivo-de-irrigacion-por-succion\/","name":"Dispositivo de irrigaci\u00f3n por succi\u00f3n - Stapleline Medizintechnik GmbH","isPartOf":{"@id":"https:\/\/stapleline.com\/en\/#website"},"primaryImageOfPage":{"@id":"https:\/\/stapleline.com\/es\/produkt\/dispositivo-de-irrigacion-por-succion\/#primaryimage"},"image":{"@id":"https:\/\/stapleline.com\/es\/produkt\/dispositivo-de-irrigacion-por-succion\/#primaryimage"},"thumbnailUrl":"https:\/\/stapleline.com\/wp-content\/uploads\/2019\/02\/Saug-und-Sp\u00fclsystem.jpg","datePublished":"2019-02-25T15:22:28+00:00","dateModified":"2020-09-29T15:55:13+00:00","breadcrumb":{"@id":"https:\/\/stapleline.com\/es\/produkt\/dispositivo-de-irrigacion-por-succion\/#breadcrumb"},"inLanguage":"es","potentialAction":[{"@type":"ReadAction","target":["https:\/\/stapleline.com\/es\/produkt\/dispositivo-de-irrigacion-por-succion\/"]}]},{"@type":"ImageObject","inLanguage":"es","@id":"https:\/\/stapleline.com\/es\/produkt\/dispositivo-de-irrigacion-por-succion\/#primaryimage","url":"https:\/\/stapleline.com\/wp-content\/uploads\/2019\/02\/Saug-und-Sp\u00fclsystem.jpg","contentUrl":"https:\/\/stapleline.com\/wp-content\/uploads\/2019\/02\/Saug-und-Sp\u00fclsystem.jpg","width":1200,"height":900},{"@type":"BreadcrumbList","@id":"https:\/\/stapleline.com\/es\/produkt\/dispositivo-de-irrigacion-por-succion\/#breadcrumb","itemListElement":[{"@type":"ListItem","position":1,"name":"Startseite","item":"https:\/\/stapleline.com\/"},{"@type":"ListItem","position":2,"name":"Produkte","item":"https:\/\/stapleline.com\/produkte\/"},{"@type":"ListItem","position":3,"name":"Dispositivo de irrigaci\u00f3n por succi\u00f3n"}]},{"@type":"WebSite","@id":"https:\/\/stapleline.com\/en\/#website","url":"https:\/\/stapleline.com\/en\/","name":"Stapleline Medizintechnik GmbH","description":"","publisher":{"@id":"https:\/\/stapleline.com\/en\/#organization"},"potentialAction":[{"@type":"SearchAction","target":{"@type":"EntryPoint","urlTemplate":"https:\/\/stapleline.com\/en\/?s={search_term_string}"},"query-input":{"@type":"PropertyValueSpecification","valueRequired":true,"valueName":"search_term_string"}}],"inLanguage":"es"},{"@type":"Organization","@id":"https:\/\/stapleline.com\/en\/#organization","name":"Stapleline Medizintechnik GmbH","url":"https:\/\/stapleline.com\/en\/","logo":{"@type":"ImageObject","inLanguage":"es","@id":"https:\/\/stapleline.com\/en\/#\/schema\/logo\/image\/","url":"https:\/\/stapleline.com\/wp-content\/uploads\/2019\/08\/logo-stapleline.png","contentUrl":"https:\/\/stapleline.com\/wp-content\/uploads\/2019\/08\/logo-stapleline.png","width":500,"height":184,"caption":"Stapleline Medizintechnik GmbH"},"image":{"@id":"https:\/\/stapleline.com\/en\/#\/schema\/logo\/image\/"}}]}},"_links":{"self":[{"href":"https:\/\/stapleline.com\/es\/wp-json\/wp\/v2\/product\/2948","targetHints":{"allow":["GET"]}}],"collection":[{"href":"https:\/\/stapleline.com\/es\/wp-json\/wp\/v2\/product"}],"about":[{"href":"https:\/\/stapleline.com\/es\/wp-json\/wp\/v2\/types\/product"}],"replies":[{"embeddable":true,"href":"https:\/\/stapleline.com\/es\/wp-json\/wp\/v2\/comments?post=2948"}],"version-history":[{"count":0,"href":"https:\/\/stapleline.com\/es\/wp-json\/wp\/v2\/product\/2948\/revisions"}],"wp:featuredmedia":[{"embeddable":true,"href":"https:\/\/stapleline.com\/es\/wp-json\/wp\/v2\/media\/3287"}],"wp:attachment":[{"href":"https:\/\/stapleline.com\/es\/wp-json\/wp\/v2\/media?parent=2948"}],"wp:term":[{"taxonomy":"product_brand","embeddable":true,"href":"https:\/\/stapleline.com\/es\/wp-json\/wp\/v2\/product_brand?post=2948"},{"taxonomy":"product_cat","embeddable":true,"href":"https:\/\/stapleline.com\/es\/wp-json\/wp\/v2\/product_cat?post=2948"},{"taxonomy":"product_tag","embeddable":true,"href":"https:\/\/stapleline.com\/es\/wp-json\/wp\/v2\/product_tag?post=2948"}],"curies":[{"name":"wp","href":"https:\/\/api.w.org\/{rel}","templated":true}]}}