{"id":2936,"date":"2019-02-25T16:18:46","date_gmt":"2019-02-25T15:18:46","guid":{"rendered":"https:\/\/stapleline.com\/produkt\/bolsa-recuperadora-qw\/"},"modified":"2020-09-29T17:32:51","modified_gmt":"2020-09-29T15:32:51","slug":"bolsa-recuperadora-qw","status":"publish","type":"product","link":"https:\/\/stapleline.com\/es\/produkt\/bolsa-recuperadora-qw\/","title":{"rendered":"Bolsa recuperadora QW"},"content":{"rendered":"\t\t<div data-elementor-type=\"product-post\" data-elementor-id=\"2936\" class=\"elementor elementor-2936\" data-elementor-post-type=\"product\">\n\t\t\t\t\t\t<section class=\"elementor-section elementor-top-section elementor-element elementor-element-c16c667 elementor-section-boxed elementor-section-height-default elementor-section-height-default\" data-id=\"c16c667\" data-element_type=\"section\">\n\t\t\t\t\t\t<div class=\"elementor-container elementor-column-gap-no\">\n\t\t\t\t\t<div class=\"elementor-column elementor-col-100 elementor-top-column elementor-element elementor-element-345b498\" data-id=\"345b498\" data-element_type=\"column\">\n\t\t\t<div class=\"elementor-widget-wrap elementor-element-populated\">\n\t\t\t\t\t\t<div class=\"elementor-element elementor-element-9ecf5a1 elementor-widget elementor-widget-jet-table\" data-id=\"9ecf5a1\" data-element_type=\"widget\" data-widget_type=\"jet-table.default\">\n\t\t\t\t<div class=\"elementor-widget-container\">\n\t\t\t\t\t<div class=\"elementor-jet-table jet-elements\">\n\t\t<div class=\"jet-table-wrapper jet-table-responsive-mobile jet-table-responsive-tablet\">\n\t\t\t<table class=\"jet-table jet-table--fa5-compat\">\n\t\t\t\t<thead class=\"jet-table__head\"><tr class=\"jet-table__head-row\"><th class=\"jet-table__cell elementor-repeater-item-d525945 jet-table__head-cell\" scope=\"col\"><div class=\"jet-table__cell-inner\"><div class=\"jet-table__cell-content\"><div class=\"jet-table__cell-text\">N\u00famero de orden<\/div><\/div><\/div><\/th><th class=\"jet-table__cell elementor-repeater-item-2241c27 jet-table__head-cell\" scope=\"col\"><div class=\"jet-table__cell-inner\"><div class=\"jet-table__cell-content\"><div class=\"jet-table__cell-text\">N\u00famero de GTIN<\/div><\/div><\/div><\/th><th class=\"jet-table__cell elementor-repeater-item-d5ae888 jet-table__head-cell\" scope=\"col\"><div class=\"jet-table__cell-inner\"><div class=\"jet-table__cell-content\"><div class=\"jet-table__cell-text\">Di\u00e1metro de la bolsa x longitud<\/div><\/div><\/div><\/th><th class=\"jet-table__cell elementor-repeater-item-91ffc82 jet-table__head-cell\" scope=\"col\"><div class=\"jet-table__cell-inner\"><div class=\"jet-table__cell-content\"><div class=\"jet-table__cell-text\">Di\u00e1metro del tubo de entrada<\/div><\/div><\/div><\/th><th class=\"jet-table__cell elementor-repeater-item-a18dbde jet-table__head-cell\" scope=\"col\"><div class=\"jet-table__cell-inner\"><div class=\"jet-table__cell-content\"><div class=\"jet-table__cell-text\">Volumen<\/div><\/div><\/div><\/th><\/tr><\/thead>\n\t\t\t\t\t\t\t\t<tbody class=\"jet-table__body\"><tr class=\"jet-table__body-row elementor-repeater-item-8a9940d\"><td class=\"jet-table__cell elementor-repeater-item-327b974 jet-table__body-cell\"><div class=\"jet-table__cell-inner\"><div class=\"jet-table__cell-content\"><div class=\"jet-table__cell-text\">QW-3<\/div><\/div><\/div><\/td><td class=\"jet-table__cell elementor-repeater-item-811e468 jet-table__body-cell\"><div class=\"jet-table__cell-inner\"><div class=\"jet-table__cell-content\"><div class=\"jet-table__cell-text\">6970057555690<\/div><\/div><\/div><\/td><td class=\"jet-table__cell elementor-repeater-item-f1a979c jet-table__body-cell\"><div class=\"jet-table__cell-inner\"><div class=\"jet-table__cell-content\"><div class=\"jet-table__cell-text\">50 mm x 100 mm<\/div><\/div><\/div><\/td><td class=\"jet-table__cell elementor-repeater-item-90a12c9 jet-table__body-cell\"><div class=\"jet-table__cell-inner\"><div class=\"jet-table__cell-content\"><div class=\"jet-table__cell-text\">10 mm<\/div><\/div><\/div><\/td><td class=\"jet-table__cell elementor-repeater-item-f2b4c6b jet-table__body-cell\"><div class=\"jet-table__cell-inner\"><div class=\"jet-table__cell-content\"><div class=\"jet-table__cell-text\">140 ml<\/div><\/div><\/div><\/td><\/tr><tr class=\"jet-table__body-row elementor-repeater-item-18e4982\"><td class=\"jet-table__cell elementor-repeater-item-2fdea68 jet-table__body-cell\"><div class=\"jet-table__cell-inner\"><div class=\"jet-table__cell-content\"><div class=\"jet-table__cell-text\">QW-4<\/div><\/div><\/div><\/td><td class=\"jet-table__cell elementor-repeater-item-ddd7d8f jet-table__body-cell\"><div class=\"jet-table__cell-inner\"><div class=\"jet-table__cell-content\"><div class=\"jet-table__cell-text\">6944300571430<\/div><\/div><\/div><\/td><td class=\"jet-table__cell elementor-repeater-item-1493cfa jet-table__body-cell\"><div class=\"jet-table__cell-inner\"><div class=\"jet-table__cell-content\"><div class=\"jet-table__cell-text\">50 mm x 150 mm<\/div><\/div><\/div><\/td><td class=\"jet-table__cell elementor-repeater-item-820ae33 jet-table__body-cell\"><div class=\"jet-table__cell-inner\"><div class=\"jet-table__cell-content\"><div class=\"jet-table__cell-text\">10 mm<\/div><\/div><\/div><\/td><td class=\"jet-table__cell elementor-repeater-item-f677707 jet-table__body-cell\"><div class=\"jet-table__cell-inner\"><div class=\"jet-table__cell-content\"><div class=\"jet-table__cell-text\">250 ml<\/div><\/div><\/div><\/td><\/tr><tr class=\"jet-table__body-row elementor-repeater-item-75f0ef2\"><td class=\"jet-table__cell elementor-repeater-item-eccaeb6 jet-table__body-cell\"><div class=\"jet-table__cell-inner\"><div class=\"jet-table__cell-content\"><div class=\"jet-table__cell-text\">QW-5<\/div><\/div><\/div><\/td><td class=\"jet-table__cell elementor-repeater-item-7717785 jet-table__body-cell\"><div class=\"jet-table__cell-inner\"><div class=\"jet-table__cell-content\"><div class=\"jet-table__cell-text\">6970057555686<\/div><\/div><\/div><\/td><td class=\"jet-table__cell elementor-repeater-item-0931f7e jet-table__body-cell\"><div class=\"jet-table__cell-inner\"><div class=\"jet-table__cell-content\"><div class=\"jet-table__cell-text\">60 mm x 200 mm<\/div><\/div><\/div><\/td><td class=\"jet-table__cell elementor-repeater-item-49e72f8 jet-table__body-cell\"><div class=\"jet-table__cell-inner\"><div class=\"jet-table__cell-content\"><div class=\"jet-table__cell-text\">10 mm<\/div><\/div><\/div><\/td><td class=\"jet-table__cell elementor-repeater-item-3f880b0 jet-table__body-cell\"><div class=\"jet-table__cell-inner\"><div class=\"jet-table__cell-content\"><div class=\"jet-table__cell-text\">320 ml<\/div><\/div><\/div><\/td><\/tr><tr class=\"jet-table__body-row elementor-repeater-item-03ebf8a\"><td class=\"jet-table__cell elementor-repeater-item-410b46a jet-table__body-cell\"><div class=\"jet-table__cell-inner\"><div class=\"jet-table__cell-content\"><div class=\"jet-table__cell-text\">QW-6<\/div><\/div><\/div><\/td><td class=\"jet-table__cell elementor-repeater-item-dce52ae jet-table__body-cell\"><div class=\"jet-table__cell-inner\"><div class=\"jet-table__cell-content\"><div class=\"jet-table__cell-text\">6944300571454<\/div><\/div><\/div><\/td><td class=\"jet-table__cell elementor-repeater-item-a50501a jet-table__body-cell\"><div class=\"jet-table__cell-inner\"><div class=\"jet-table__cell-content\"><div class=\"jet-table__cell-text\">90 mm x 240 mm<\/div><\/div><\/div><\/td><td class=\"jet-table__cell elementor-repeater-item-7eb3776 jet-table__body-cell\"><div class=\"jet-table__cell-inner\"><div class=\"jet-table__cell-content\"><div class=\"jet-table__cell-text\">12 mm<\/div><\/div><\/div><\/td><td class=\"jet-table__cell elementor-repeater-item-52dab48 jet-table__body-cell\"><div class=\"jet-table__cell-inner\"><div class=\"jet-table__cell-content\"><div class=\"jet-table__cell-text\">1200 mm<\/div><\/div><\/div><\/td><\/tr><\/tbody>\n\t\t\t<\/table>\n\t\t<\/div>\n\n\t\t<\/div>\t\t\t\t<\/div>\n\t\t\t\t<\/div>\n\t\t\t\t\t<\/div>\n\t\t<\/div>\n\t\t\t\t\t<\/div>\n\t\t<\/section>\n\t\t\t\t<\/div>\n\t\t","protected":false},"excerpt":{"rendered":"<p>Las bolsas de recuperaci\u00f3n de tejidos son herramientas para la cirug\u00eda endosc\u00f3pica. Permiten, por ejemplo, durante las cirug\u00edas tumorales, aislar partes del tejido del cuerpo del paciente y transportarlas bien embaladas a trav\u00e9s del acceso endosc\u00f3pico al exterior. Esta bolsa de recuperaci\u00f3n de tejidos Stapleline consiste en una bolsa de pl\u00e1stico flexible con una abertura grande y de f\u00e1cil acceso, una barra de tracci\u00f3n y empuje con un asa para el pulgar, anillos para los dedos y una funda de inserci\u00f3n. Cuando est\u00e1 completamente extendido, la abertura est\u00e1 completamente abierta por un marco met\u00e1lico. Una cuerda facilita el cierre de la bolsa despu\u00e9s del muestreo.<\/p>\n<p>La bolsa retriever QW est\u00e1 disponible en diferentes tama\u00f1os y con diferentes vol\u00famenes.<\/p>\n","protected":false},"featured_media":3309,"comment_status":"closed","ping_status":"closed","template":"","meta":{"_acf_changed":false},"product_brand":[],"product_cat":[75,74],"product_tag":[],"class_list":{"0":"post-2936","1":"product","2":"type-product","3":"status-publish","4":"has-post-thumbnail","6":"product_cat-cirugia-laparoscopica","7":"product_cat-productos","9":"first","10":"instock","11":"virtual","12":"purchasable","13":"product-type-simple"},"acf":[],"yoast_head":"<!-- This site is optimized with the Yoast SEO plugin v26.3 - https:\/\/yoast.com\/wordpress\/plugins\/seo\/ -->\n<title>Bolsa recuperadora QW - Stapleline Medizintechnik GmbH<\/title>\n<meta name=\"robots\" content=\"index, follow, max-snippet:-1, max-image-preview:large, max-video-preview:-1\" \/>\n<link rel=\"canonical\" href=\"https:\/\/stapleline.com\/es\/produkt\/bolsa-recuperadora-qw\/\" \/>\n<meta property=\"og:locale\" content=\"es_ES\" \/>\n<meta property=\"og:type\" content=\"article\" \/>\n<meta property=\"og:title\" content=\"Bolsa recuperadora QW - Stapleline Medizintechnik GmbH\" \/>\n<meta property=\"og:description\" content=\"Las bolsas de recuperaci\u00f3n de tejidos son herramientas para la cirug\u00eda endosc\u00f3pica. Permiten, por ejemplo, durante las cirug\u00edas tumorales, aislar partes del tejido del cuerpo del paciente y transportarlas bien embaladas a trav\u00e9s del acceso endosc\u00f3pico al exterior. Esta bolsa de recuperaci\u00f3n de tejidos Stapleline consiste en una bolsa de pl\u00e1stico flexible con una abertura grande y de f\u00e1cil acceso, una barra de tracci\u00f3n y empuje con un asa para el pulgar, anillos para los dedos y una funda de inserci\u00f3n. Cuando est\u00e1 completamente extendido, la abertura est\u00e1 completamente abierta por un marco met\u00e1lico. Una cuerda facilita el cierre de la bolsa despu\u00e9s del muestreo.  La bolsa retriever QW est\u00e1 disponible en diferentes tama\u00f1os y con diferentes vol\u00famenes.\" \/>\n<meta property=\"og:url\" content=\"https:\/\/stapleline.com\/es\/produkt\/bolsa-recuperadora-qw\/\" \/>\n<meta property=\"og:site_name\" content=\"Stapleline Medizintechnik GmbH\" \/>\n<meta property=\"article:modified_time\" content=\"2020-09-29T15:32:51+00:00\" \/>\n<meta property=\"og:image\" content=\"https:\/\/stapleline.com\/wp-content\/uploads\/2019\/02\/QW-Bergebeutel.jpg\" \/>\n\t<meta property=\"og:image:width\" content=\"1200\" \/>\n\t<meta property=\"og:image:height\" content=\"900\" \/>\n\t<meta property=\"og:image:type\" content=\"image\/jpeg\" \/>\n<meta name=\"twitter:card\" content=\"summary_large_image\" \/>\n<script type=\"application\/ld+json\" class=\"yoast-schema-graph\">{\"@context\":\"https:\/\/schema.org\",\"@graph\":[{\"@type\":\"WebPage\",\"@id\":\"https:\/\/stapleline.com\/es\/produkt\/bolsa-recuperadora-qw\/\",\"url\":\"https:\/\/stapleline.com\/es\/produkt\/bolsa-recuperadora-qw\/\",\"name\":\"Bolsa recuperadora QW - Stapleline Medizintechnik GmbH\",\"isPartOf\":{\"@id\":\"https:\/\/stapleline.com\/en\/#website\"},\"primaryImageOfPage\":{\"@id\":\"https:\/\/stapleline.com\/es\/produkt\/bolsa-recuperadora-qw\/#primaryimage\"},\"image\":{\"@id\":\"https:\/\/stapleline.com\/es\/produkt\/bolsa-recuperadora-qw\/#primaryimage\"},\"thumbnailUrl\":\"https:\/\/stapleline.com\/wp-content\/uploads\/2019\/02\/QW-Bergebeutel.jpg\",\"datePublished\":\"2019-02-25T15:18:46+00:00\",\"dateModified\":\"2020-09-29T15:32:51+00:00\",\"breadcrumb\":{\"@id\":\"https:\/\/stapleline.com\/es\/produkt\/bolsa-recuperadora-qw\/#breadcrumb\"},\"inLanguage\":\"es\",\"potentialAction\":[{\"@type\":\"ReadAction\",\"target\":[\"https:\/\/stapleline.com\/es\/produkt\/bolsa-recuperadora-qw\/\"]}]},{\"@type\":\"ImageObject\",\"inLanguage\":\"es\",\"@id\":\"https:\/\/stapleline.com\/es\/produkt\/bolsa-recuperadora-qw\/#primaryimage\",\"url\":\"https:\/\/stapleline.com\/wp-content\/uploads\/2019\/02\/QW-Bergebeutel.jpg\",\"contentUrl\":\"https:\/\/stapleline.com\/wp-content\/uploads\/2019\/02\/QW-Bergebeutel.jpg\",\"width\":1200,\"height\":900},{\"@type\":\"BreadcrumbList\",\"@id\":\"https:\/\/stapleline.com\/es\/produkt\/bolsa-recuperadora-qw\/#breadcrumb\",\"itemListElement\":[{\"@type\":\"ListItem\",\"position\":1,\"name\":\"Startseite\",\"item\":\"https:\/\/stapleline.com\/\"},{\"@type\":\"ListItem\",\"position\":2,\"name\":\"Produkte\",\"item\":\"https:\/\/stapleline.com\/produkte\/\"},{\"@type\":\"ListItem\",\"position\":3,\"name\":\"Bolsa recuperadora QW\"}]},{\"@type\":\"WebSite\",\"@id\":\"https:\/\/stapleline.com\/en\/#website\",\"url\":\"https:\/\/stapleline.com\/en\/\",\"name\":\"Stapleline Medizintechnik GmbH\",\"description\":\"\",\"publisher\":{\"@id\":\"https:\/\/stapleline.com\/en\/#organization\"},\"potentialAction\":[{\"@type\":\"SearchAction\",\"target\":{\"@type\":\"EntryPoint\",\"urlTemplate\":\"https:\/\/stapleline.com\/en\/?s={search_term_string}\"},\"query-input\":{\"@type\":\"PropertyValueSpecification\",\"valueRequired\":true,\"valueName\":\"search_term_string\"}}],\"inLanguage\":\"es\"},{\"@type\":\"Organization\",\"@id\":\"https:\/\/stapleline.com\/en\/#organization\",\"name\":\"Stapleline Medizintechnik GmbH\",\"url\":\"https:\/\/stapleline.com\/en\/\",\"logo\":{\"@type\":\"ImageObject\",\"inLanguage\":\"es\",\"@id\":\"https:\/\/stapleline.com\/en\/#\/schema\/logo\/image\/\",\"url\":\"https:\/\/stapleline.com\/wp-content\/uploads\/2019\/08\/logo-stapleline.png\",\"contentUrl\":\"https:\/\/stapleline.com\/wp-content\/uploads\/2019\/08\/logo-stapleline.png\",\"width\":500,\"height\":184,\"caption\":\"Stapleline Medizintechnik GmbH\"},\"image\":{\"@id\":\"https:\/\/stapleline.com\/en\/#\/schema\/logo\/image\/\"}}]}<\/script>\n<!-- \/ Yoast SEO plugin. -->","yoast_head_json":{"title":"Bolsa recuperadora QW - Stapleline Medizintechnik GmbH","robots":{"index":"index","follow":"follow","max-snippet":"max-snippet:-1","max-image-preview":"max-image-preview:large","max-video-preview":"max-video-preview:-1"},"canonical":"https:\/\/stapleline.com\/es\/produkt\/bolsa-recuperadora-qw\/","og_locale":"es_ES","og_type":"article","og_title":"Bolsa recuperadora QW - Stapleline Medizintechnik GmbH","og_description":"Las bolsas de recuperaci\u00f3n de tejidos son herramientas para la cirug\u00eda endosc\u00f3pica. Permiten, por ejemplo, durante las cirug\u00edas tumorales, aislar partes del tejido del cuerpo del paciente y transportarlas bien embaladas a trav\u00e9s del acceso endosc\u00f3pico al exterior. Esta bolsa de recuperaci\u00f3n de tejidos Stapleline consiste en una bolsa de pl\u00e1stico flexible con una abertura grande y de f\u00e1cil acceso, una barra de tracci\u00f3n y empuje con un asa para el pulgar, anillos para los dedos y una funda de inserci\u00f3n. Cuando est\u00e1 completamente extendido, la abertura est\u00e1 completamente abierta por un marco met\u00e1lico. Una cuerda facilita el cierre de la bolsa despu\u00e9s del muestreo.  La bolsa retriever QW est\u00e1 disponible en diferentes tama\u00f1os y con diferentes vol\u00famenes.","og_url":"https:\/\/stapleline.com\/es\/produkt\/bolsa-recuperadora-qw\/","og_site_name":"Stapleline Medizintechnik GmbH","article_modified_time":"2020-09-29T15:32:51+00:00","og_image":[{"width":1200,"height":900,"url":"https:\/\/stapleline.com\/wp-content\/uploads\/2019\/02\/QW-Bergebeutel.jpg","type":"image\/jpeg"}],"twitter_card":"summary_large_image","schema":{"@context":"https:\/\/schema.org","@graph":[{"@type":"WebPage","@id":"https:\/\/stapleline.com\/es\/produkt\/bolsa-recuperadora-qw\/","url":"https:\/\/stapleline.com\/es\/produkt\/bolsa-recuperadora-qw\/","name":"Bolsa recuperadora QW - Stapleline Medizintechnik GmbH","isPartOf":{"@id":"https:\/\/stapleline.com\/en\/#website"},"primaryImageOfPage":{"@id":"https:\/\/stapleline.com\/es\/produkt\/bolsa-recuperadora-qw\/#primaryimage"},"image":{"@id":"https:\/\/stapleline.com\/es\/produkt\/bolsa-recuperadora-qw\/#primaryimage"},"thumbnailUrl":"https:\/\/stapleline.com\/wp-content\/uploads\/2019\/02\/QW-Bergebeutel.jpg","datePublished":"2019-02-25T15:18:46+00:00","dateModified":"2020-09-29T15:32:51+00:00","breadcrumb":{"@id":"https:\/\/stapleline.com\/es\/produkt\/bolsa-recuperadora-qw\/#breadcrumb"},"inLanguage":"es","potentialAction":[{"@type":"ReadAction","target":["https:\/\/stapleline.com\/es\/produkt\/bolsa-recuperadora-qw\/"]}]},{"@type":"ImageObject","inLanguage":"es","@id":"https:\/\/stapleline.com\/es\/produkt\/bolsa-recuperadora-qw\/#primaryimage","url":"https:\/\/stapleline.com\/wp-content\/uploads\/2019\/02\/QW-Bergebeutel.jpg","contentUrl":"https:\/\/stapleline.com\/wp-content\/uploads\/2019\/02\/QW-Bergebeutel.jpg","width":1200,"height":900},{"@type":"BreadcrumbList","@id":"https:\/\/stapleline.com\/es\/produkt\/bolsa-recuperadora-qw\/#breadcrumb","itemListElement":[{"@type":"ListItem","position":1,"name":"Startseite","item":"https:\/\/stapleline.com\/"},{"@type":"ListItem","position":2,"name":"Produkte","item":"https:\/\/stapleline.com\/produkte\/"},{"@type":"ListItem","position":3,"name":"Bolsa recuperadora QW"}]},{"@type":"WebSite","@id":"https:\/\/stapleline.com\/en\/#website","url":"https:\/\/stapleline.com\/en\/","name":"Stapleline Medizintechnik GmbH","description":"","publisher":{"@id":"https:\/\/stapleline.com\/en\/#organization"},"potentialAction":[{"@type":"SearchAction","target":{"@type":"EntryPoint","urlTemplate":"https:\/\/stapleline.com\/en\/?s={search_term_string}"},"query-input":{"@type":"PropertyValueSpecification","valueRequired":true,"valueName":"search_term_string"}}],"inLanguage":"es"},{"@type":"Organization","@id":"https:\/\/stapleline.com\/en\/#organization","name":"Stapleline Medizintechnik GmbH","url":"https:\/\/stapleline.com\/en\/","logo":{"@type":"ImageObject","inLanguage":"es","@id":"https:\/\/stapleline.com\/en\/#\/schema\/logo\/image\/","url":"https:\/\/stapleline.com\/wp-content\/uploads\/2019\/08\/logo-stapleline.png","contentUrl":"https:\/\/stapleline.com\/wp-content\/uploads\/2019\/08\/logo-stapleline.png","width":500,"height":184,"caption":"Stapleline Medizintechnik GmbH"},"image":{"@id":"https:\/\/stapleline.com\/en\/#\/schema\/logo\/image\/"}}]}},"_links":{"self":[{"href":"https:\/\/stapleline.com\/es\/wp-json\/wp\/v2\/product\/2936","targetHints":{"allow":["GET"]}}],"collection":[{"href":"https:\/\/stapleline.com\/es\/wp-json\/wp\/v2\/product"}],"about":[{"href":"https:\/\/stapleline.com\/es\/wp-json\/wp\/v2\/types\/product"}],"replies":[{"embeddable":true,"href":"https:\/\/stapleline.com\/es\/wp-json\/wp\/v2\/comments?post=2936"}],"version-history":[{"count":0,"href":"https:\/\/stapleline.com\/es\/wp-json\/wp\/v2\/product\/2936\/revisions"}],"wp:featuredmedia":[{"embeddable":true,"href":"https:\/\/stapleline.com\/es\/wp-json\/wp\/v2\/media\/3309"}],"wp:attachment":[{"href":"https:\/\/stapleline.com\/es\/wp-json\/wp\/v2\/media?parent=2936"}],"wp:term":[{"taxonomy":"product_brand","embeddable":true,"href":"https:\/\/stapleline.com\/es\/wp-json\/wp\/v2\/product_brand?post=2936"},{"taxonomy":"product_cat","embeddable":true,"href":"https:\/\/stapleline.com\/es\/wp-json\/wp\/v2\/product_cat?post=2936"},{"taxonomy":"product_tag","embeddable":true,"href":"https:\/\/stapleline.com\/es\/wp-json\/wp\/v2\/product_tag?post=2936"}],"curies":[{"name":"wp","href":"https:\/\/api.w.org\/{rel}","templated":true}]}}