{"id":2883,"date":"2019-06-25T13:19:38","date_gmt":"2019-06-25T11:19:38","guid":{"rendered":"https:\/\/stapleline.com\/produkt\/bolsa-recolectora-o-retractil-hsd\/"},"modified":"2020-09-29T17:53:22","modified_gmt":"2020-09-29T15:53:22","slug":"bolsa-recolectora-o-retractil-hsd","status":"publish","type":"product","link":"https:\/\/stapleline.com\/es\/produkt\/bolsa-recolectora-o-retractil-hsd\/","title":{"rendered":"Bolsa Recolectora o Retr\u00e1ctil HSD"},"content":{"rendered":"\t\t<div data-elementor-type=\"product-post\" data-elementor-id=\"2883\" class=\"elementor elementor-2883\" data-elementor-post-type=\"product\">\n\t\t\t\t\t\t<section class=\"elementor-section elementor-top-section elementor-element elementor-element-50240d3 elementor-section-boxed elementor-section-height-default elementor-section-height-default\" data-id=\"50240d3\" data-element_type=\"section\">\n\t\t\t\t\t\t<div class=\"elementor-container elementor-column-gap-no\">\n\t\t\t\t\t<div class=\"elementor-column elementor-col-100 elementor-top-column elementor-element elementor-element-4ad16aa\" data-id=\"4ad16aa\" data-element_type=\"column\">\n\t\t\t<div class=\"elementor-widget-wrap elementor-element-populated\">\n\t\t\t\t\t\t<div class=\"elementor-element elementor-element-6f5c417 elementor-widget elementor-widget-jet-table\" data-id=\"6f5c417\" data-element_type=\"widget\" data-widget_type=\"jet-table.default\">\n\t\t\t\t<div class=\"elementor-widget-container\">\n\t\t\t\t\t<div class=\"elementor-jet-table jet-elements\">\n\t\t<div class=\"jet-table-wrapper jet-table-responsive-mobile jet-table-responsive-tablet\">\n\t\t\t<table class=\"jet-table jet-table--fa5-compat\">\n\t\t\t\t<thead class=\"jet-table__head\"><tr class=\"jet-table__head-row\"><th class=\"jet-table__cell elementor-repeater-item-d525945 jet-table__head-cell\" scope=\"col\"><div class=\"jet-table__cell-inner\"><div class=\"jet-table__cell-content\"><div class=\"jet-table__cell-text\">N\u00famero de orden<\/div><\/div><\/div><\/th><th class=\"jet-table__cell elementor-repeater-item-58701cc jet-table__head-cell\" scope=\"col\"><div class=\"jet-table__cell-inner\"><div class=\"jet-table__cell-content\"><div class=\"jet-table__cell-text\">N\u00famero de GTIN<\/div><\/div><\/div><\/th><th class=\"jet-table__cell elementor-repeater-item-bb847fd jet-table__head-cell\" scope=\"col\"><div class=\"jet-table__cell-inner\"><div class=\"jet-table__cell-content\"><div class=\"jet-table__cell-text\">Talla<\/div><\/div><\/div><\/th><th class=\"jet-table__cell elementor-repeater-item-707993e jet-table__head-cell\" scope=\"col\"><div class=\"jet-table__cell-inner\"><div class=\"jet-table__cell-content\"><div class=\"jet-table__cell-text\">Volumen<\/div><\/div><\/div><\/th><th class=\"jet-table__cell elementor-repeater-item-8634293 jet-table__head-cell\" scope=\"col\"><div class=\"jet-table__cell-inner\"><div class=\"jet-table__cell-content\"><div class=\"jet-table__cell-text\">Di\u00e1metro de la varilla<\/div><\/div><\/div><\/th><\/tr><\/thead>\n\t\t\t\t\t\t\t\t<tbody class=\"jet-table__body\"><tr class=\"jet-table__body-row elementor-repeater-item-56e727f\"><td class=\"jet-table__cell elementor-repeater-item-ea1bd3e jet-table__body-cell\"><div class=\"jet-table__cell-inner\"><div class=\"jet-table__cell-content\"><div class=\"jet-table__cell-text\">HSD-60<\/div><\/div><\/div><\/td><td class=\"jet-table__cell elementor-repeater-item-6dfd579 jet-table__body-cell\"><div class=\"jet-table__cell-inner\"><div class=\"jet-table__cell-content\"><div class=\"jet-table__cell-text\">4260234160611<\/div><\/div><\/div><\/td><td class=\"jet-table__cell elementor-repeater-item-0dd07ed jet-table__body-cell\"><div class=\"jet-table__cell-inner\"><div class=\"jet-table__cell-content\"><div class=\"jet-table__cell-text\">60 x 120 mm<\/div><\/div><\/div><\/td><td class=\"jet-table__cell elementor-repeater-item-8aa8f61 jet-table__body-cell\"><div class=\"jet-table__cell-inner\"><div class=\"jet-table__cell-content\"><div class=\"jet-table__cell-text\">75 ml<\/div><\/div><\/div><\/td><td class=\"jet-table__cell elementor-repeater-item-3481576 jet-table__body-cell\"><div class=\"jet-table__cell-inner\"><div class=\"jet-table__cell-content\"><div class=\"jet-table__cell-text\">10 mm<\/div><\/div><\/div><\/td><\/tr><tr class=\"jet-table__body-row elementor-repeater-item-998437b\"><td class=\"jet-table__cell elementor-repeater-item-60bb138 jet-table__body-cell\"><div class=\"jet-table__cell-inner\"><div class=\"jet-table__cell-content\"><div class=\"jet-table__cell-text\">HSD-80<\/div><\/div><\/div><\/td><td class=\"jet-table__cell elementor-repeater-item-ea03dbb jet-table__body-cell\"><div class=\"jet-table__cell-inner\"><div class=\"jet-table__cell-content\"><div class=\"jet-table__cell-text\">4260234160628<\/div><\/div><\/div><\/td><td class=\"jet-table__cell elementor-repeater-item-e3c1ad7 jet-table__body-cell\"><div class=\"jet-table__cell-inner\"><div class=\"jet-table__cell-content\"><div class=\"jet-table__cell-text\">80 x 175 mm<\/div><\/div><\/div><\/td><td class=\"jet-table__cell elementor-repeater-item-e85030d jet-table__body-cell\"><div class=\"jet-table__cell-inner\"><div class=\"jet-table__cell-content\"><div class=\"jet-table__cell-text\">200 ml<\/div><\/div><\/div><\/td><td class=\"jet-table__cell elementor-repeater-item-3bcbcc6 jet-table__body-cell\"><div class=\"jet-table__cell-inner\"><div class=\"jet-table__cell-content\"><div class=\"jet-table__cell-text\">10 mm<\/div><\/div><\/div><\/td><\/tr><tr class=\"jet-table__body-row elementor-repeater-item-d92f687\"><td class=\"jet-table__cell elementor-repeater-item-6b7a7e1 jet-table__body-cell\"><div class=\"jet-table__cell-inner\"><div class=\"jet-table__cell-content\"><div class=\"jet-table__cell-text\">HSD-100<\/div><\/div><\/div><\/td><td class=\"jet-table__cell elementor-repeater-item-e9bd5ad jet-table__body-cell\"><div class=\"jet-table__cell-inner\"><div class=\"jet-table__cell-content\"><div class=\"jet-table__cell-text\">4260234160635<\/div><\/div><\/div><\/td><td class=\"jet-table__cell elementor-repeater-item-0d2df3b jet-table__body-cell\"><div class=\"jet-table__cell-inner\"><div class=\"jet-table__cell-content\"><div class=\"jet-table__cell-text\">100 x 170 mm<\/div><\/div><\/div><\/td><td class=\"jet-table__cell elementor-repeater-item-616c620 jet-table__body-cell\"><div class=\"jet-table__cell-inner\"><div class=\"jet-table__cell-content\"><div class=\"jet-table__cell-text\">350 ml<\/div><\/div><\/div><\/td><td class=\"jet-table__cell elementor-repeater-item-3be996a jet-table__body-cell\"><div class=\"jet-table__cell-inner\"><div class=\"jet-table__cell-content\"><div class=\"jet-table__cell-text\">10 mm<\/div><\/div><\/div><\/td><\/tr><tr class=\"jet-table__body-row elementor-repeater-item-827b021\"><td class=\"jet-table__cell elementor-repeater-item-c410bc9 jet-table__body-cell\"><div class=\"jet-table__cell-inner\"><div class=\"jet-table__cell-content\"><div class=\"jet-table__cell-text\">HSD-130<\/div><\/div><\/div><\/td><td class=\"jet-table__cell elementor-repeater-item-bf62d57 jet-table__body-cell\"><div class=\"jet-table__cell-inner\"><div class=\"jet-table__cell-content\"><div class=\"jet-table__cell-text\">4260234160642<\/div><\/div><\/div><\/td><td class=\"jet-table__cell elementor-repeater-item-65aced5 jet-table__body-cell\"><div class=\"jet-table__cell-inner\"><div class=\"jet-table__cell-content\"><div class=\"jet-table__cell-text\">130 x 175 mm<\/div><\/div><\/div><\/td><td class=\"jet-table__cell elementor-repeater-item-c8aad2d jet-table__body-cell\"><div class=\"jet-table__cell-inner\"><div class=\"jet-table__cell-content\"><div class=\"jet-table__cell-text\">700 ml<\/div><\/div><\/div><\/td><td class=\"jet-table__cell elementor-repeater-item-3ce45d2 jet-table__body-cell\"><div class=\"jet-table__cell-inner\"><div class=\"jet-table__cell-content\"><div class=\"jet-table__cell-text\">10 mm<\/div><\/div><\/div><\/td><\/tr><\/tbody>\n\t\t\t<\/table>\n\t\t<\/div>\n\n\t\t<\/div>\t\t\t\t<\/div>\n\t\t\t\t<\/div>\n\t\t\t\t\t<\/div>\n\t\t<\/div>\n\t\t\t\t\t<\/div>\n\t\t<\/section>\n\t\t\t\t<\/div>\n\t\t","protected":false},"excerpt":{"rendered":"<p>La Bolsa Recolectora Stapleline es un instrumento desechable est\u00e9ril y consta de una bolsa de pl\u00e1stico flexible con una abertura grande y de f\u00e1cil acceso, una barra de gu\u00eda con un anillo para el pulgar y una funda de inserci\u00f3n. El material especial de PU altamente resistente a la rotura evita que los l\u00edquidos se salgan de la bolsa de recolecci\u00f3n. La bolsa de recuperaci\u00f3n de HSD se usa en cirug\u00edas endosc\u00f3picas como la prostatectom\u00eda radical (EERPE), la extracci\u00f3n de la pr\u00f3stata: el cirujano despliega la bolsa en el interior de la cavidad visceral y la cierra con un nudo una vez que se ha recuperado el tejido.<\/p>\n<p>Tales bolsas recuperadoras, que tambi\u00e9n se llaman endobolsas, tambi\u00e9n son necesarias para otras operaciones en las que se debe recuperar un tejido resecado. El anillo de metal flexible que abre la bolsa de recuperaci\u00f3n est\u00e1 hecho de una forma de memoria de aleaci\u00f3n de n\u00edquel-titanio.<\/p>\n","protected":false},"featured_media":3295,"comment_status":"closed","ping_status":"closed","template":"","meta":{"_acf_changed":false},"product_brand":[],"product_cat":[75,74],"product_tag":[],"class_list":{"0":"post-2883","1":"product","2":"type-product","3":"status-publish","4":"has-post-thumbnail","6":"product_cat-cirugia-laparoscopica","7":"product_cat-productos","9":"first","10":"instock","11":"virtual","12":"purchasable","13":"product-type-simple"},"acf":[],"yoast_head":"<!-- This site is optimized with the Yoast SEO plugin v26.3 - https:\/\/yoast.com\/wordpress\/plugins\/seo\/ -->\n<title>Bolsa Recolectora o Retr\u00e1ctil HSD - Stapleline Medizintechnik GmbH<\/title>\n<meta name=\"robots\" content=\"index, follow, max-snippet:-1, max-image-preview:large, max-video-preview:-1\" \/>\n<link rel=\"canonical\" href=\"https:\/\/stapleline.com\/es\/produkt\/bolsa-recolectora-o-retractil-hsd\/\" \/>\n<meta property=\"og:locale\" content=\"es_ES\" \/>\n<meta property=\"og:type\" content=\"article\" \/>\n<meta property=\"og:title\" content=\"Bolsa Recolectora o Retr\u00e1ctil HSD - Stapleline Medizintechnik GmbH\" \/>\n<meta property=\"og:description\" content=\"La Bolsa Recolectora Stapleline es un instrumento desechable est\u00e9ril y consta de una bolsa de pl\u00e1stico flexible con una abertura grande y de f\u00e1cil acceso, una barra de gu\u00eda con un anillo para el pulgar y una funda de inserci\u00f3n. El material especial de PU altamente resistente a la rotura evita que los l\u00edquidos se salgan de la bolsa de recolecci\u00f3n. La bolsa de recuperaci\u00f3n de HSD se usa en cirug\u00edas endosc\u00f3picas como la prostatectom\u00eda radical (EERPE), la extracci\u00f3n de la pr\u00f3stata: el cirujano despliega la bolsa en el interior de la cavidad visceral y la cierra con un nudo una vez que se ha recuperado el tejido.  Tales bolsas recuperadoras, que tambi\u00e9n se llaman endobolsas, tambi\u00e9n son necesarias para otras operaciones en las que se debe recuperar un tejido resecado. El anillo de metal flexible que abre la bolsa de recuperaci\u00f3n est\u00e1 hecho de una forma de memoria de aleaci\u00f3n de n\u00edquel-titanio.\" \/>\n<meta property=\"og:url\" content=\"https:\/\/stapleline.com\/es\/produkt\/bolsa-recolectora-o-retractil-hsd\/\" \/>\n<meta property=\"og:site_name\" content=\"Stapleline Medizintechnik GmbH\" \/>\n<meta property=\"article:modified_time\" content=\"2020-09-29T15:53:22+00:00\" \/>\n<meta property=\"og:image\" content=\"https:\/\/stapleline.com\/wp-content\/uploads\/2019\/06\/HSD-Bergebeutel.jpg\" \/>\n\t<meta property=\"og:image:width\" content=\"1200\" \/>\n\t<meta property=\"og:image:height\" content=\"900\" \/>\n\t<meta property=\"og:image:type\" content=\"image\/jpeg\" \/>\n<meta name=\"twitter:card\" content=\"summary_large_image\" \/>\n<script type=\"application\/ld+json\" class=\"yoast-schema-graph\">{\"@context\":\"https:\/\/schema.org\",\"@graph\":[{\"@type\":\"WebPage\",\"@id\":\"https:\/\/stapleline.com\/es\/produkt\/bolsa-recolectora-o-retractil-hsd\/\",\"url\":\"https:\/\/stapleline.com\/es\/produkt\/bolsa-recolectora-o-retractil-hsd\/\",\"name\":\"Bolsa Recolectora o Retr\u00e1ctil HSD - Stapleline Medizintechnik GmbH\",\"isPartOf\":{\"@id\":\"https:\/\/stapleline.com\/en\/#website\"},\"primaryImageOfPage\":{\"@id\":\"https:\/\/stapleline.com\/es\/produkt\/bolsa-recolectora-o-retractil-hsd\/#primaryimage\"},\"image\":{\"@id\":\"https:\/\/stapleline.com\/es\/produkt\/bolsa-recolectora-o-retractil-hsd\/#primaryimage\"},\"thumbnailUrl\":\"https:\/\/stapleline.com\/wp-content\/uploads\/2019\/06\/HSD-Bergebeutel.jpg\",\"datePublished\":\"2019-06-25T11:19:38+00:00\",\"dateModified\":\"2020-09-29T15:53:22+00:00\",\"breadcrumb\":{\"@id\":\"https:\/\/stapleline.com\/es\/produkt\/bolsa-recolectora-o-retractil-hsd\/#breadcrumb\"},\"inLanguage\":\"es\",\"potentialAction\":[{\"@type\":\"ReadAction\",\"target\":[\"https:\/\/stapleline.com\/es\/produkt\/bolsa-recolectora-o-retractil-hsd\/\"]}]},{\"@type\":\"ImageObject\",\"inLanguage\":\"es\",\"@id\":\"https:\/\/stapleline.com\/es\/produkt\/bolsa-recolectora-o-retractil-hsd\/#primaryimage\",\"url\":\"https:\/\/stapleline.com\/wp-content\/uploads\/2019\/06\/HSD-Bergebeutel.jpg\",\"contentUrl\":\"https:\/\/stapleline.com\/wp-content\/uploads\/2019\/06\/HSD-Bergebeutel.jpg\",\"width\":1200,\"height\":900},{\"@type\":\"BreadcrumbList\",\"@id\":\"https:\/\/stapleline.com\/es\/produkt\/bolsa-recolectora-o-retractil-hsd\/#breadcrumb\",\"itemListElement\":[{\"@type\":\"ListItem\",\"position\":1,\"name\":\"Startseite\",\"item\":\"https:\/\/stapleline.com\/\"},{\"@type\":\"ListItem\",\"position\":2,\"name\":\"Produkte\",\"item\":\"https:\/\/stapleline.com\/produkte\/\"},{\"@type\":\"ListItem\",\"position\":3,\"name\":\"Bolsa Recolectora o Retr\u00e1ctil HSD\"}]},{\"@type\":\"WebSite\",\"@id\":\"https:\/\/stapleline.com\/en\/#website\",\"url\":\"https:\/\/stapleline.com\/en\/\",\"name\":\"Stapleline Medizintechnik GmbH\",\"description\":\"\",\"publisher\":{\"@id\":\"https:\/\/stapleline.com\/en\/#organization\"},\"potentialAction\":[{\"@type\":\"SearchAction\",\"target\":{\"@type\":\"EntryPoint\",\"urlTemplate\":\"https:\/\/stapleline.com\/en\/?s={search_term_string}\"},\"query-input\":{\"@type\":\"PropertyValueSpecification\",\"valueRequired\":true,\"valueName\":\"search_term_string\"}}],\"inLanguage\":\"es\"},{\"@type\":\"Organization\",\"@id\":\"https:\/\/stapleline.com\/en\/#organization\",\"name\":\"Stapleline Medizintechnik GmbH\",\"url\":\"https:\/\/stapleline.com\/en\/\",\"logo\":{\"@type\":\"ImageObject\",\"inLanguage\":\"es\",\"@id\":\"https:\/\/stapleline.com\/en\/#\/schema\/logo\/image\/\",\"url\":\"https:\/\/stapleline.com\/wp-content\/uploads\/2019\/08\/logo-stapleline.png\",\"contentUrl\":\"https:\/\/stapleline.com\/wp-content\/uploads\/2019\/08\/logo-stapleline.png\",\"width\":500,\"height\":184,\"caption\":\"Stapleline Medizintechnik GmbH\"},\"image\":{\"@id\":\"https:\/\/stapleline.com\/en\/#\/schema\/logo\/image\/\"}}]}<\/script>\n<!-- \/ Yoast SEO plugin. -->","yoast_head_json":{"title":"Bolsa Recolectora o Retr\u00e1ctil HSD - Stapleline Medizintechnik GmbH","robots":{"index":"index","follow":"follow","max-snippet":"max-snippet:-1","max-image-preview":"max-image-preview:large","max-video-preview":"max-video-preview:-1"},"canonical":"https:\/\/stapleline.com\/es\/produkt\/bolsa-recolectora-o-retractil-hsd\/","og_locale":"es_ES","og_type":"article","og_title":"Bolsa Recolectora o Retr\u00e1ctil HSD - Stapleline Medizintechnik GmbH","og_description":"La Bolsa Recolectora Stapleline es un instrumento desechable est\u00e9ril y consta de una bolsa de pl\u00e1stico flexible con una abertura grande y de f\u00e1cil acceso, una barra de gu\u00eda con un anillo para el pulgar y una funda de inserci\u00f3n. El material especial de PU altamente resistente a la rotura evita que los l\u00edquidos se salgan de la bolsa de recolecci\u00f3n. La bolsa de recuperaci\u00f3n de HSD se usa en cirug\u00edas endosc\u00f3picas como la prostatectom\u00eda radical (EERPE), la extracci\u00f3n de la pr\u00f3stata: el cirujano despliega la bolsa en el interior de la cavidad visceral y la cierra con un nudo una vez que se ha recuperado el tejido.  Tales bolsas recuperadoras, que tambi\u00e9n se llaman endobolsas, tambi\u00e9n son necesarias para otras operaciones en las que se debe recuperar un tejido resecado. El anillo de metal flexible que abre la bolsa de recuperaci\u00f3n est\u00e1 hecho de una forma de memoria de aleaci\u00f3n de n\u00edquel-titanio.","og_url":"https:\/\/stapleline.com\/es\/produkt\/bolsa-recolectora-o-retractil-hsd\/","og_site_name":"Stapleline Medizintechnik GmbH","article_modified_time":"2020-09-29T15:53:22+00:00","og_image":[{"width":1200,"height":900,"url":"https:\/\/stapleline.com\/wp-content\/uploads\/2019\/06\/HSD-Bergebeutel.jpg","type":"image\/jpeg"}],"twitter_card":"summary_large_image","schema":{"@context":"https:\/\/schema.org","@graph":[{"@type":"WebPage","@id":"https:\/\/stapleline.com\/es\/produkt\/bolsa-recolectora-o-retractil-hsd\/","url":"https:\/\/stapleline.com\/es\/produkt\/bolsa-recolectora-o-retractil-hsd\/","name":"Bolsa Recolectora o Retr\u00e1ctil HSD - Stapleline Medizintechnik GmbH","isPartOf":{"@id":"https:\/\/stapleline.com\/en\/#website"},"primaryImageOfPage":{"@id":"https:\/\/stapleline.com\/es\/produkt\/bolsa-recolectora-o-retractil-hsd\/#primaryimage"},"image":{"@id":"https:\/\/stapleline.com\/es\/produkt\/bolsa-recolectora-o-retractil-hsd\/#primaryimage"},"thumbnailUrl":"https:\/\/stapleline.com\/wp-content\/uploads\/2019\/06\/HSD-Bergebeutel.jpg","datePublished":"2019-06-25T11:19:38+00:00","dateModified":"2020-09-29T15:53:22+00:00","breadcrumb":{"@id":"https:\/\/stapleline.com\/es\/produkt\/bolsa-recolectora-o-retractil-hsd\/#breadcrumb"},"inLanguage":"es","potentialAction":[{"@type":"ReadAction","target":["https:\/\/stapleline.com\/es\/produkt\/bolsa-recolectora-o-retractil-hsd\/"]}]},{"@type":"ImageObject","inLanguage":"es","@id":"https:\/\/stapleline.com\/es\/produkt\/bolsa-recolectora-o-retractil-hsd\/#primaryimage","url":"https:\/\/stapleline.com\/wp-content\/uploads\/2019\/06\/HSD-Bergebeutel.jpg","contentUrl":"https:\/\/stapleline.com\/wp-content\/uploads\/2019\/06\/HSD-Bergebeutel.jpg","width":1200,"height":900},{"@type":"BreadcrumbList","@id":"https:\/\/stapleline.com\/es\/produkt\/bolsa-recolectora-o-retractil-hsd\/#breadcrumb","itemListElement":[{"@type":"ListItem","position":1,"name":"Startseite","item":"https:\/\/stapleline.com\/"},{"@type":"ListItem","position":2,"name":"Produkte","item":"https:\/\/stapleline.com\/produkte\/"},{"@type":"ListItem","position":3,"name":"Bolsa Recolectora o Retr\u00e1ctil HSD"}]},{"@type":"WebSite","@id":"https:\/\/stapleline.com\/en\/#website","url":"https:\/\/stapleline.com\/en\/","name":"Stapleline Medizintechnik GmbH","description":"","publisher":{"@id":"https:\/\/stapleline.com\/en\/#organization"},"potentialAction":[{"@type":"SearchAction","target":{"@type":"EntryPoint","urlTemplate":"https:\/\/stapleline.com\/en\/?s={search_term_string}"},"query-input":{"@type":"PropertyValueSpecification","valueRequired":true,"valueName":"search_term_string"}}],"inLanguage":"es"},{"@type":"Organization","@id":"https:\/\/stapleline.com\/en\/#organization","name":"Stapleline Medizintechnik GmbH","url":"https:\/\/stapleline.com\/en\/","logo":{"@type":"ImageObject","inLanguage":"es","@id":"https:\/\/stapleline.com\/en\/#\/schema\/logo\/image\/","url":"https:\/\/stapleline.com\/wp-content\/uploads\/2019\/08\/logo-stapleline.png","contentUrl":"https:\/\/stapleline.com\/wp-content\/uploads\/2019\/08\/logo-stapleline.png","width":500,"height":184,"caption":"Stapleline Medizintechnik GmbH"},"image":{"@id":"https:\/\/stapleline.com\/en\/#\/schema\/logo\/image\/"}}]}},"_links":{"self":[{"href":"https:\/\/stapleline.com\/es\/wp-json\/wp\/v2\/product\/2883","targetHints":{"allow":["GET"]}}],"collection":[{"href":"https:\/\/stapleline.com\/es\/wp-json\/wp\/v2\/product"}],"about":[{"href":"https:\/\/stapleline.com\/es\/wp-json\/wp\/v2\/types\/product"}],"replies":[{"embeddable":true,"href":"https:\/\/stapleline.com\/es\/wp-json\/wp\/v2\/comments?post=2883"}],"version-history":[{"count":0,"href":"https:\/\/stapleline.com\/es\/wp-json\/wp\/v2\/product\/2883\/revisions"}],"wp:featuredmedia":[{"embeddable":true,"href":"https:\/\/stapleline.com\/es\/wp-json\/wp\/v2\/media\/3295"}],"wp:attachment":[{"href":"https:\/\/stapleline.com\/es\/wp-json\/wp\/v2\/media?parent=2883"}],"wp:term":[{"taxonomy":"product_brand","embeddable":true,"href":"https:\/\/stapleline.com\/es\/wp-json\/wp\/v2\/product_brand?post=2883"},{"taxonomy":"product_cat","embeddable":true,"href":"https:\/\/stapleline.com\/es\/wp-json\/wp\/v2\/product_cat?post=2883"},{"taxonomy":"product_tag","embeddable":true,"href":"https:\/\/stapleline.com\/es\/wp-json\/wp\/v2\/product_tag?post=2883"}],"curies":[{"name":"wp","href":"https:\/\/api.w.org\/{rel}","templated":true}]}}