{"id":2872,"date":"2019-02-25T16:20:48","date_gmt":"2019-02-25T15:20:48","guid":{"rendered":"https:\/\/stapleline.com\/produkt\/engrapadora-y-removedor-de-piel\/"},"modified":"2021-01-21T14:47:29","modified_gmt":"2021-01-21T13:47:29","slug":"engrapadora","status":"publish","type":"product","link":"https:\/\/stapleline.com\/es\/produkt\/engrapadora\/","title":{"rendered":"Engrapadora"},"content":{"rendered":"\t\t<div data-elementor-type=\"product-post\" data-elementor-id=\"2872\" class=\"elementor elementor-2872\" data-elementor-post-type=\"product\">\n\t\t\t\t\t\t<section class=\"elementor-section elementor-top-section elementor-element elementor-element-6442813 elementor-section-boxed elementor-section-height-default elementor-section-height-default\" data-id=\"6442813\" data-element_type=\"section\">\n\t\t\t\t\t\t<div class=\"elementor-container elementor-column-gap-no\">\n\t\t\t\t\t<div class=\"elementor-column elementor-col-100 elementor-top-column elementor-element elementor-element-3dbdd3e\" data-id=\"3dbdd3e\" data-element_type=\"column\">\n\t\t\t<div class=\"elementor-widget-wrap elementor-element-populated\">\n\t\t\t\t\t\t<div class=\"elementor-element elementor-element-1eaee76 elementor-widget elementor-widget-jet-table\" data-id=\"1eaee76\" data-element_type=\"widget\" data-widget_type=\"jet-table.default\">\n\t\t\t\t<div class=\"elementor-widget-container\">\n\t\t\t\t\t<div class=\"elementor-jet-table jet-elements\">\n\t\t<div class=\"jet-table-wrapper jet-table-responsive-mobile jet-table-responsive-tablet\">\n\t\t\t<table class=\"jet-table jet-table--fa5-compat\">\n\t\t\t\t<thead class=\"jet-table__head\"><tr class=\"jet-table__head-row\"><th class=\"jet-table__cell elementor-repeater-item-d525945 jet-table__head-cell\" scope=\"col\"><div class=\"jet-table__cell-inner\"><div class=\"jet-table__cell-content\"><div class=\"jet-table__cell-text\">C\u00f3digo de producto<\/div><\/div><\/div><\/th><th class=\"jet-table__cell elementor-repeater-item-4f4f359 jet-table__head-cell\" scope=\"col\"><div class=\"jet-table__cell-inner\"><div class=\"jet-table__cell-content\"><div class=\"jet-table__cell-text\">N\u00famero de GTIN<\/div><\/div><\/div><\/th><th class=\"jet-table__cell elementor-repeater-item-bb847fd jet-table__head-cell\" scope=\"col\"><div class=\"jet-table__cell-inner\"><div class=\"jet-table__cell-content\"><div class=\"jet-table__cell-text\">Descripci\u00f3n<\/div><\/div><\/div><\/th><th class=\"jet-table__cell elementor-repeater-item-707993e jet-table__head-cell\" scope=\"col\"><div class=\"jet-table__cell-inner\"><div class=\"jet-table__cell-content\"><div class=\"jet-table__cell-text\">Embalaje<\/div><\/div><\/div><\/th><\/tr><\/thead>\n\t\t\t\t\t\t\t\t<tbody class=\"jet-table__body\"><tr class=\"jet-table__body-row elementor-repeater-item-56e727f\"><td class=\"jet-table__cell elementor-repeater-item-d085ca8 jet-table__body-cell\"><div class=\"jet-table__cell-inner\"><div class=\"jet-table__cell-content\"><div class=\"jet-table__cell-text\">35W<\/div><\/div><\/div><\/td><td class=\"jet-table__cell elementor-repeater-item-8bde55d jet-table__body-cell\"><div class=\"jet-table__cell-inner\"><div class=\"jet-table__cell-content\"><div class=\"jet-table__cell-text\">8809240390122<\/div><\/div><\/div><\/td><td class=\"jet-table__cell elementor-repeater-item-46473c8 jet-table__body-cell\"><div class=\"jet-table__cell-inner\"><div class=\"jet-table__cell-content\"><div class=\"jet-table__cell-text\">6,4 x 4 mm<\/div><\/div><\/div><\/td><td class=\"jet-table__cell elementor-repeater-item-b02ef84 jet-table__body-cell\"><div class=\"jet-table__cell-inner\"><div class=\"jet-table__cell-content\"><div class=\"jet-table__cell-text\">100<\/div><\/div><\/div><\/td><\/tr><\/tbody>\n\t\t\t<\/table>\n\t\t<\/div>\n\n\t\t<\/div>\t\t\t\t<\/div>\n\t\t\t\t<\/div>\n\t\t\t\t\t<\/div>\n\t\t<\/div>\n\t\t\t\t\t<\/div>\n\t\t<\/section>\n\t\t\t\t<\/div>\n\t\t","protected":false},"excerpt":{"rendered":"<p>Esta engrapadora de piel es un instrumento desechable est\u00e9ril y ergon\u00f3mico, con el cual las heridas pueden cerrarse r\u00e1pidamente y sin esfuerzo. En cirug\u00eda, esta engrapadora se usa para una variedad de cierres de piel. Las engrapadoras de la piel se utilizan en ginecolog\u00eda, ortopedia, cirug\u00eda tor\u00e1xica y visceral, donde la piel debe cerrarse mediante grapado r\u00e1pido. La forma del dispositivo est\u00e1 dise\u00f1ada de tal manera que el cirujano tenga una visi\u00f3n clara de la herida. Un exclusivo sistema de seguridad evita que el dispositivo se atasque. Es f\u00e1cil ver desde el exterior cu\u00e1ntas abrazaderas de las 35 grapas quedan en el instrumento.<\/p>\n","protected":false},"featured_media":4218,"comment_status":"closed","ping_status":"closed","template":"","meta":{"_acf_changed":false},"product_brand":[],"product_cat":[76,74],"product_tag":[],"class_list":{"0":"post-2872","1":"product","2":"type-product","3":"status-publish","4":"has-post-thumbnail","6":"product_cat-cirugia-abierta","7":"product_cat-productos","9":"first","10":"instock","11":"virtual","12":"purchasable","13":"product-type-simple"},"acf":[],"yoast_head":"<!-- This site is optimized with the Yoast SEO plugin v26.3 - https:\/\/yoast.com\/wordpress\/plugins\/seo\/ -->\n<title>Engrapadora - Stapleline Medizintechnik GmbH<\/title>\n<meta name=\"robots\" content=\"index, follow, max-snippet:-1, max-image-preview:large, max-video-preview:-1\" \/>\n<link rel=\"canonical\" href=\"https:\/\/stapleline.com\/es\/produkt\/engrapadora\/\" \/>\n<meta property=\"og:locale\" content=\"es_ES\" \/>\n<meta property=\"og:type\" content=\"article\" \/>\n<meta property=\"og:title\" content=\"Engrapadora - Stapleline Medizintechnik GmbH\" \/>\n<meta property=\"og:description\" content=\"Esta engrapadora de piel es un instrumento desechable est\u00e9ril y ergon\u00f3mico, con el cual las heridas pueden cerrarse r\u00e1pidamente y sin esfuerzo. En cirug\u00eda, esta engrapadora se usa para una variedad de cierres de piel. Las engrapadoras de la piel se utilizan en ginecolog\u00eda, ortopedia, cirug\u00eda tor\u00e1xica y visceral, donde la piel debe cerrarse mediante grapado r\u00e1pido. La forma del dispositivo est\u00e1 dise\u00f1ada de tal manera que el cirujano tenga una visi\u00f3n clara de la herida. Un exclusivo sistema de seguridad evita que el dispositivo se atasque. Es f\u00e1cil ver desde el exterior cu\u00e1ntas abrazaderas de las 35 grapas quedan en el instrumento.\" \/>\n<meta property=\"og:url\" content=\"https:\/\/stapleline.com\/es\/produkt\/engrapadora\/\" \/>\n<meta property=\"og:site_name\" content=\"Stapleline Medizintechnik GmbH\" \/>\n<meta property=\"article:modified_time\" content=\"2021-01-21T13:47:29+00:00\" \/>\n<meta property=\"og:image\" content=\"https:\/\/stapleline.com\/wp-content\/uploads\/2019\/02\/hautklammergeraet.png\" \/>\n\t<meta property=\"og:image:width\" content=\"1080\" \/>\n\t<meta property=\"og:image:height\" content=\"1080\" \/>\n\t<meta property=\"og:image:type\" content=\"image\/png\" \/>\n<meta name=\"twitter:card\" content=\"summary_large_image\" \/>\n<script type=\"application\/ld+json\" class=\"yoast-schema-graph\">{\"@context\":\"https:\/\/schema.org\",\"@graph\":[{\"@type\":\"WebPage\",\"@id\":\"https:\/\/stapleline.com\/es\/produkt\/engrapadora\/\",\"url\":\"https:\/\/stapleline.com\/es\/produkt\/engrapadora\/\",\"name\":\"Engrapadora - Stapleline Medizintechnik GmbH\",\"isPartOf\":{\"@id\":\"https:\/\/stapleline.com\/en\/#website\"},\"primaryImageOfPage\":{\"@id\":\"https:\/\/stapleline.com\/es\/produkt\/engrapadora\/#primaryimage\"},\"image\":{\"@id\":\"https:\/\/stapleline.com\/es\/produkt\/engrapadora\/#primaryimage\"},\"thumbnailUrl\":\"https:\/\/stapleline.com\/wp-content\/uploads\/2019\/02\/skinstapler-internet-Seite-deckbaltt-scaled.jpg\",\"datePublished\":\"2019-02-25T15:20:48+00:00\",\"dateModified\":\"2021-01-21T13:47:29+00:00\",\"breadcrumb\":{\"@id\":\"https:\/\/stapleline.com\/es\/produkt\/engrapadora\/#breadcrumb\"},\"inLanguage\":\"es\",\"potentialAction\":[{\"@type\":\"ReadAction\",\"target\":[\"https:\/\/stapleline.com\/es\/produkt\/engrapadora\/\"]}]},{\"@type\":\"ImageObject\",\"inLanguage\":\"es\",\"@id\":\"https:\/\/stapleline.com\/es\/produkt\/engrapadora\/#primaryimage\",\"url\":\"https:\/\/stapleline.com\/wp-content\/uploads\/2019\/02\/skinstapler-internet-Seite-deckbaltt-scaled.jpg\",\"contentUrl\":\"https:\/\/stapleline.com\/wp-content\/uploads\/2019\/02\/skinstapler-internet-Seite-deckbaltt-scaled.jpg\",\"width\":2048,\"height\":2048},{\"@type\":\"BreadcrumbList\",\"@id\":\"https:\/\/stapleline.com\/es\/produkt\/engrapadora\/#breadcrumb\",\"itemListElement\":[{\"@type\":\"ListItem\",\"position\":1,\"name\":\"Startseite\",\"item\":\"https:\/\/stapleline.com\/\"},{\"@type\":\"ListItem\",\"position\":2,\"name\":\"Produkte\",\"item\":\"https:\/\/stapleline.com\/produkte\/\"},{\"@type\":\"ListItem\",\"position\":3,\"name\":\"Engrapadora\"}]},{\"@type\":\"WebSite\",\"@id\":\"https:\/\/stapleline.com\/en\/#website\",\"url\":\"https:\/\/stapleline.com\/en\/\",\"name\":\"Stapleline Medizintechnik GmbH\",\"description\":\"\",\"publisher\":{\"@id\":\"https:\/\/stapleline.com\/en\/#organization\"},\"potentialAction\":[{\"@type\":\"SearchAction\",\"target\":{\"@type\":\"EntryPoint\",\"urlTemplate\":\"https:\/\/stapleline.com\/en\/?s={search_term_string}\"},\"query-input\":{\"@type\":\"PropertyValueSpecification\",\"valueRequired\":true,\"valueName\":\"search_term_string\"}}],\"inLanguage\":\"es\"},{\"@type\":\"Organization\",\"@id\":\"https:\/\/stapleline.com\/en\/#organization\",\"name\":\"Stapleline Medizintechnik GmbH\",\"url\":\"https:\/\/stapleline.com\/en\/\",\"logo\":{\"@type\":\"ImageObject\",\"inLanguage\":\"es\",\"@id\":\"https:\/\/stapleline.com\/en\/#\/schema\/logo\/image\/\",\"url\":\"https:\/\/stapleline.com\/wp-content\/uploads\/2019\/08\/logo-stapleline.png\",\"contentUrl\":\"https:\/\/stapleline.com\/wp-content\/uploads\/2019\/08\/logo-stapleline.png\",\"width\":500,\"height\":184,\"caption\":\"Stapleline Medizintechnik GmbH\"},\"image\":{\"@id\":\"https:\/\/stapleline.com\/en\/#\/schema\/logo\/image\/\"}}]}<\/script>\n<!-- \/ Yoast SEO plugin. -->","yoast_head_json":{"title":"Engrapadora - Stapleline Medizintechnik GmbH","robots":{"index":"index","follow":"follow","max-snippet":"max-snippet:-1","max-image-preview":"max-image-preview:large","max-video-preview":"max-video-preview:-1"},"canonical":"https:\/\/stapleline.com\/es\/produkt\/engrapadora\/","og_locale":"es_ES","og_type":"article","og_title":"Engrapadora - Stapleline Medizintechnik GmbH","og_description":"Esta engrapadora de piel es un instrumento desechable est\u00e9ril y ergon\u00f3mico, con el cual las heridas pueden cerrarse r\u00e1pidamente y sin esfuerzo. En cirug\u00eda, esta engrapadora se usa para una variedad de cierres de piel. Las engrapadoras de la piel se utilizan en ginecolog\u00eda, ortopedia, cirug\u00eda tor\u00e1xica y visceral, donde la piel debe cerrarse mediante grapado r\u00e1pido. La forma del dispositivo est\u00e1 dise\u00f1ada de tal manera que el cirujano tenga una visi\u00f3n clara de la herida. Un exclusivo sistema de seguridad evita que el dispositivo se atasque. Es f\u00e1cil ver desde el exterior cu\u00e1ntas abrazaderas de las 35 grapas quedan en el instrumento.","og_url":"https:\/\/stapleline.com\/es\/produkt\/engrapadora\/","og_site_name":"Stapleline Medizintechnik GmbH","article_modified_time":"2021-01-21T13:47:29+00:00","og_image":[{"width":1080,"height":1080,"url":"https:\/\/stapleline.com\/wp-content\/uploads\/2019\/02\/hautklammergeraet.png","type":"image\/png"}],"twitter_card":"summary_large_image","schema":{"@context":"https:\/\/schema.org","@graph":[{"@type":"WebPage","@id":"https:\/\/stapleline.com\/es\/produkt\/engrapadora\/","url":"https:\/\/stapleline.com\/es\/produkt\/engrapadora\/","name":"Engrapadora - Stapleline Medizintechnik GmbH","isPartOf":{"@id":"https:\/\/stapleline.com\/en\/#website"},"primaryImageOfPage":{"@id":"https:\/\/stapleline.com\/es\/produkt\/engrapadora\/#primaryimage"},"image":{"@id":"https:\/\/stapleline.com\/es\/produkt\/engrapadora\/#primaryimage"},"thumbnailUrl":"https:\/\/stapleline.com\/wp-content\/uploads\/2019\/02\/skinstapler-internet-Seite-deckbaltt-scaled.jpg","datePublished":"2019-02-25T15:20:48+00:00","dateModified":"2021-01-21T13:47:29+00:00","breadcrumb":{"@id":"https:\/\/stapleline.com\/es\/produkt\/engrapadora\/#breadcrumb"},"inLanguage":"es","potentialAction":[{"@type":"ReadAction","target":["https:\/\/stapleline.com\/es\/produkt\/engrapadora\/"]}]},{"@type":"ImageObject","inLanguage":"es","@id":"https:\/\/stapleline.com\/es\/produkt\/engrapadora\/#primaryimage","url":"https:\/\/stapleline.com\/wp-content\/uploads\/2019\/02\/skinstapler-internet-Seite-deckbaltt-scaled.jpg","contentUrl":"https:\/\/stapleline.com\/wp-content\/uploads\/2019\/02\/skinstapler-internet-Seite-deckbaltt-scaled.jpg","width":2048,"height":2048},{"@type":"BreadcrumbList","@id":"https:\/\/stapleline.com\/es\/produkt\/engrapadora\/#breadcrumb","itemListElement":[{"@type":"ListItem","position":1,"name":"Startseite","item":"https:\/\/stapleline.com\/"},{"@type":"ListItem","position":2,"name":"Produkte","item":"https:\/\/stapleline.com\/produkte\/"},{"@type":"ListItem","position":3,"name":"Engrapadora"}]},{"@type":"WebSite","@id":"https:\/\/stapleline.com\/en\/#website","url":"https:\/\/stapleline.com\/en\/","name":"Stapleline Medizintechnik GmbH","description":"","publisher":{"@id":"https:\/\/stapleline.com\/en\/#organization"},"potentialAction":[{"@type":"SearchAction","target":{"@type":"EntryPoint","urlTemplate":"https:\/\/stapleline.com\/en\/?s={search_term_string}"},"query-input":{"@type":"PropertyValueSpecification","valueRequired":true,"valueName":"search_term_string"}}],"inLanguage":"es"},{"@type":"Organization","@id":"https:\/\/stapleline.com\/en\/#organization","name":"Stapleline Medizintechnik GmbH","url":"https:\/\/stapleline.com\/en\/","logo":{"@type":"ImageObject","inLanguage":"es","@id":"https:\/\/stapleline.com\/en\/#\/schema\/logo\/image\/","url":"https:\/\/stapleline.com\/wp-content\/uploads\/2019\/08\/logo-stapleline.png","contentUrl":"https:\/\/stapleline.com\/wp-content\/uploads\/2019\/08\/logo-stapleline.png","width":500,"height":184,"caption":"Stapleline Medizintechnik GmbH"},"image":{"@id":"https:\/\/stapleline.com\/en\/#\/schema\/logo\/image\/"}}]}},"_links":{"self":[{"href":"https:\/\/stapleline.com\/es\/wp-json\/wp\/v2\/product\/2872","targetHints":{"allow":["GET"]}}],"collection":[{"href":"https:\/\/stapleline.com\/es\/wp-json\/wp\/v2\/product"}],"about":[{"href":"https:\/\/stapleline.com\/es\/wp-json\/wp\/v2\/types\/product"}],"replies":[{"embeddable":true,"href":"https:\/\/stapleline.com\/es\/wp-json\/wp\/v2\/comments?post=2872"}],"version-history":[{"count":0,"href":"https:\/\/stapleline.com\/es\/wp-json\/wp\/v2\/product\/2872\/revisions"}],"wp:featuredmedia":[{"embeddable":true,"href":"https:\/\/stapleline.com\/es\/wp-json\/wp\/v2\/media\/4218"}],"wp:attachment":[{"href":"https:\/\/stapleline.com\/es\/wp-json\/wp\/v2\/media?parent=2872"}],"wp:term":[{"taxonomy":"product_brand","embeddable":true,"href":"https:\/\/stapleline.com\/es\/wp-json\/wp\/v2\/product_brand?post=2872"},{"taxonomy":"product_cat","embeddable":true,"href":"https:\/\/stapleline.com\/es\/wp-json\/wp\/v2\/product_cat?post=2872"},{"taxonomy":"product_tag","embeddable":true,"href":"https:\/\/stapleline.com\/es\/wp-json\/wp\/v2\/product_tag?post=2872"}],"curies":[{"name":"wp","href":"https:\/\/api.w.org\/{rel}","templated":true}]}}