{"id":2857,"date":"2019-02-25T16:10:55","date_gmt":"2019-02-25T15:10:55","guid":{"rendered":"https:\/\/stapleline.com\/produkt\/bolsa-de-recuperacion-endobag\/"},"modified":"2020-09-29T17:35:38","modified_gmt":"2020-09-29T15:35:38","slug":"bolsa-de-recuperacion-endobag","status":"publish","type":"product","link":"https:\/\/stapleline.com\/es\/produkt\/bolsa-de-recuperacion-endobag\/","title":{"rendered":"Bolsa de Recuperaci\u00f3n Endobag"},"content":{"rendered":"\t\t<div data-elementor-type=\"product-post\" data-elementor-id=\"2857\" class=\"elementor elementor-2857\" data-elementor-post-type=\"product\">\n\t\t\t\t\t\t<section class=\"elementor-section elementor-top-section elementor-element elementor-element-54d2427c elementor-section-boxed elementor-section-height-default elementor-section-height-default\" data-id=\"54d2427c\" data-element_type=\"section\" data-settings=\"{&quot;background_background&quot;:&quot;classic&quot;}\">\n\t\t\t\t\t\t<div class=\"elementor-container elementor-column-gap-no\">\n\t\t\t\t\t<div class=\"elementor-column elementor-col-100 elementor-top-column elementor-element elementor-element-27d6aaa7\" data-id=\"27d6aaa7\" data-element_type=\"column\">\n\t\t\t<div class=\"elementor-widget-wrap elementor-element-populated\">\n\t\t\t\t\t\t<div class=\"elementor-element elementor-element-6672898 elementor-widget elementor-widget-jet-table\" data-id=\"6672898\" data-element_type=\"widget\" data-widget_type=\"jet-table.default\">\n\t\t\t\t<div class=\"elementor-widget-container\">\n\t\t\t\t\t<div class=\"elementor-jet-table jet-elements\">\n\t\t<div class=\"jet-table-wrapper jet-table-responsive-mobile jet-table-responsive-tablet\">\n\t\t\t<table class=\"jet-table jet-table--fa5-compat\">\n\t\t\t\t<thead class=\"jet-table__head\"><tr class=\"jet-table__head-row\"><th class=\"jet-table__cell elementor-repeater-item-d525945 jet-table__head-cell\" scope=\"col\"><div class=\"jet-table__cell-inner\"><div class=\"jet-table__cell-content\"><div class=\"jet-table__cell-text\">N\u00famero de orden<\/div><\/div><\/div><\/th><th class=\"jet-table__cell elementor-repeater-item-f9d8e28 jet-table__head-cell\" scope=\"col\"><div class=\"jet-table__cell-inner\"><div class=\"jet-table__cell-content\"><div class=\"jet-table__cell-text\">N\u00famero de GTIN<\/div><\/div><\/div><\/th><th class=\"jet-table__cell elementor-repeater-item-d5ae888 jet-table__head-cell\" scope=\"col\"><div class=\"jet-table__cell-inner\"><div class=\"jet-table__cell-content\"><div class=\"jet-table__cell-text\">Di\u00e1metro de la bolsa x longitud<\/div><\/div><\/div><\/th><th class=\"jet-table__cell elementor-repeater-item-91ffc82 jet-table__head-cell\" scope=\"col\"><div class=\"jet-table__cell-inner\"><div class=\"jet-table__cell-content\"><div class=\"jet-table__cell-text\">Di\u00e1metro del tubo de entrada<\/div><\/div><\/div><\/th><th class=\"jet-table__cell elementor-repeater-item-a18dbde jet-table__head-cell\" scope=\"col\"><div class=\"jet-table__cell-inner\"><div class=\"jet-table__cell-content\"><div class=\"jet-table__cell-text\">Volumen<\/div><\/div><\/div><\/th><\/tr><\/thead>\n\t\t\t\t\t\t\t\t<tbody class=\"jet-table__body\"><tr class=\"jet-table__body-row elementor-repeater-item-8a9940d\"><td class=\"jet-table__cell elementor-repeater-item-327b974 jet-table__body-cell\"><div class=\"jet-table__cell-inner\"><div class=\"jet-table__cell-content\"><div class=\"jet-table__cell-text\">BBD-TSG-01<\/div><\/div><\/div><\/td><td class=\"jet-table__cell elementor-repeater-item-048f7cb jet-table__body-cell\"><div class=\"jet-table__cell-inner\"><div class=\"jet-table__cell-content\"><div class=\"jet-table__cell-text\">6944300571072<\/div><\/div><\/div><\/td><td class=\"jet-table__cell elementor-repeater-item-f1a979c jet-table__body-cell\"><div class=\"jet-table__cell-inner\"><div class=\"jet-table__cell-content\"><div class=\"jet-table__cell-text\">85 mm x 200 mm<\/div><\/div><\/div><\/td><td class=\"jet-table__cell elementor-repeater-item-90a12c9 jet-table__body-cell\"><div class=\"jet-table__cell-inner\"><div class=\"jet-table__cell-content\"><div class=\"jet-table__cell-text\">10 mm<\/div><\/div><\/div><\/td><td class=\"jet-table__cell elementor-repeater-item-f2b4c6b jet-table__body-cell\"><div class=\"jet-table__cell-inner\"><div class=\"jet-table__cell-content\"><div class=\"jet-table__cell-text\">200 ml<\/div><\/div><\/div><\/td><\/tr><tr class=\"jet-table__body-row elementor-repeater-item-18e4982\"><td class=\"jet-table__cell elementor-repeater-item-2fdea68 jet-table__body-cell\"><div class=\"jet-table__cell-inner\"><div class=\"jet-table__cell-content\"><div class=\"jet-table__cell-text\">BBD-TSG-02<\/div><\/div><\/div><\/td><td class=\"jet-table__cell elementor-repeater-item-c3a2367 jet-table__body-cell\"><div class=\"jet-table__cell-inner\"><div class=\"jet-table__cell-content\"><div class=\"jet-table__cell-text\">6944300571089<\/div><\/div><\/div><\/td><td class=\"jet-table__cell elementor-repeater-item-1493cfa jet-table__body-cell\"><div class=\"jet-table__cell-inner\"><div class=\"jet-table__cell-content\"><div class=\"jet-table__cell-text\">130 mm x 200 mm<\/div><\/div><\/div><\/td><td class=\"jet-table__cell elementor-repeater-item-820ae33 jet-table__body-cell\"><div class=\"jet-table__cell-inner\"><div class=\"jet-table__cell-content\"><div class=\"jet-table__cell-text\">10 mm<\/div><\/div><\/div><\/td><td class=\"jet-table__cell elementor-repeater-item-f677707 jet-table__body-cell\"><div class=\"jet-table__cell-inner\"><div class=\"jet-table__cell-content\"><div class=\"jet-table__cell-text\">400 ml<\/div><\/div><\/div><\/td><\/tr><tr class=\"jet-table__body-row elementor-repeater-item-75f0ef2\"><td class=\"jet-table__cell elementor-repeater-item-eccaeb6 jet-table__body-cell\"><div class=\"jet-table__cell-inner\"><div class=\"jet-table__cell-content\"><div class=\"jet-table__cell-text\">BBD-TSG-03<\/div><\/div><\/div><\/td><td class=\"jet-table__cell elementor-repeater-item-fc488c7 jet-table__body-cell\"><div class=\"jet-table__cell-inner\"><div class=\"jet-table__cell-content\"><div class=\"jet-table__cell-text\"> 6944300571096<\/div><\/div><\/div><\/td><td class=\"jet-table__cell elementor-repeater-item-0931f7e jet-table__body-cell\"><div class=\"jet-table__cell-inner\"><div class=\"jet-table__cell-content\"><div class=\"jet-table__cell-text\">150 mm x 200 mm<\/div><\/div><\/div><\/td><td class=\"jet-table__cell elementor-repeater-item-49e72f8 jet-table__body-cell\"><div class=\"jet-table__cell-inner\"><div class=\"jet-table__cell-content\"><div class=\"jet-table__cell-text\">10 mm<\/div><\/div><\/div><\/td><td class=\"jet-table__cell elementor-repeater-item-3f880b0 jet-table__body-cell\"><div class=\"jet-table__cell-inner\"><div class=\"jet-table__cell-content\"><div class=\"jet-table__cell-text\">800 ml<\/div><\/div><\/div><\/td><\/tr><\/tbody>\n\t\t\t<\/table>\n\t\t<\/div>\n\n\t\t<\/div>\t\t\t\t<\/div>\n\t\t\t\t<\/div>\n\t\t\t\t\t<\/div>\n\t\t<\/div>\n\t\t\t\t\t<\/div>\n\t\t<\/section>\n\t\t\t\t<\/div>\n\t\t","protected":false},"excerpt":{"rendered":"<p>La Endobag con aplicador es una bolsa de extracci\u00f3n con abertura y un aplicador con un di\u00e1metro de 10 mm. La bolsa retr\u00e1ctil Endobag se utiliza en operaciones laparosc\u00f3picas. Si, por ejemplo, se opera un ovario o se extrae una ves\u00edcula biliar como parte de una laparoscop\u00eda, se usa la bolsa Endobag retriever.<\/p>\n<p>En el caso de las resecciones tumorales, la bolsa de apertura autom\u00e1tica tambi\u00e9n facilita el trabajo del cirujano, reduciendo el riesgo de contaminaci\u00f3n y aumentando la seguridad del paciente. La bolsa est\u00e1 hecha de un material flexible y duradero. Se desplegar\u00e1 dentro de la cavidad visceral y se cerrar\u00e1 con un alambre despu\u00e9s de que la bolsa se haya llenado con el tejido resecado. Dependiendo del tipo de procedimiento quir\u00fargico para el cual se va a utilizar la bolsa desechable, existen tres tama\u00f1os de bolsa diferentes con vol\u00famenes de 200, 400 y 800 mililitros.<\/p>\n","protected":false},"featured_media":3313,"comment_status":"closed","ping_status":"closed","template":"","meta":{"_acf_changed":false},"product_brand":[],"product_cat":[75,74],"product_tag":[],"class_list":{"0":"post-2857","1":"product","2":"type-product","3":"status-publish","4":"has-post-thumbnail","6":"product_cat-cirugia-laparoscopica","7":"product_cat-productos","9":"first","10":"instock","11":"virtual","12":"purchasable","13":"product-type-simple"},"acf":[],"yoast_head":"<!-- This site is optimized with the Yoast SEO plugin v26.3 - https:\/\/yoast.com\/wordpress\/plugins\/seo\/ -->\n<title>Bolsa de Recuperaci\u00f3n Endobag - Stapleline Medizintechnik GmbH<\/title>\n<meta name=\"robots\" content=\"index, follow, max-snippet:-1, max-image-preview:large, max-video-preview:-1\" \/>\n<link rel=\"canonical\" href=\"https:\/\/stapleline.com\/es\/produkt\/bolsa-de-recuperacion-endobag\/\" \/>\n<meta property=\"og:locale\" content=\"es_ES\" \/>\n<meta property=\"og:type\" content=\"article\" \/>\n<meta property=\"og:title\" content=\"Bolsa de Recuperaci\u00f3n Endobag - Stapleline Medizintechnik GmbH\" \/>\n<meta property=\"og:description\" content=\"La Endobag con aplicador es una bolsa de extracci\u00f3n con abertura y un aplicador con un di\u00e1metro de 10 mm. La bolsa retr\u00e1ctil Endobag se utiliza en operaciones laparosc\u00f3picas. Si, por ejemplo, se opera un ovario o se extrae una ves\u00edcula biliar como parte de una laparoscop\u00eda, se usa la bolsa Endobag retriever.  En el caso de las resecciones tumorales, la bolsa de apertura autom\u00e1tica tambi\u00e9n facilita el trabajo del cirujano, reduciendo el riesgo de contaminaci\u00f3n y aumentando la seguridad del paciente. La bolsa est\u00e1 hecha de un material flexible y duradero. Se desplegar\u00e1 dentro de la cavidad visceral y se cerrar\u00e1 con un alambre despu\u00e9s de que la bolsa se haya llenado con el tejido resecado. Dependiendo del tipo de procedimiento quir\u00fargico para el cual se va a utilizar la bolsa desechable, existen tres tama\u00f1os de bolsa diferentes con vol\u00famenes de 200, 400 y 800 mililitros.\" \/>\n<meta property=\"og:url\" content=\"https:\/\/stapleline.com\/es\/produkt\/bolsa-de-recuperacion-endobag\/\" \/>\n<meta property=\"og:site_name\" content=\"Stapleline Medizintechnik GmbH\" \/>\n<meta property=\"article:modified_time\" content=\"2020-09-29T15:35:38+00:00\" \/>\n<meta property=\"og:image\" content=\"https:\/\/stapleline.com\/wp-content\/uploads\/2019\/02\/Endobag-Bergebeutel.jpg\" \/>\n\t<meta property=\"og:image:width\" content=\"1200\" \/>\n\t<meta property=\"og:image:height\" content=\"900\" \/>\n\t<meta property=\"og:image:type\" content=\"image\/jpeg\" \/>\n<meta name=\"twitter:card\" content=\"summary_large_image\" \/>\n<script type=\"application\/ld+json\" class=\"yoast-schema-graph\">{\"@context\":\"https:\/\/schema.org\",\"@graph\":[{\"@type\":\"WebPage\",\"@id\":\"https:\/\/stapleline.com\/es\/produkt\/bolsa-de-recuperacion-endobag\/\",\"url\":\"https:\/\/stapleline.com\/es\/produkt\/bolsa-de-recuperacion-endobag\/\",\"name\":\"Bolsa de Recuperaci\u00f3n Endobag - Stapleline Medizintechnik GmbH\",\"isPartOf\":{\"@id\":\"https:\/\/stapleline.com\/en\/#website\"},\"primaryImageOfPage\":{\"@id\":\"https:\/\/stapleline.com\/es\/produkt\/bolsa-de-recuperacion-endobag\/#primaryimage\"},\"image\":{\"@id\":\"https:\/\/stapleline.com\/es\/produkt\/bolsa-de-recuperacion-endobag\/#primaryimage\"},\"thumbnailUrl\":\"https:\/\/stapleline.com\/wp-content\/uploads\/2019\/02\/Endobag-Bergebeutel.jpg\",\"datePublished\":\"2019-02-25T15:10:55+00:00\",\"dateModified\":\"2020-09-29T15:35:38+00:00\",\"breadcrumb\":{\"@id\":\"https:\/\/stapleline.com\/es\/produkt\/bolsa-de-recuperacion-endobag\/#breadcrumb\"},\"inLanguage\":\"es\",\"potentialAction\":[{\"@type\":\"ReadAction\",\"target\":[\"https:\/\/stapleline.com\/es\/produkt\/bolsa-de-recuperacion-endobag\/\"]}]},{\"@type\":\"ImageObject\",\"inLanguage\":\"es\",\"@id\":\"https:\/\/stapleline.com\/es\/produkt\/bolsa-de-recuperacion-endobag\/#primaryimage\",\"url\":\"https:\/\/stapleline.com\/wp-content\/uploads\/2019\/02\/Endobag-Bergebeutel.jpg\",\"contentUrl\":\"https:\/\/stapleline.com\/wp-content\/uploads\/2019\/02\/Endobag-Bergebeutel.jpg\",\"width\":1200,\"height\":900},{\"@type\":\"BreadcrumbList\",\"@id\":\"https:\/\/stapleline.com\/es\/produkt\/bolsa-de-recuperacion-endobag\/#breadcrumb\",\"itemListElement\":[{\"@type\":\"ListItem\",\"position\":1,\"name\":\"Startseite\",\"item\":\"https:\/\/stapleline.com\/\"},{\"@type\":\"ListItem\",\"position\":2,\"name\":\"Produkte\",\"item\":\"https:\/\/stapleline.com\/produkte\/\"},{\"@type\":\"ListItem\",\"position\":3,\"name\":\"Bolsa de Recuperaci\u00f3n Endobag\"}]},{\"@type\":\"WebSite\",\"@id\":\"https:\/\/stapleline.com\/en\/#website\",\"url\":\"https:\/\/stapleline.com\/en\/\",\"name\":\"Stapleline Medizintechnik GmbH\",\"description\":\"\",\"publisher\":{\"@id\":\"https:\/\/stapleline.com\/en\/#organization\"},\"potentialAction\":[{\"@type\":\"SearchAction\",\"target\":{\"@type\":\"EntryPoint\",\"urlTemplate\":\"https:\/\/stapleline.com\/en\/?s={search_term_string}\"},\"query-input\":{\"@type\":\"PropertyValueSpecification\",\"valueRequired\":true,\"valueName\":\"search_term_string\"}}],\"inLanguage\":\"es\"},{\"@type\":\"Organization\",\"@id\":\"https:\/\/stapleline.com\/en\/#organization\",\"name\":\"Stapleline Medizintechnik GmbH\",\"url\":\"https:\/\/stapleline.com\/en\/\",\"logo\":{\"@type\":\"ImageObject\",\"inLanguage\":\"es\",\"@id\":\"https:\/\/stapleline.com\/en\/#\/schema\/logo\/image\/\",\"url\":\"https:\/\/stapleline.com\/wp-content\/uploads\/2019\/08\/logo-stapleline.png\",\"contentUrl\":\"https:\/\/stapleline.com\/wp-content\/uploads\/2019\/08\/logo-stapleline.png\",\"width\":500,\"height\":184,\"caption\":\"Stapleline Medizintechnik GmbH\"},\"image\":{\"@id\":\"https:\/\/stapleline.com\/en\/#\/schema\/logo\/image\/\"}}]}<\/script>\n<!-- \/ Yoast SEO plugin. -->","yoast_head_json":{"title":"Bolsa de Recuperaci\u00f3n Endobag - Stapleline Medizintechnik GmbH","robots":{"index":"index","follow":"follow","max-snippet":"max-snippet:-1","max-image-preview":"max-image-preview:large","max-video-preview":"max-video-preview:-1"},"canonical":"https:\/\/stapleline.com\/es\/produkt\/bolsa-de-recuperacion-endobag\/","og_locale":"es_ES","og_type":"article","og_title":"Bolsa de Recuperaci\u00f3n Endobag - Stapleline Medizintechnik GmbH","og_description":"La Endobag con aplicador es una bolsa de extracci\u00f3n con abertura y un aplicador con un di\u00e1metro de 10 mm. La bolsa retr\u00e1ctil Endobag se utiliza en operaciones laparosc\u00f3picas. Si, por ejemplo, se opera un ovario o se extrae una ves\u00edcula biliar como parte de una laparoscop\u00eda, se usa la bolsa Endobag retriever.  En el caso de las resecciones tumorales, la bolsa de apertura autom\u00e1tica tambi\u00e9n facilita el trabajo del cirujano, reduciendo el riesgo de contaminaci\u00f3n y aumentando la seguridad del paciente. La bolsa est\u00e1 hecha de un material flexible y duradero. Se desplegar\u00e1 dentro de la cavidad visceral y se cerrar\u00e1 con un alambre despu\u00e9s de que la bolsa se haya llenado con el tejido resecado. Dependiendo del tipo de procedimiento quir\u00fargico para el cual se va a utilizar la bolsa desechable, existen tres tama\u00f1os de bolsa diferentes con vol\u00famenes de 200, 400 y 800 mililitros.","og_url":"https:\/\/stapleline.com\/es\/produkt\/bolsa-de-recuperacion-endobag\/","og_site_name":"Stapleline Medizintechnik GmbH","article_modified_time":"2020-09-29T15:35:38+00:00","og_image":[{"width":1200,"height":900,"url":"https:\/\/stapleline.com\/wp-content\/uploads\/2019\/02\/Endobag-Bergebeutel.jpg","type":"image\/jpeg"}],"twitter_card":"summary_large_image","schema":{"@context":"https:\/\/schema.org","@graph":[{"@type":"WebPage","@id":"https:\/\/stapleline.com\/es\/produkt\/bolsa-de-recuperacion-endobag\/","url":"https:\/\/stapleline.com\/es\/produkt\/bolsa-de-recuperacion-endobag\/","name":"Bolsa de Recuperaci\u00f3n Endobag - Stapleline Medizintechnik GmbH","isPartOf":{"@id":"https:\/\/stapleline.com\/en\/#website"},"primaryImageOfPage":{"@id":"https:\/\/stapleline.com\/es\/produkt\/bolsa-de-recuperacion-endobag\/#primaryimage"},"image":{"@id":"https:\/\/stapleline.com\/es\/produkt\/bolsa-de-recuperacion-endobag\/#primaryimage"},"thumbnailUrl":"https:\/\/stapleline.com\/wp-content\/uploads\/2019\/02\/Endobag-Bergebeutel.jpg","datePublished":"2019-02-25T15:10:55+00:00","dateModified":"2020-09-29T15:35:38+00:00","breadcrumb":{"@id":"https:\/\/stapleline.com\/es\/produkt\/bolsa-de-recuperacion-endobag\/#breadcrumb"},"inLanguage":"es","potentialAction":[{"@type":"ReadAction","target":["https:\/\/stapleline.com\/es\/produkt\/bolsa-de-recuperacion-endobag\/"]}]},{"@type":"ImageObject","inLanguage":"es","@id":"https:\/\/stapleline.com\/es\/produkt\/bolsa-de-recuperacion-endobag\/#primaryimage","url":"https:\/\/stapleline.com\/wp-content\/uploads\/2019\/02\/Endobag-Bergebeutel.jpg","contentUrl":"https:\/\/stapleline.com\/wp-content\/uploads\/2019\/02\/Endobag-Bergebeutel.jpg","width":1200,"height":900},{"@type":"BreadcrumbList","@id":"https:\/\/stapleline.com\/es\/produkt\/bolsa-de-recuperacion-endobag\/#breadcrumb","itemListElement":[{"@type":"ListItem","position":1,"name":"Startseite","item":"https:\/\/stapleline.com\/"},{"@type":"ListItem","position":2,"name":"Produkte","item":"https:\/\/stapleline.com\/produkte\/"},{"@type":"ListItem","position":3,"name":"Bolsa de Recuperaci\u00f3n Endobag"}]},{"@type":"WebSite","@id":"https:\/\/stapleline.com\/en\/#website","url":"https:\/\/stapleline.com\/en\/","name":"Stapleline Medizintechnik GmbH","description":"","publisher":{"@id":"https:\/\/stapleline.com\/en\/#organization"},"potentialAction":[{"@type":"SearchAction","target":{"@type":"EntryPoint","urlTemplate":"https:\/\/stapleline.com\/en\/?s={search_term_string}"},"query-input":{"@type":"PropertyValueSpecification","valueRequired":true,"valueName":"search_term_string"}}],"inLanguage":"es"},{"@type":"Organization","@id":"https:\/\/stapleline.com\/en\/#organization","name":"Stapleline Medizintechnik GmbH","url":"https:\/\/stapleline.com\/en\/","logo":{"@type":"ImageObject","inLanguage":"es","@id":"https:\/\/stapleline.com\/en\/#\/schema\/logo\/image\/","url":"https:\/\/stapleline.com\/wp-content\/uploads\/2019\/08\/logo-stapleline.png","contentUrl":"https:\/\/stapleline.com\/wp-content\/uploads\/2019\/08\/logo-stapleline.png","width":500,"height":184,"caption":"Stapleline Medizintechnik GmbH"},"image":{"@id":"https:\/\/stapleline.com\/en\/#\/schema\/logo\/image\/"}}]}},"_links":{"self":[{"href":"https:\/\/stapleline.com\/es\/wp-json\/wp\/v2\/product\/2857","targetHints":{"allow":["GET"]}}],"collection":[{"href":"https:\/\/stapleline.com\/es\/wp-json\/wp\/v2\/product"}],"about":[{"href":"https:\/\/stapleline.com\/es\/wp-json\/wp\/v2\/types\/product"}],"replies":[{"embeddable":true,"href":"https:\/\/stapleline.com\/es\/wp-json\/wp\/v2\/comments?post=2857"}],"version-history":[{"count":0,"href":"https:\/\/stapleline.com\/es\/wp-json\/wp\/v2\/product\/2857\/revisions"}],"wp:featuredmedia":[{"embeddable":true,"href":"https:\/\/stapleline.com\/es\/wp-json\/wp\/v2\/media\/3313"}],"wp:attachment":[{"href":"https:\/\/stapleline.com\/es\/wp-json\/wp\/v2\/media?parent=2857"}],"wp:term":[{"taxonomy":"product_brand","embeddable":true,"href":"https:\/\/stapleline.com\/es\/wp-json\/wp\/v2\/product_brand?post=2857"},{"taxonomy":"product_cat","embeddable":true,"href":"https:\/\/stapleline.com\/es\/wp-json\/wp\/v2\/product_cat?post=2857"},{"taxonomy":"product_tag","embeddable":true,"href":"https:\/\/stapleline.com\/es\/wp-json\/wp\/v2\/product_tag?post=2857"}],"curies":[{"name":"wp","href":"https:\/\/api.w.org\/{rel}","templated":true}]}}