{"id":2854,"date":"2019-07-18T17:21:05","date_gmt":"2019-07-18T15:21:05","guid":{"rendered":"https:\/\/stapleline.com\/produkt\/marcador-de-piel-quirurgico\/"},"modified":"2020-07-03T14:25:55","modified_gmt":"2020-07-03T12:25:55","slug":"marcador-de-piel-quirurgico","status":"publish","type":"product","link":"https:\/\/stapleline.com\/es\/produkt\/marcador-de-piel-quirurgico\/","title":{"rendered":"Marcador de piel quir\u00fargico"},"content":{"rendered":"\t\t<div data-elementor-type=\"product-post\" data-elementor-id=\"2854\" class=\"elementor elementor-2854\" data-elementor-post-type=\"product\">\n\t\t\t\t\t\t<section class=\"elementor-section elementor-top-section elementor-element elementor-element-0e20b05 elementor-section-boxed elementor-section-height-default elementor-section-height-default\" data-id=\"0e20b05\" data-element_type=\"section\">\n\t\t\t\t\t\t<div class=\"elementor-container elementor-column-gap-no\">\n\t\t\t\t\t<div class=\"elementor-column elementor-col-100 elementor-top-column elementor-element elementor-element-e1d3a19\" data-id=\"e1d3a19\" data-element_type=\"column\">\n\t\t\t<div class=\"elementor-widget-wrap elementor-element-populated\">\n\t\t\t\t\t\t<div class=\"elementor-element elementor-element-ae42ba9 elementor-widget elementor-widget-jet-table\" data-id=\"ae42ba9\" data-element_type=\"widget\" data-widget_type=\"jet-table.default\">\n\t\t\t\t<div class=\"elementor-widget-container\">\n\t\t\t\t\t<div class=\"elementor-jet-table jet-elements\">\n\t\t<div class=\"jet-table-wrapper jet-table-responsive-mobile jet-table-responsive-tablet\">\n\t\t\t<table class=\"jet-table jet-table--fa5-compat\">\n\t\t\t\t<thead class=\"jet-table__head\"><tr class=\"jet-table__head-row\"><th class=\"jet-table__cell elementor-repeater-item-d525945 jet-table__head-cell\" scope=\"col\"><div class=\"jet-table__cell-inner\"><div class=\"jet-table__cell-content\"><div class=\"jet-table__cell-text\">Art\u00edculo No.<\/div><\/div><\/div><\/th><th class=\"jet-table__cell elementor-repeater-item-d5ae888 jet-table__head-cell\" scope=\"col\"><div class=\"jet-table__cell-inner\"><div class=\"jet-table__cell-content\"><div class=\"jet-table__cell-text\">Nombre del \u00e1rticulo<\/div><\/div><\/div><\/th><th class=\"jet-table__cell elementor-repeater-item-0771e96 jet-table__head-cell\" scope=\"col\"><div class=\"jet-table__cell-inner\"><div class=\"jet-table__cell-content\"><div class=\"jet-table__cell-text\">Embalaje<\/div><\/div><\/div><\/th><\/tr><\/thead>\n\t\t\t\t\t\t\t\t<tbody class=\"jet-table__body\"><tr class=\"jet-table__body-row elementor-repeater-item-6193191\"><td class=\"jet-table__cell elementor-repeater-item-00d4bcc jet-table__body-cell\"><div class=\"jet-table__cell-inner\"><div class=\"jet-table__cell-content\"><div class=\"jet-table__cell-text\">FMP100000<\/div><\/div><\/div><\/td><td class=\"jet-table__cell elementor-repeater-item-66357ea jet-table__body-cell\"><div class=\"jet-table__cell-inner\"><div class=\"jet-table__cell-content\"><div class=\"jet-table__cell-text\">punta normal<\/div><\/div><\/div><\/td><td class=\"jet-table__cell elementor-repeater-item-97927c1 jet-table__body-cell\"><div class=\"jet-table__cell-inner\"><div class=\"jet-table__cell-content\"><div class=\"jet-table__cell-text\">100 piezas \/ PU<\/div><\/div><\/div><\/td><\/tr><tr class=\"jet-table__body-row elementor-repeater-item-82d6ec8\"><td class=\"jet-table__cell elementor-repeater-item-85503fd jet-table__body-cell\"><div class=\"jet-table__cell-inner\"><div class=\"jet-table__cell-content\"><div class=\"jet-table__cell-text\">FMP200000<\/div><\/div><\/div><\/td><td class=\"jet-table__cell elementor-repeater-item-30cda53 jet-table__body-cell\"><div class=\"jet-table__cell-inner\"><div class=\"jet-table__cell-content\"><div class=\"jet-table__cell-text\">punta fina<\/div><\/div><\/div><\/td><td class=\"jet-table__cell elementor-repeater-item-2dc3e3b jet-table__body-cell\"><div class=\"jet-table__cell-inner\"><div class=\"jet-table__cell-content\"><div class=\"jet-table__cell-text\">100 piezas \/ PU<\/div><\/div><\/div><\/td><\/tr><\/tbody>\n\t\t\t<\/table>\n\t\t<\/div>\n\n\t\t<\/div>\t\t\t\t<\/div>\n\t\t\t\t<\/div>\n\t\t\t\t\t<\/div>\n\t\t<\/div>\n\t\t\t\t\t<\/div>\n\t\t<\/section>\n\t\t\t\t<\/div>\n\t\t","protected":false},"excerpt":{"rendered":"<p>Los marcadores quir\u00fargicos UNIMAX son l\u00e1pices quir\u00fargicos desechables est\u00e9riles, resistentes a la abrasi\u00f3n h\u00fameda, destinados para marcas cl\u00ednicas sobre piel.<\/p>\n<p>La tinta violeta, resistente a desinfectantes, no es t\u00f3xica y tiene una f\u00f3rmula no irritante. La tinta resiste las desinfecciones habituales de la piel, pero puede eliminarse f\u00e1cilmente frotando vigorosamente con isopropilo o alcohol et\u00edlico.<\/p>\n<p>Los marcadores est\u00e1n disponibles en dos versiones: con punta normal y punta fina. Se suministra una regla con un juego de etiquetas.<\/p>\n<p>Las marcas con el marcador quir\u00fargico son muy visibles en la mayor\u00eda de los tonos de piel y, por lo tanto, son ideales para un marcado seguro, lo que permite que el cirujano se prepare de manera efectiva y minimice el riesgo para el paciente.<\/p>\n","protected":false},"featured_media":3332,"comment_status":"closed","ping_status":"closed","template":"","meta":{"_acf_changed":false},"product_brand":[],"product_cat":[76,74],"product_tag":[],"class_list":{"0":"post-2854","1":"product","2":"type-product","3":"status-publish","4":"has-post-thumbnail","6":"product_cat-cirugia-abierta","7":"product_cat-productos","9":"first","10":"instock","11":"virtual","12":"purchasable","13":"product-type-simple"},"acf":[],"yoast_head":"<!-- This site is optimized with the Yoast SEO plugin v26.3 - https:\/\/yoast.com\/wordpress\/plugins\/seo\/ -->\n<title>Marcador de piel quir\u00fargico - Stapleline Medizintechnik GmbH<\/title>\n<meta name=\"robots\" content=\"index, follow, max-snippet:-1, max-image-preview:large, max-video-preview:-1\" \/>\n<link rel=\"canonical\" href=\"https:\/\/stapleline.com\/es\/produkt\/marcador-de-piel-quirurgico\/\" \/>\n<meta property=\"og:locale\" content=\"es_ES\" \/>\n<meta property=\"og:type\" content=\"article\" \/>\n<meta property=\"og:title\" content=\"Marcador de piel quir\u00fargico - Stapleline Medizintechnik GmbH\" \/>\n<meta property=\"og:description\" content=\"Los marcadores quir\u00fargicos UNIMAX son l\u00e1pices quir\u00fargicos desechables est\u00e9riles, resistentes a la abrasi\u00f3n h\u00fameda, destinados para marcas cl\u00ednicas sobre piel.  La tinta violeta, resistente a desinfectantes, no es t\u00f3xica y tiene una f\u00f3rmula no irritante. La tinta resiste las desinfecciones habituales de la piel, pero puede eliminarse f\u00e1cilmente frotando vigorosamente con isopropilo o alcohol et\u00edlico.  Los marcadores est\u00e1n disponibles en dos versiones: con punta normal y punta fina. Se suministra una regla con un juego de etiquetas.  Las marcas con el marcador quir\u00fargico son muy visibles en la mayor\u00eda de los tonos de piel y, por lo tanto, son ideales para un marcado seguro, lo que permite que el cirujano se prepare de manera efectiva y minimice el riesgo para el paciente.\" \/>\n<meta property=\"og:url\" content=\"https:\/\/stapleline.com\/es\/produkt\/marcador-de-piel-quirurgico\/\" \/>\n<meta property=\"og:site_name\" content=\"Stapleline Medizintechnik GmbH\" \/>\n<meta property=\"article:modified_time\" content=\"2020-07-03T12:25:55+00:00\" \/>\n<meta property=\"og:image\" content=\"https:\/\/stapleline.com\/wp-content\/uploads\/2019\/07\/chirurgischer-hautmarkierstift.jpg\" \/>\n\t<meta property=\"og:image:width\" content=\"1000\" \/>\n\t<meta property=\"og:image:height\" content=\"1000\" \/>\n\t<meta property=\"og:image:type\" content=\"image\/jpeg\" \/>\n<meta name=\"twitter:card\" content=\"summary_large_image\" \/>\n<script type=\"application\/ld+json\" class=\"yoast-schema-graph\">{\"@context\":\"https:\/\/schema.org\",\"@graph\":[{\"@type\":\"WebPage\",\"@id\":\"https:\/\/stapleline.com\/es\/produkt\/marcador-de-piel-quirurgico\/\",\"url\":\"https:\/\/stapleline.com\/es\/produkt\/marcador-de-piel-quirurgico\/\",\"name\":\"Marcador de piel quir\u00fargico - Stapleline Medizintechnik GmbH\",\"isPartOf\":{\"@id\":\"https:\/\/stapleline.com\/en\/#website\"},\"primaryImageOfPage\":{\"@id\":\"https:\/\/stapleline.com\/es\/produkt\/marcador-de-piel-quirurgico\/#primaryimage\"},\"image\":{\"@id\":\"https:\/\/stapleline.com\/es\/produkt\/marcador-de-piel-quirurgico\/#primaryimage\"},\"thumbnailUrl\":\"https:\/\/stapleline.com\/wp-content\/uploads\/2019\/07\/chirurgischer-hautmarkierstift.jpg\",\"datePublished\":\"2019-07-18T15:21:05+00:00\",\"dateModified\":\"2020-07-03T12:25:55+00:00\",\"breadcrumb\":{\"@id\":\"https:\/\/stapleline.com\/es\/produkt\/marcador-de-piel-quirurgico\/#breadcrumb\"},\"inLanguage\":\"es\",\"potentialAction\":[{\"@type\":\"ReadAction\",\"target\":[\"https:\/\/stapleline.com\/es\/produkt\/marcador-de-piel-quirurgico\/\"]}]},{\"@type\":\"ImageObject\",\"inLanguage\":\"es\",\"@id\":\"https:\/\/stapleline.com\/es\/produkt\/marcador-de-piel-quirurgico\/#primaryimage\",\"url\":\"https:\/\/stapleline.com\/wp-content\/uploads\/2019\/07\/chirurgischer-hautmarkierstift.jpg\",\"contentUrl\":\"https:\/\/stapleline.com\/wp-content\/uploads\/2019\/07\/chirurgischer-hautmarkierstift.jpg\",\"width\":1000,\"height\":1000},{\"@type\":\"BreadcrumbList\",\"@id\":\"https:\/\/stapleline.com\/es\/produkt\/marcador-de-piel-quirurgico\/#breadcrumb\",\"itemListElement\":[{\"@type\":\"ListItem\",\"position\":1,\"name\":\"Startseite\",\"item\":\"https:\/\/stapleline.com\/\"},{\"@type\":\"ListItem\",\"position\":2,\"name\":\"Produkte\",\"item\":\"https:\/\/stapleline.com\/produkte\/\"},{\"@type\":\"ListItem\",\"position\":3,\"name\":\"Marcador de piel quir\u00fargico\"}]},{\"@type\":\"WebSite\",\"@id\":\"https:\/\/stapleline.com\/en\/#website\",\"url\":\"https:\/\/stapleline.com\/en\/\",\"name\":\"Stapleline Medizintechnik GmbH\",\"description\":\"\",\"publisher\":{\"@id\":\"https:\/\/stapleline.com\/en\/#organization\"},\"potentialAction\":[{\"@type\":\"SearchAction\",\"target\":{\"@type\":\"EntryPoint\",\"urlTemplate\":\"https:\/\/stapleline.com\/en\/?s={search_term_string}\"},\"query-input\":{\"@type\":\"PropertyValueSpecification\",\"valueRequired\":true,\"valueName\":\"search_term_string\"}}],\"inLanguage\":\"es\"},{\"@type\":\"Organization\",\"@id\":\"https:\/\/stapleline.com\/en\/#organization\",\"name\":\"Stapleline Medizintechnik GmbH\",\"url\":\"https:\/\/stapleline.com\/en\/\",\"logo\":{\"@type\":\"ImageObject\",\"inLanguage\":\"es\",\"@id\":\"https:\/\/stapleline.com\/en\/#\/schema\/logo\/image\/\",\"url\":\"https:\/\/stapleline.com\/wp-content\/uploads\/2019\/08\/logo-stapleline.png\",\"contentUrl\":\"https:\/\/stapleline.com\/wp-content\/uploads\/2019\/08\/logo-stapleline.png\",\"width\":500,\"height\":184,\"caption\":\"Stapleline Medizintechnik GmbH\"},\"image\":{\"@id\":\"https:\/\/stapleline.com\/en\/#\/schema\/logo\/image\/\"}}]}<\/script>\n<!-- \/ Yoast SEO plugin. -->","yoast_head_json":{"title":"Marcador de piel quir\u00fargico - Stapleline Medizintechnik GmbH","robots":{"index":"index","follow":"follow","max-snippet":"max-snippet:-1","max-image-preview":"max-image-preview:large","max-video-preview":"max-video-preview:-1"},"canonical":"https:\/\/stapleline.com\/es\/produkt\/marcador-de-piel-quirurgico\/","og_locale":"es_ES","og_type":"article","og_title":"Marcador de piel quir\u00fargico - Stapleline Medizintechnik GmbH","og_description":"Los marcadores quir\u00fargicos UNIMAX son l\u00e1pices quir\u00fargicos desechables est\u00e9riles, resistentes a la abrasi\u00f3n h\u00fameda, destinados para marcas cl\u00ednicas sobre piel.  La tinta violeta, resistente a desinfectantes, no es t\u00f3xica y tiene una f\u00f3rmula no irritante. La tinta resiste las desinfecciones habituales de la piel, pero puede eliminarse f\u00e1cilmente frotando vigorosamente con isopropilo o alcohol et\u00edlico.  Los marcadores est\u00e1n disponibles en dos versiones: con punta normal y punta fina. Se suministra una regla con un juego de etiquetas.  Las marcas con el marcador quir\u00fargico son muy visibles en la mayor\u00eda de los tonos de piel y, por lo tanto, son ideales para un marcado seguro, lo que permite que el cirujano se prepare de manera efectiva y minimice el riesgo para el paciente.","og_url":"https:\/\/stapleline.com\/es\/produkt\/marcador-de-piel-quirurgico\/","og_site_name":"Stapleline Medizintechnik GmbH","article_modified_time":"2020-07-03T12:25:55+00:00","og_image":[{"width":1000,"height":1000,"url":"https:\/\/stapleline.com\/wp-content\/uploads\/2019\/07\/chirurgischer-hautmarkierstift.jpg","type":"image\/jpeg"}],"twitter_card":"summary_large_image","schema":{"@context":"https:\/\/schema.org","@graph":[{"@type":"WebPage","@id":"https:\/\/stapleline.com\/es\/produkt\/marcador-de-piel-quirurgico\/","url":"https:\/\/stapleline.com\/es\/produkt\/marcador-de-piel-quirurgico\/","name":"Marcador de piel quir\u00fargico - Stapleline Medizintechnik GmbH","isPartOf":{"@id":"https:\/\/stapleline.com\/en\/#website"},"primaryImageOfPage":{"@id":"https:\/\/stapleline.com\/es\/produkt\/marcador-de-piel-quirurgico\/#primaryimage"},"image":{"@id":"https:\/\/stapleline.com\/es\/produkt\/marcador-de-piel-quirurgico\/#primaryimage"},"thumbnailUrl":"https:\/\/stapleline.com\/wp-content\/uploads\/2019\/07\/chirurgischer-hautmarkierstift.jpg","datePublished":"2019-07-18T15:21:05+00:00","dateModified":"2020-07-03T12:25:55+00:00","breadcrumb":{"@id":"https:\/\/stapleline.com\/es\/produkt\/marcador-de-piel-quirurgico\/#breadcrumb"},"inLanguage":"es","potentialAction":[{"@type":"ReadAction","target":["https:\/\/stapleline.com\/es\/produkt\/marcador-de-piel-quirurgico\/"]}]},{"@type":"ImageObject","inLanguage":"es","@id":"https:\/\/stapleline.com\/es\/produkt\/marcador-de-piel-quirurgico\/#primaryimage","url":"https:\/\/stapleline.com\/wp-content\/uploads\/2019\/07\/chirurgischer-hautmarkierstift.jpg","contentUrl":"https:\/\/stapleline.com\/wp-content\/uploads\/2019\/07\/chirurgischer-hautmarkierstift.jpg","width":1000,"height":1000},{"@type":"BreadcrumbList","@id":"https:\/\/stapleline.com\/es\/produkt\/marcador-de-piel-quirurgico\/#breadcrumb","itemListElement":[{"@type":"ListItem","position":1,"name":"Startseite","item":"https:\/\/stapleline.com\/"},{"@type":"ListItem","position":2,"name":"Produkte","item":"https:\/\/stapleline.com\/produkte\/"},{"@type":"ListItem","position":3,"name":"Marcador de piel quir\u00fargico"}]},{"@type":"WebSite","@id":"https:\/\/stapleline.com\/en\/#website","url":"https:\/\/stapleline.com\/en\/","name":"Stapleline Medizintechnik GmbH","description":"","publisher":{"@id":"https:\/\/stapleline.com\/en\/#organization"},"potentialAction":[{"@type":"SearchAction","target":{"@type":"EntryPoint","urlTemplate":"https:\/\/stapleline.com\/en\/?s={search_term_string}"},"query-input":{"@type":"PropertyValueSpecification","valueRequired":true,"valueName":"search_term_string"}}],"inLanguage":"es"},{"@type":"Organization","@id":"https:\/\/stapleline.com\/en\/#organization","name":"Stapleline Medizintechnik GmbH","url":"https:\/\/stapleline.com\/en\/","logo":{"@type":"ImageObject","inLanguage":"es","@id":"https:\/\/stapleline.com\/en\/#\/schema\/logo\/image\/","url":"https:\/\/stapleline.com\/wp-content\/uploads\/2019\/08\/logo-stapleline.png","contentUrl":"https:\/\/stapleline.com\/wp-content\/uploads\/2019\/08\/logo-stapleline.png","width":500,"height":184,"caption":"Stapleline Medizintechnik GmbH"},"image":{"@id":"https:\/\/stapleline.com\/en\/#\/schema\/logo\/image\/"}}]}},"_links":{"self":[{"href":"https:\/\/stapleline.com\/es\/wp-json\/wp\/v2\/product\/2854","targetHints":{"allow":["GET"]}}],"collection":[{"href":"https:\/\/stapleline.com\/es\/wp-json\/wp\/v2\/product"}],"about":[{"href":"https:\/\/stapleline.com\/es\/wp-json\/wp\/v2\/types\/product"}],"replies":[{"embeddable":true,"href":"https:\/\/stapleline.com\/es\/wp-json\/wp\/v2\/comments?post=2854"}],"version-history":[{"count":0,"href":"https:\/\/stapleline.com\/es\/wp-json\/wp\/v2\/product\/2854\/revisions"}],"wp:featuredmedia":[{"embeddable":true,"href":"https:\/\/stapleline.com\/es\/wp-json\/wp\/v2\/media\/3332"}],"wp:attachment":[{"href":"https:\/\/stapleline.com\/es\/wp-json\/wp\/v2\/media?parent=2854"}],"wp:term":[{"taxonomy":"product_brand","embeddable":true,"href":"https:\/\/stapleline.com\/es\/wp-json\/wp\/v2\/product_brand?post=2854"},{"taxonomy":"product_cat","embeddable":true,"href":"https:\/\/stapleline.com\/es\/wp-json\/wp\/v2\/product_cat?post=2854"},{"taxonomy":"product_tag","embeddable":true,"href":"https:\/\/stapleline.com\/es\/wp-json\/wp\/v2\/product_tag?post=2854"}],"curies":[{"name":"wp","href":"https:\/\/api.w.org\/{rel}","templated":true}]}}