{"id":2612,"date":"2020-04-20T14:23:22","date_gmt":"2020-04-20T12:23:22","guid":{"rendered":"https:\/\/stapleline.com\/?post_type=product&#038;p=2612"},"modified":"2020-05-11T16:24:33","modified_gmt":"2020-05-11T14:24:33","slug":"chirurgische-3-lagen-maske","status":"publish","type":"product","link":"https:\/\/stapleline.com\/es\/produkt\/chirurgische-3-lagen-maske\/","title":{"rendered":"Chirurgische 3-Lagen Maske"},"content":{"rendered":"","protected":false},"excerpt":{"rendered":"<p>Der chirurgische Operations-Mundschutz besteht aus hochwertigem, atmungsaktivem Vliesstoff, der in 3 Lagen \u00fcbereinandergelegt ist, um eine hervorragende Filterfunktion zu gew\u00e4hrleisten.<\/p>\n<p>\u00dcber 98% aller Bakterien und Partikel werden von dem Mundschutz gefiltert; dadurch ist dieser f\u00fcr den medizinischen Gebrauch in Krankenh\u00e4usern und Arztpraxen bestens geeignet und dar\u00fcber hinaus CE-zertifiziert.<\/p>\n<p>Die leichte Verarbeitungsweise und die Gummib\u00e4nder, welche an den Ohren fixiert werden, um die Maske im Bereich der Nase und des Mundes zu positionieren, erm\u00f6glichen einen optimalen Tragekomfort.<\/p>\n","protected":false},"featured_media":2614,"comment_status":"closed","ping_status":"closed","template":"","meta":{"_acf_changed":false},"product_brand":[],"product_cat":[28,66],"product_tag":[],"class_list":{"0":"post-2612","1":"product","2":"type-product","3":"status-publish","4":"has-post-thumbnail","6":"product_cat-produkte","7":"product_cat-schutzartikel","9":"first","10":"instock","11":"shipping-taxable","12":"purchasable","13":"product-type-simple"},"acf":[],"yoast_head":"<!-- This site is optimized with the Yoast SEO plugin v26.3 - https:\/\/yoast.com\/wordpress\/plugins\/seo\/ -->\n<title>Chirurgische 3-Lagen Maske - Stapleline Medizintechnik GmbH<\/title>\n<meta name=\"robots\" content=\"index, follow, max-snippet:-1, max-image-preview:large, max-video-preview:-1\" \/>\n<link rel=\"canonical\" href=\"https:\/\/stapleline.com\/produkt\/chirurgische-3-lagen-maske\/\" \/>\n<meta property=\"og:locale\" content=\"es_ES\" \/>\n<meta property=\"og:type\" content=\"article\" \/>\n<meta property=\"og:title\" content=\"Chirurgische 3-Lagen Maske - Stapleline Medizintechnik GmbH\" \/>\n<meta property=\"og:description\" content=\"Der chirurgische Operations-Mundschutz besteht aus hochwertigem, atmungsaktivem Vliesstoff, der in 3 Lagen \u00fcbereinandergelegt ist, um eine hervorragende Filterfunktion zu gew\u00e4hrleisten.  \u00dcber 98% aller Bakterien und Partikel werden von dem Mundschutz gefiltert; dadurch ist dieser f\u00fcr den medizinischen Gebrauch in Krankenh\u00e4usern und Arztpraxen bestens geeignet und dar\u00fcber hinaus CE-zertifiziert.  Die leichte Verarbeitungsweise und die Gummib\u00e4nder, welche an den Ohren fixiert werden, um die Maske im Bereich der Nase und des Mundes zu positionieren, erm\u00f6glichen einen optimalen Tragekomfort.\" \/>\n<meta property=\"og:url\" content=\"https:\/\/stapleline.com\/produkt\/chirurgische-3-lagen-maske\/\" \/>\n<meta property=\"og:site_name\" content=\"Stapleline Medizintechnik GmbH\" \/>\n<meta property=\"article:modified_time\" content=\"2020-05-11T14:24:33+00:00\" \/>\n<meta property=\"og:image\" content=\"https:\/\/stapleline.com\/wp-content\/uploads\/2020\/04\/disposible-surgical-face-mask.jpg\" \/>\n\t<meta property=\"og:image:width\" content=\"1080\" \/>\n\t<meta property=\"og:image:height\" content=\"1080\" \/>\n\t<meta property=\"og:image:type\" content=\"image\/jpeg\" \/>\n<meta name=\"twitter:card\" content=\"summary_large_image\" \/>\n<script type=\"application\/ld+json\" class=\"yoast-schema-graph\">{\"@context\":\"https:\/\/schema.org\",\"@graph\":[{\"@type\":\"WebPage\",\"@id\":\"https:\/\/stapleline.com\/produkt\/chirurgische-3-lagen-maske\/\",\"url\":\"https:\/\/stapleline.com\/produkt\/chirurgische-3-lagen-maske\/\",\"name\":\"Chirurgische 3-Lagen Maske - Stapleline Medizintechnik GmbH\",\"isPartOf\":{\"@id\":\"https:\/\/stapleline.com\/en\/#website\"},\"primaryImageOfPage\":{\"@id\":\"https:\/\/stapleline.com\/produkt\/chirurgische-3-lagen-maske\/#primaryimage\"},\"image\":{\"@id\":\"https:\/\/stapleline.com\/produkt\/chirurgische-3-lagen-maske\/#primaryimage\"},\"thumbnailUrl\":\"https:\/\/stapleline.com\/wp-content\/uploads\/2020\/04\/disposible-surgical-face-mask.jpg\",\"datePublished\":\"2020-04-20T12:23:22+00:00\",\"dateModified\":\"2020-05-11T14:24:33+00:00\",\"breadcrumb\":{\"@id\":\"https:\/\/stapleline.com\/produkt\/chirurgische-3-lagen-maske\/#breadcrumb\"},\"inLanguage\":\"es\",\"potentialAction\":[{\"@type\":\"ReadAction\",\"target\":[\"https:\/\/stapleline.com\/produkt\/chirurgische-3-lagen-maske\/\"]}]},{\"@type\":\"ImageObject\",\"inLanguage\":\"es\",\"@id\":\"https:\/\/stapleline.com\/produkt\/chirurgische-3-lagen-maske\/#primaryimage\",\"url\":\"https:\/\/stapleline.com\/wp-content\/uploads\/2020\/04\/disposible-surgical-face-mask.jpg\",\"contentUrl\":\"https:\/\/stapleline.com\/wp-content\/uploads\/2020\/04\/disposible-surgical-face-mask.jpg\",\"width\":1080,\"height\":1080,\"caption\":\"Chirurg Gesichtsmaske\"},{\"@type\":\"BreadcrumbList\",\"@id\":\"https:\/\/stapleline.com\/produkt\/chirurgische-3-lagen-maske\/#breadcrumb\",\"itemListElement\":[{\"@type\":\"ListItem\",\"position\":1,\"name\":\"Startseite\",\"item\":\"https:\/\/stapleline.com\/\"},{\"@type\":\"ListItem\",\"position\":2,\"name\":\"Produkte\",\"item\":\"https:\/\/stapleline.com\/produkte\/\"},{\"@type\":\"ListItem\",\"position\":3,\"name\":\"Chirurgische 3-Lagen Maske\"}]},{\"@type\":\"WebSite\",\"@id\":\"https:\/\/stapleline.com\/en\/#website\",\"url\":\"https:\/\/stapleline.com\/en\/\",\"name\":\"Stapleline Medizintechnik GmbH\",\"description\":\"\",\"publisher\":{\"@id\":\"https:\/\/stapleline.com\/en\/#organization\"},\"potentialAction\":[{\"@type\":\"SearchAction\",\"target\":{\"@type\":\"EntryPoint\",\"urlTemplate\":\"https:\/\/stapleline.com\/en\/?s={search_term_string}\"},\"query-input\":{\"@type\":\"PropertyValueSpecification\",\"valueRequired\":true,\"valueName\":\"search_term_string\"}}],\"inLanguage\":\"es\"},{\"@type\":\"Organization\",\"@id\":\"https:\/\/stapleline.com\/en\/#organization\",\"name\":\"Stapleline Medizintechnik GmbH\",\"url\":\"https:\/\/stapleline.com\/en\/\",\"logo\":{\"@type\":\"ImageObject\",\"inLanguage\":\"es\",\"@id\":\"https:\/\/stapleline.com\/en\/#\/schema\/logo\/image\/\",\"url\":\"https:\/\/stapleline.com\/wp-content\/uploads\/2019\/08\/logo-stapleline.png\",\"contentUrl\":\"https:\/\/stapleline.com\/wp-content\/uploads\/2019\/08\/logo-stapleline.png\",\"width\":500,\"height\":184,\"caption\":\"Stapleline Medizintechnik GmbH\"},\"image\":{\"@id\":\"https:\/\/stapleline.com\/en\/#\/schema\/logo\/image\/\"}}]}<\/script>\n<!-- \/ Yoast SEO plugin. -->","yoast_head_json":{"title":"Chirurgische 3-Lagen Maske - Stapleline Medizintechnik GmbH","robots":{"index":"index","follow":"follow","max-snippet":"max-snippet:-1","max-image-preview":"max-image-preview:large","max-video-preview":"max-video-preview:-1"},"canonical":"https:\/\/stapleline.com\/produkt\/chirurgische-3-lagen-maske\/","og_locale":"es_ES","og_type":"article","og_title":"Chirurgische 3-Lagen Maske - Stapleline Medizintechnik GmbH","og_description":"Der chirurgische Operations-Mundschutz besteht aus hochwertigem, atmungsaktivem Vliesstoff, der in 3 Lagen \u00fcbereinandergelegt ist, um eine hervorragende Filterfunktion zu gew\u00e4hrleisten.  \u00dcber 98% aller Bakterien und Partikel werden von dem Mundschutz gefiltert; dadurch ist dieser f\u00fcr den medizinischen Gebrauch in Krankenh\u00e4usern und Arztpraxen bestens geeignet und dar\u00fcber hinaus CE-zertifiziert.  Die leichte Verarbeitungsweise und die Gummib\u00e4nder, welche an den Ohren fixiert werden, um die Maske im Bereich der Nase und des Mundes zu positionieren, erm\u00f6glichen einen optimalen Tragekomfort.","og_url":"https:\/\/stapleline.com\/produkt\/chirurgische-3-lagen-maske\/","og_site_name":"Stapleline Medizintechnik GmbH","article_modified_time":"2020-05-11T14:24:33+00:00","og_image":[{"width":1080,"height":1080,"url":"https:\/\/stapleline.com\/wp-content\/uploads\/2020\/04\/disposible-surgical-face-mask.jpg","type":"image\/jpeg"}],"twitter_card":"summary_large_image","schema":{"@context":"https:\/\/schema.org","@graph":[{"@type":"WebPage","@id":"https:\/\/stapleline.com\/produkt\/chirurgische-3-lagen-maske\/","url":"https:\/\/stapleline.com\/produkt\/chirurgische-3-lagen-maske\/","name":"Chirurgische 3-Lagen Maske - Stapleline Medizintechnik GmbH","isPartOf":{"@id":"https:\/\/stapleline.com\/en\/#website"},"primaryImageOfPage":{"@id":"https:\/\/stapleline.com\/produkt\/chirurgische-3-lagen-maske\/#primaryimage"},"image":{"@id":"https:\/\/stapleline.com\/produkt\/chirurgische-3-lagen-maske\/#primaryimage"},"thumbnailUrl":"https:\/\/stapleline.com\/wp-content\/uploads\/2020\/04\/disposible-surgical-face-mask.jpg","datePublished":"2020-04-20T12:23:22+00:00","dateModified":"2020-05-11T14:24:33+00:00","breadcrumb":{"@id":"https:\/\/stapleline.com\/produkt\/chirurgische-3-lagen-maske\/#breadcrumb"},"inLanguage":"es","potentialAction":[{"@type":"ReadAction","target":["https:\/\/stapleline.com\/produkt\/chirurgische-3-lagen-maske\/"]}]},{"@type":"ImageObject","inLanguage":"es","@id":"https:\/\/stapleline.com\/produkt\/chirurgische-3-lagen-maske\/#primaryimage","url":"https:\/\/stapleline.com\/wp-content\/uploads\/2020\/04\/disposible-surgical-face-mask.jpg","contentUrl":"https:\/\/stapleline.com\/wp-content\/uploads\/2020\/04\/disposible-surgical-face-mask.jpg","width":1080,"height":1080,"caption":"Chirurg Gesichtsmaske"},{"@type":"BreadcrumbList","@id":"https:\/\/stapleline.com\/produkt\/chirurgische-3-lagen-maske\/#breadcrumb","itemListElement":[{"@type":"ListItem","position":1,"name":"Startseite","item":"https:\/\/stapleline.com\/"},{"@type":"ListItem","position":2,"name":"Produkte","item":"https:\/\/stapleline.com\/produkte\/"},{"@type":"ListItem","position":3,"name":"Chirurgische 3-Lagen Maske"}]},{"@type":"WebSite","@id":"https:\/\/stapleline.com\/en\/#website","url":"https:\/\/stapleline.com\/en\/","name":"Stapleline Medizintechnik GmbH","description":"","publisher":{"@id":"https:\/\/stapleline.com\/en\/#organization"},"potentialAction":[{"@type":"SearchAction","target":{"@type":"EntryPoint","urlTemplate":"https:\/\/stapleline.com\/en\/?s={search_term_string}"},"query-input":{"@type":"PropertyValueSpecification","valueRequired":true,"valueName":"search_term_string"}}],"inLanguage":"es"},{"@type":"Organization","@id":"https:\/\/stapleline.com\/en\/#organization","name":"Stapleline Medizintechnik GmbH","url":"https:\/\/stapleline.com\/en\/","logo":{"@type":"ImageObject","inLanguage":"es","@id":"https:\/\/stapleline.com\/en\/#\/schema\/logo\/image\/","url":"https:\/\/stapleline.com\/wp-content\/uploads\/2019\/08\/logo-stapleline.png","contentUrl":"https:\/\/stapleline.com\/wp-content\/uploads\/2019\/08\/logo-stapleline.png","width":500,"height":184,"caption":"Stapleline Medizintechnik GmbH"},"image":{"@id":"https:\/\/stapleline.com\/en\/#\/schema\/logo\/image\/"}}]}},"_links":{"self":[{"href":"https:\/\/stapleline.com\/es\/wp-json\/wp\/v2\/product\/2612","targetHints":{"allow":["GET"]}}],"collection":[{"href":"https:\/\/stapleline.com\/es\/wp-json\/wp\/v2\/product"}],"about":[{"href":"https:\/\/stapleline.com\/es\/wp-json\/wp\/v2\/types\/product"}],"replies":[{"embeddable":true,"href":"https:\/\/stapleline.com\/es\/wp-json\/wp\/v2\/comments?post=2612"}],"version-history":[{"count":0,"href":"https:\/\/stapleline.com\/es\/wp-json\/wp\/v2\/product\/2612\/revisions"}],"wp:featuredmedia":[{"embeddable":true,"href":"https:\/\/stapleline.com\/es\/wp-json\/wp\/v2\/media\/2614"}],"wp:attachment":[{"href":"https:\/\/stapleline.com\/es\/wp-json\/wp\/v2\/media?parent=2612"}],"wp:term":[{"taxonomy":"product_brand","embeddable":true,"href":"https:\/\/stapleline.com\/es\/wp-json\/wp\/v2\/product_brand?post=2612"},{"taxonomy":"product_cat","embeddable":true,"href":"https:\/\/stapleline.com\/es\/wp-json\/wp\/v2\/product_cat?post=2612"},{"taxonomy":"product_tag","embeddable":true,"href":"https:\/\/stapleline.com\/es\/wp-json\/wp\/v2\/product_tag?post=2612"}],"curies":[{"name":"wp","href":"https:\/\/api.w.org\/{rel}","templated":true}]}}