{"id":2602,"date":"2020-03-31T13:07:29","date_gmt":"2020-03-31T11:07:29","guid":{"rendered":"https:\/\/stapleline.com\/?post_type=product&#038;p=2602"},"modified":"2020-06-15T13:30:31","modified_gmt":"2020-06-15T11:30:31","slug":"cpa-maske","status":"publish","type":"product","link":"https:\/\/stapleline.com\/es\/produkt\/cpa-maske\/","title":{"rendered":"CPA Atemschutzmaske"},"content":{"rendered":"\t\t<div data-elementor-type=\"product-post\" data-elementor-id=\"2602\" class=\"elementor elementor-2602\" data-elementor-post-type=\"product\">\n\t\t\t\t\t\t<section class=\"elementor-section elementor-top-section elementor-element elementor-element-68fb484 elementor-section-boxed elementor-section-height-default elementor-section-height-default\" data-id=\"68fb484\" data-element_type=\"section\">\n\t\t\t\t\t\t<div class=\"elementor-container elementor-column-gap-no\">\n\t\t\t\t\t<div class=\"elementor-column elementor-col-100 elementor-top-column elementor-element elementor-element-e39a2a7\" data-id=\"e39a2a7\" data-element_type=\"column\">\n\t\t\t<div class=\"elementor-widget-wrap elementor-element-populated\">\n\t\t\t\t\t\t<div class=\"elementor-element elementor-element-f894a57 elementor-widget elementor-widget-jet-table\" data-id=\"f894a57\" data-element_type=\"widget\" data-widget_type=\"jet-table.default\">\n\t\t\t\t<div class=\"elementor-widget-container\">\n\t\t\t\t\t<div class=\"elementor-jet-table jet-elements\">\n\t\t<div class=\"jet-table-wrapper jet-table-responsive-mobile jet-table-responsive-tablet\">\n\t\t\t<table class=\"jet-table jet-table--fa5-compat\">\n\t\t\t\t<thead class=\"jet-table__head\"><tr class=\"jet-table__head-row\"><th class=\"jet-table__cell elementor-repeater-item-d525945 jet-table__head-cell\" scope=\"col\"><div class=\"jet-table__cell-inner\"><div class=\"jet-table__cell-content\"><div class=\"jet-table__cell-text\">Bestellnummer<\/div><\/div><\/div><\/th><th class=\"jet-table__cell elementor-repeater-item-d5ae888 jet-table__head-cell\" scope=\"col\"><div class=\"jet-table__cell-inner\"><div class=\"jet-table__cell-content\"><div class=\"jet-table__cell-text\">Verkaufseinheit<\/div><\/div><\/div><\/th><\/tr><\/thead>\n\t\t\t\t\t\t\t\t<tbody class=\"jet-table__body\"><tr class=\"jet-table__body-row elementor-repeater-item-6193191\"><td class=\"jet-table__cell elementor-repeater-item-66357ea jet-table__body-cell\"><div class=\"jet-table__cell-inner\"><div class=\"jet-table__cell-content\"><div class=\"jet-table__cell-text\">ASTA-FFP2<\/div><\/div><\/div><\/td><td class=\"jet-table__cell elementor-repeater-item-00d4bcc jet-table__body-cell\"><div class=\"jet-table__cell-inner\"><div class=\"jet-table__cell-content\"><div class=\"jet-table__cell-text\">50 St\u00fcck<\/div><\/div><\/div><\/td><\/tr><\/tbody>\n\t\t\t<\/table>\n\t\t<\/div>\n\n\t\t<\/div>\t\t\t\t<\/div>\n\t\t\t\t<\/div>\n\t\t\t\t\t<\/div>\n\t\t<\/div>\n\t\t\t\t\t<\/div>\n\t\t<\/section>\n\t\t\t\t<\/div>\n\t\t","protected":false},"excerpt":{"rendered":"<p>Bei der CPA-Maske handelt es sich um eine Atemschutzmaske, welche 95-99,9% aller Partikel und Keime filtert und somit dem GB2626-2006 Standard entspricht. Zus\u00e4tzlich ist sie staubdicht und f\u00fcr den medizinischen Gebrauch in Krankenh\u00e4usern und Arztpraxen zugelassen.<\/p>\n<p>Die Maske besteht aus 5 Lagen atmungsaktivem Baumwollmaterial und ist im Bereich der Nase individuell verstellbar, was optimalen Tragekomfort f\u00fcr jeden Tr\u00e4ger verspricht. Mithilfe von elastischen B\u00e4ndern kann die CPA Atemschutzmaske hinter den Ohren befestigt werden<\/p>\n<p>Eine ganzheitliche Abdichtung in Bereich von Mund und Nase gew\u00e4hrleistet optimalen Schutz, ohne dass die normale Atmung des Tr\u00e4gers beeintr\u00e4chtigt wird.<\/p>\n","protected":false},"featured_media":2603,"comment_status":"closed","ping_status":"closed","template":"","meta":{"_acf_changed":false},"product_brand":[],"product_cat":[28,66],"product_tag":[],"class_list":{"0":"post-2602","1":"product","2":"type-product","3":"status-publish","4":"has-post-thumbnail","6":"product_cat-produkte","7":"product_cat-schutzartikel","9":"first","10":"instock","11":"shipping-taxable","12":"purchasable","13":"product-type-simple"},"acf":[],"yoast_head":"<!-- This site is optimized with the Yoast SEO plugin v26.3 - https:\/\/yoast.com\/wordpress\/plugins\/seo\/ -->\n<title>CPA Atemschutzmaske - Stapleline Medizintechnik GmbH<\/title>\n<meta name=\"robots\" content=\"index, follow, max-snippet:-1, max-image-preview:large, max-video-preview:-1\" \/>\n<link rel=\"canonical\" href=\"https:\/\/stapleline.com\/produkt\/cpa-maske\/\" \/>\n<meta property=\"og:locale\" content=\"es_ES\" \/>\n<meta property=\"og:type\" content=\"article\" \/>\n<meta property=\"og:title\" content=\"CPA Atemschutzmaske - Stapleline Medizintechnik GmbH\" \/>\n<meta property=\"og:description\" content=\"Bei der CPA-Maske handelt es sich um eine Atemschutzmaske, welche 95-99,9% aller Partikel und Keime filtert und somit dem GB2626-2006 Standard entspricht. Zus\u00e4tzlich ist sie staubdicht und f\u00fcr den medizinischen Gebrauch in Krankenh\u00e4usern und Arztpraxen zugelassen.  Die Maske besteht aus 5 Lagen atmungsaktivem Baumwollmaterial und ist im Bereich der Nase individuell verstellbar, was optimalen Tragekomfort f\u00fcr jeden Tr\u00e4ger verspricht. Mithilfe von elastischen B\u00e4ndern kann die CPA Atemschutzmaske hinter den Ohren befestigt werden  Eine ganzheitliche Abdichtung in Bereich von Mund und Nase gew\u00e4hrleistet optimalen Schutz, ohne dass die normale Atmung des Tr\u00e4gers beeintr\u00e4chtigt wird.\" \/>\n<meta property=\"og:url\" content=\"https:\/\/stapleline.com\/produkt\/cpa-maske\/\" \/>\n<meta property=\"og:site_name\" content=\"Stapleline Medizintechnik GmbH\" \/>\n<meta property=\"article:modified_time\" content=\"2020-06-15T11:30:31+00:00\" \/>\n<meta property=\"og:image\" content=\"https:\/\/stapleline.com\/wp-content\/uploads\/2020\/03\/KN95.jpg\" \/>\n\t<meta property=\"og:image:width\" content=\"800\" \/>\n\t<meta property=\"og:image:height\" content=\"800\" \/>\n\t<meta property=\"og:image:type\" content=\"image\/jpeg\" \/>\n<meta name=\"twitter:card\" content=\"summary_large_image\" \/>\n<script type=\"application\/ld+json\" class=\"yoast-schema-graph\">{\"@context\":\"https:\/\/schema.org\",\"@graph\":[{\"@type\":\"WebPage\",\"@id\":\"https:\/\/stapleline.com\/produkt\/cpa-maske\/\",\"url\":\"https:\/\/stapleline.com\/produkt\/cpa-maske\/\",\"name\":\"CPA Atemschutzmaske - Stapleline Medizintechnik GmbH\",\"isPartOf\":{\"@id\":\"https:\/\/stapleline.com\/en\/#website\"},\"primaryImageOfPage\":{\"@id\":\"https:\/\/stapleline.com\/produkt\/cpa-maske\/#primaryimage\"},\"image\":{\"@id\":\"https:\/\/stapleline.com\/produkt\/cpa-maske\/#primaryimage\"},\"thumbnailUrl\":\"https:\/\/stapleline.com\/wp-content\/uploads\/2020\/03\/KN95.jpg\",\"datePublished\":\"2020-03-31T11:07:29+00:00\",\"dateModified\":\"2020-06-15T11:30:31+00:00\",\"breadcrumb\":{\"@id\":\"https:\/\/stapleline.com\/produkt\/cpa-maske\/#breadcrumb\"},\"inLanguage\":\"es\",\"potentialAction\":[{\"@type\":\"ReadAction\",\"target\":[\"https:\/\/stapleline.com\/produkt\/cpa-maske\/\"]}]},{\"@type\":\"ImageObject\",\"inLanguage\":\"es\",\"@id\":\"https:\/\/stapleline.com\/produkt\/cpa-maske\/#primaryimage\",\"url\":\"https:\/\/stapleline.com\/wp-content\/uploads\/2020\/03\/KN95.jpg\",\"contentUrl\":\"https:\/\/stapleline.com\/wp-content\/uploads\/2020\/03\/KN95.jpg\",\"width\":800,\"height\":800,\"caption\":\"Atemschutzmaske FFP2\"},{\"@type\":\"BreadcrumbList\",\"@id\":\"https:\/\/stapleline.com\/produkt\/cpa-maske\/#breadcrumb\",\"itemListElement\":[{\"@type\":\"ListItem\",\"position\":1,\"name\":\"Startseite\",\"item\":\"https:\/\/stapleline.com\/\"},{\"@type\":\"ListItem\",\"position\":2,\"name\":\"Produkte\",\"item\":\"https:\/\/stapleline.com\/produkte\/\"},{\"@type\":\"ListItem\",\"position\":3,\"name\":\"CPA Atemschutzmaske\"}]},{\"@type\":\"WebSite\",\"@id\":\"https:\/\/stapleline.com\/en\/#website\",\"url\":\"https:\/\/stapleline.com\/en\/\",\"name\":\"Stapleline Medizintechnik GmbH\",\"description\":\"\",\"publisher\":{\"@id\":\"https:\/\/stapleline.com\/en\/#organization\"},\"potentialAction\":[{\"@type\":\"SearchAction\",\"target\":{\"@type\":\"EntryPoint\",\"urlTemplate\":\"https:\/\/stapleline.com\/en\/?s={search_term_string}\"},\"query-input\":{\"@type\":\"PropertyValueSpecification\",\"valueRequired\":true,\"valueName\":\"search_term_string\"}}],\"inLanguage\":\"es\"},{\"@type\":\"Organization\",\"@id\":\"https:\/\/stapleline.com\/en\/#organization\",\"name\":\"Stapleline Medizintechnik GmbH\",\"url\":\"https:\/\/stapleline.com\/en\/\",\"logo\":{\"@type\":\"ImageObject\",\"inLanguage\":\"es\",\"@id\":\"https:\/\/stapleline.com\/en\/#\/schema\/logo\/image\/\",\"url\":\"https:\/\/stapleline.com\/wp-content\/uploads\/2019\/08\/logo-stapleline.png\",\"contentUrl\":\"https:\/\/stapleline.com\/wp-content\/uploads\/2019\/08\/logo-stapleline.png\",\"width\":500,\"height\":184,\"caption\":\"Stapleline Medizintechnik GmbH\"},\"image\":{\"@id\":\"https:\/\/stapleline.com\/en\/#\/schema\/logo\/image\/\"}}]}<\/script>\n<!-- \/ Yoast SEO plugin. -->","yoast_head_json":{"title":"CPA Atemschutzmaske - Stapleline Medizintechnik GmbH","robots":{"index":"index","follow":"follow","max-snippet":"max-snippet:-1","max-image-preview":"max-image-preview:large","max-video-preview":"max-video-preview:-1"},"canonical":"https:\/\/stapleline.com\/produkt\/cpa-maske\/","og_locale":"es_ES","og_type":"article","og_title":"CPA Atemschutzmaske - Stapleline Medizintechnik GmbH","og_description":"Bei der CPA-Maske handelt es sich um eine Atemschutzmaske, welche 95-99,9% aller Partikel und Keime filtert und somit dem GB2626-2006 Standard entspricht. Zus\u00e4tzlich ist sie staubdicht und f\u00fcr den medizinischen Gebrauch in Krankenh\u00e4usern und Arztpraxen zugelassen.  Die Maske besteht aus 5 Lagen atmungsaktivem Baumwollmaterial und ist im Bereich der Nase individuell verstellbar, was optimalen Tragekomfort f\u00fcr jeden Tr\u00e4ger verspricht. Mithilfe von elastischen B\u00e4ndern kann die CPA Atemschutzmaske hinter den Ohren befestigt werden  Eine ganzheitliche Abdichtung in Bereich von Mund und Nase gew\u00e4hrleistet optimalen Schutz, ohne dass die normale Atmung des Tr\u00e4gers beeintr\u00e4chtigt wird.","og_url":"https:\/\/stapleline.com\/produkt\/cpa-maske\/","og_site_name":"Stapleline Medizintechnik GmbH","article_modified_time":"2020-06-15T11:30:31+00:00","og_image":[{"width":800,"height":800,"url":"https:\/\/stapleline.com\/wp-content\/uploads\/2020\/03\/KN95.jpg","type":"image\/jpeg"}],"twitter_card":"summary_large_image","schema":{"@context":"https:\/\/schema.org","@graph":[{"@type":"WebPage","@id":"https:\/\/stapleline.com\/produkt\/cpa-maske\/","url":"https:\/\/stapleline.com\/produkt\/cpa-maske\/","name":"CPA Atemschutzmaske - Stapleline Medizintechnik GmbH","isPartOf":{"@id":"https:\/\/stapleline.com\/en\/#website"},"primaryImageOfPage":{"@id":"https:\/\/stapleline.com\/produkt\/cpa-maske\/#primaryimage"},"image":{"@id":"https:\/\/stapleline.com\/produkt\/cpa-maske\/#primaryimage"},"thumbnailUrl":"https:\/\/stapleline.com\/wp-content\/uploads\/2020\/03\/KN95.jpg","datePublished":"2020-03-31T11:07:29+00:00","dateModified":"2020-06-15T11:30:31+00:00","breadcrumb":{"@id":"https:\/\/stapleline.com\/produkt\/cpa-maske\/#breadcrumb"},"inLanguage":"es","potentialAction":[{"@type":"ReadAction","target":["https:\/\/stapleline.com\/produkt\/cpa-maske\/"]}]},{"@type":"ImageObject","inLanguage":"es","@id":"https:\/\/stapleline.com\/produkt\/cpa-maske\/#primaryimage","url":"https:\/\/stapleline.com\/wp-content\/uploads\/2020\/03\/KN95.jpg","contentUrl":"https:\/\/stapleline.com\/wp-content\/uploads\/2020\/03\/KN95.jpg","width":800,"height":800,"caption":"Atemschutzmaske FFP2"},{"@type":"BreadcrumbList","@id":"https:\/\/stapleline.com\/produkt\/cpa-maske\/#breadcrumb","itemListElement":[{"@type":"ListItem","position":1,"name":"Startseite","item":"https:\/\/stapleline.com\/"},{"@type":"ListItem","position":2,"name":"Produkte","item":"https:\/\/stapleline.com\/produkte\/"},{"@type":"ListItem","position":3,"name":"CPA Atemschutzmaske"}]},{"@type":"WebSite","@id":"https:\/\/stapleline.com\/en\/#website","url":"https:\/\/stapleline.com\/en\/","name":"Stapleline Medizintechnik GmbH","description":"","publisher":{"@id":"https:\/\/stapleline.com\/en\/#organization"},"potentialAction":[{"@type":"SearchAction","target":{"@type":"EntryPoint","urlTemplate":"https:\/\/stapleline.com\/en\/?s={search_term_string}"},"query-input":{"@type":"PropertyValueSpecification","valueRequired":true,"valueName":"search_term_string"}}],"inLanguage":"es"},{"@type":"Organization","@id":"https:\/\/stapleline.com\/en\/#organization","name":"Stapleline Medizintechnik GmbH","url":"https:\/\/stapleline.com\/en\/","logo":{"@type":"ImageObject","inLanguage":"es","@id":"https:\/\/stapleline.com\/en\/#\/schema\/logo\/image\/","url":"https:\/\/stapleline.com\/wp-content\/uploads\/2019\/08\/logo-stapleline.png","contentUrl":"https:\/\/stapleline.com\/wp-content\/uploads\/2019\/08\/logo-stapleline.png","width":500,"height":184,"caption":"Stapleline Medizintechnik GmbH"},"image":{"@id":"https:\/\/stapleline.com\/en\/#\/schema\/logo\/image\/"}}]}},"_links":{"self":[{"href":"https:\/\/stapleline.com\/es\/wp-json\/wp\/v2\/product\/2602","targetHints":{"allow":["GET"]}}],"collection":[{"href":"https:\/\/stapleline.com\/es\/wp-json\/wp\/v2\/product"}],"about":[{"href":"https:\/\/stapleline.com\/es\/wp-json\/wp\/v2\/types\/product"}],"replies":[{"embeddable":true,"href":"https:\/\/stapleline.com\/es\/wp-json\/wp\/v2\/comments?post=2602"}],"version-history":[{"count":0,"href":"https:\/\/stapleline.com\/es\/wp-json\/wp\/v2\/product\/2602\/revisions"}],"wp:featuredmedia":[{"embeddable":true,"href":"https:\/\/stapleline.com\/es\/wp-json\/wp\/v2\/media\/2603"}],"wp:attachment":[{"href":"https:\/\/stapleline.com\/es\/wp-json\/wp\/v2\/media?parent=2602"}],"wp:term":[{"taxonomy":"product_brand","embeddable":true,"href":"https:\/\/stapleline.com\/es\/wp-json\/wp\/v2\/product_brand?post=2602"},{"taxonomy":"product_cat","embeddable":true,"href":"https:\/\/stapleline.com\/es\/wp-json\/wp\/v2\/product_cat?post=2602"},{"taxonomy":"product_tag","embeddable":true,"href":"https:\/\/stapleline.com\/es\/wp-json\/wp\/v2\/product_tag?post=2602"}],"curies":[{"name":"wp","href":"https:\/\/api.w.org\/{rel}","templated":true}]}}