{"id":4163,"date":"2025-08-25T11:21:00","date_gmt":"2025-08-25T09:21:00","guid":{"rendered":"https:\/\/stapleline.com\/?post_type=product&#038;p=4163"},"modified":"2025-08-25T16:45:48","modified_gmt":"2025-08-25T14:45:48","slug":"surgispon-dental","status":"publish","type":"product","link":"https:\/\/stapleline.com\/en\/produkt\/surgispon-dental\/","title":{"rendered":"Surgispon Dental"},"content":{"rendered":"\t\t<div data-elementor-type=\"product-post\" data-elementor-id=\"4163\" class=\"elementor elementor-4163\" data-elementor-post-type=\"product\">\n\t\t\t\t\t\t<section class=\"elementor-section elementor-top-section elementor-element elementor-element-5fa4276 elementor-section-boxed elementor-section-height-default elementor-section-height-default\" data-id=\"5fa4276\" data-element_type=\"section\">\n\t\t\t\t\t\t<div class=\"elementor-container elementor-column-gap-no\">\n\t\t\t\t\t<div class=\"elementor-column elementor-col-100 elementor-top-column elementor-element elementor-element-bab6ee0\" data-id=\"bab6ee0\" data-element_type=\"column\">\n\t\t\t<div class=\"elementor-widget-wrap elementor-element-populated\">\n\t\t\t\t\t\t<div class=\"elementor-element elementor-element-e390f34 elementor-widget elementor-widget-jet-table\" data-id=\"e390f34\" data-element_type=\"widget\" data-widget_type=\"jet-table.default\">\n\t\t\t\t<div class=\"elementor-widget-container\">\n\t\t\t\t\t<div class=\"elementor-jet-table jet-elements\">\n\t\t<div class=\"jet-table-wrapper jet-table-responsive-mobile jet-table-responsive-tablet\">\n\t\t\t<table class=\"jet-table jet-table--fa5-compat\">\n\t\t\t\t<thead class=\"jet-table__head\"><tr class=\"jet-table__head-row\"><th class=\"jet-table__cell elementor-repeater-item-d525945 jet-table__head-cell\" scope=\"col\"><div class=\"jet-table__cell-inner\"><div class=\"jet-table__cell-content\"><div class=\"jet-table__cell-text\">Artikelnummer<\/div><\/div><\/div><\/th><th class=\"jet-table__cell elementor-repeater-item-1304b94 jet-table__head-cell\" scope=\"col\"><div class=\"jet-table__cell-inner\"><div class=\"jet-table__cell-content\"><div class=\"jet-table__cell-text\">GTIN-Nr.<\/div><\/div><\/div><\/th><th class=\"jet-table__cell elementor-repeater-item-d5ae888 jet-table__head-cell\" scope=\"col\"><div class=\"jet-table__cell-inner\"><div class=\"jet-table__cell-content\"><div class=\"jet-table__cell-text\">Beschreibung<\/div><\/div><\/div><\/th><th class=\"jet-table__cell elementor-repeater-item-0771e96 jet-table__head-cell\" scope=\"col\"><div class=\"jet-table__cell-inner\"><div class=\"jet-table__cell-content\"><div class=\"jet-table__cell-text\">Gr\u00f6\u00dfe<\/div><\/div><\/div><\/th><\/tr><\/thead>\n\t\t\t\t\t\t\t\t<tbody class=\"jet-table__body\"><tr class=\"jet-table__body-row elementor-repeater-item-6193191\"><td class=\"jet-table__cell elementor-repeater-item-00d4bcc jet-table__body-cell\"><div class=\"jet-table__cell-inner\"><div class=\"jet-table__cell-content\"><div class=\"jet-table__cell-text\">SSP 101010.32<\/div><\/div><\/div><\/td><td class=\"jet-table__cell elementor-repeater-item-bf6627c jet-table__body-cell\"><div class=\"jet-table__cell-inner\"><div class=\"jet-table__cell-content\"><div class=\"jet-table__cell-text\">8906038450607<\/div><\/div><\/div><\/td><td class=\"jet-table__cell elementor-repeater-item-66357ea jet-table__body-cell\"><div class=\"jet-table__cell-inner\"><div class=\"jet-table__cell-content\"><div class=\"jet-table__cell-text\">Surgispon W\u00fcrfel<\/div><\/div><\/div><\/td><td class=\"jet-table__cell elementor-repeater-item-97927c1 jet-table__body-cell\"><div class=\"jet-table__cell-inner\"><div class=\"jet-table__cell-content\"><div class=\"jet-table__cell-text\">10x10x10<\/div><\/div><\/div><\/td><\/tr><\/tbody>\n\t\t\t<\/table>\n\t\t<\/div>\n\n\t\t<\/div>\t\t\t\t<\/div>\n\t\t\t\t<\/div>\n\t\t\t\t\t<\/div>\n\t\t<\/div>\n\t\t\t\t\t<\/div>\n\t\t<\/section>\n\t\t\t\t<\/div>\n\t\t","protected":false},"excerpt":{"rendered":"<p>SURGISPON \u00ae ist ein steriler, blutstillender, resorbierbarer Gelatineschwamm aus reinem pharmazeutischen Gelatineschaum (lyophilisiertes hydrolysiertes Kollagen). Dadurch ist er gleichm\u00e4\u00dfig por\u00f6s und neutral. Der getrocknete Schaum wird geschnitten, verpackt und mit Gammastrahlen sterilisiert. SURGISPON \u00ae ist sofort im Operationssaal einsatzbereit und erfordert keine Sterilisation durch trockene Hitze oder Autoklavieren.<\/p>\n","protected":false},"featured_media":4164,"comment_status":"closed","ping_status":"closed","template":"","meta":{"_acf_changed":false},"product_brand":[],"product_cat":[28,67],"product_tag":[],"class_list":{"0":"post-4163","1":"product","2":"type-product","3":"status-publish","4":"has-post-thumbnail","6":"product_cat-produkte","7":"product_cat-wundheilung","9":"first","10":"instock","11":"virtual","12":"purchasable","13":"product-type-simple"},"acf":[],"yoast_head":"<!-- This site is optimized with the Yoast SEO plugin v26.3 - https:\/\/yoast.com\/wordpress\/plugins\/seo\/ -->\n<title>Surgispon Dental - Stapleline Medizintechnik GmbH<\/title>\n<meta name=\"description\" content=\"SURGISPON\u00ae Dental: Steriler Gelatineschwamm zur Blutstillung. Einfach trocken oder nass anwenden, wirkt in 1-2 Min. Sofort einsatzbereit, resorbierbar &amp; sicher f\u00fcr zahn\u00e4rztliche Eingriffe.\" \/>\n<meta name=\"robots\" content=\"index, follow, max-snippet:-1, max-image-preview:large, max-video-preview:-1\" \/>\n<link rel=\"canonical\" href=\"https:\/\/stapleline.com\/produkt\/surgispon-dental\/\" \/>\n<meta property=\"og:locale\" content=\"en_US\" \/>\n<meta property=\"og:type\" content=\"article\" \/>\n<meta property=\"og:title\" content=\"Surgispon Dental - Stapleline Medizintechnik GmbH\" \/>\n<meta property=\"og:description\" content=\"SURGISPON\u00ae Dental: Steriler Gelatineschwamm zur Blutstillung. Einfach trocken oder nass anwenden, wirkt in 1-2 Min. Sofort einsatzbereit, resorbierbar &amp; sicher f\u00fcr zahn\u00e4rztliche Eingriffe.\" \/>\n<meta property=\"og:url\" content=\"https:\/\/stapleline.com\/produkt\/surgispon-dental\/\" \/>\n<meta property=\"og:site_name\" content=\"Stapleline Medizintechnik GmbH\" \/>\n<meta property=\"article:modified_time\" content=\"2025-08-25T14:45:48+00:00\" \/>\n<meta property=\"og:image\" content=\"https:\/\/stapleline.com\/wp-content\/uploads\/2025\/08\/05-Dental-Hemostatic-1.png\" \/>\n\t<meta property=\"og:image:width\" content=\"1000\" \/>\n\t<meta property=\"og:image:height\" content=\"800\" \/>\n\t<meta property=\"og:image:type\" content=\"image\/png\" \/>\n<meta name=\"twitter:card\" content=\"summary_large_image\" \/>\n<script type=\"application\/ld+json\" class=\"yoast-schema-graph\">{\"@context\":\"https:\/\/schema.org\",\"@graph\":[{\"@type\":\"WebPage\",\"@id\":\"https:\/\/stapleline.com\/produkt\/surgispon-dental\/\",\"url\":\"https:\/\/stapleline.com\/produkt\/surgispon-dental\/\",\"name\":\"Surgispon Dental - Stapleline Medizintechnik GmbH\",\"isPartOf\":{\"@id\":\"https:\/\/stapleline.com\/en\/#website\"},\"primaryImageOfPage\":{\"@id\":\"https:\/\/stapleline.com\/produkt\/surgispon-dental\/#primaryimage\"},\"image\":{\"@id\":\"https:\/\/stapleline.com\/produkt\/surgispon-dental\/#primaryimage\"},\"thumbnailUrl\":\"https:\/\/stapleline.com\/wp-content\/uploads\/2025\/08\/05-Dental-Hemostatic-1.png\",\"datePublished\":\"2025-08-25T09:21:00+00:00\",\"dateModified\":\"2025-08-25T14:45:48+00:00\",\"description\":\"SURGISPON\u00ae Dental: Steriler Gelatineschwamm zur Blutstillung. Einfach trocken oder nass anwenden, wirkt in 1-2 Min. Sofort einsatzbereit, resorbierbar & sicher f\u00fcr zahn\u00e4rztliche Eingriffe.\",\"breadcrumb\":{\"@id\":\"https:\/\/stapleline.com\/produkt\/surgispon-dental\/#breadcrumb\"},\"inLanguage\":\"en-US\",\"potentialAction\":[{\"@type\":\"ReadAction\",\"target\":[\"https:\/\/stapleline.com\/produkt\/surgispon-dental\/\"]}]},{\"@type\":\"ImageObject\",\"inLanguage\":\"en-US\",\"@id\":\"https:\/\/stapleline.com\/produkt\/surgispon-dental\/#primaryimage\",\"url\":\"https:\/\/stapleline.com\/wp-content\/uploads\/2025\/08\/05-Dental-Hemostatic-1.png\",\"contentUrl\":\"https:\/\/stapleline.com\/wp-content\/uploads\/2025\/08\/05-Dental-Hemostatic-1.png\",\"width\":1000,\"height\":800},{\"@type\":\"BreadcrumbList\",\"@id\":\"https:\/\/stapleline.com\/produkt\/surgispon-dental\/#breadcrumb\",\"itemListElement\":[{\"@type\":\"ListItem\",\"position\":1,\"name\":\"Startseite\",\"item\":\"https:\/\/stapleline.com\/en\/\"},{\"@type\":\"ListItem\",\"position\":2,\"name\":\"Produkte\",\"item\":\"https:\/\/stapleline.com\/produkte\/\"},{\"@type\":\"ListItem\",\"position\":3,\"name\":\"Surgispon Dental\"}]},{\"@type\":\"WebSite\",\"@id\":\"https:\/\/stapleline.com\/en\/#website\",\"url\":\"https:\/\/stapleline.com\/en\/\",\"name\":\"Stapleline Medizintechnik GmbH\",\"description\":\"\",\"publisher\":{\"@id\":\"https:\/\/stapleline.com\/en\/#organization\"},\"potentialAction\":[{\"@type\":\"SearchAction\",\"target\":{\"@type\":\"EntryPoint\",\"urlTemplate\":\"https:\/\/stapleline.com\/en\/?s={search_term_string}\"},\"query-input\":{\"@type\":\"PropertyValueSpecification\",\"valueRequired\":true,\"valueName\":\"search_term_string\"}}],\"inLanguage\":\"en-US\"},{\"@type\":\"Organization\",\"@id\":\"https:\/\/stapleline.com\/en\/#organization\",\"name\":\"Stapleline Medizintechnik GmbH\",\"url\":\"https:\/\/stapleline.com\/en\/\",\"logo\":{\"@type\":\"ImageObject\",\"inLanguage\":\"en-US\",\"@id\":\"https:\/\/stapleline.com\/en\/#\/schema\/logo\/image\/\",\"url\":\"https:\/\/stapleline.com\/wp-content\/uploads\/2019\/08\/logo-stapleline.png\",\"contentUrl\":\"https:\/\/stapleline.com\/wp-content\/uploads\/2019\/08\/logo-stapleline.png\",\"width\":500,\"height\":184,\"caption\":\"Stapleline Medizintechnik GmbH\"},\"image\":{\"@id\":\"https:\/\/stapleline.com\/en\/#\/schema\/logo\/image\/\"}}]}<\/script>\n<!-- \/ Yoast SEO plugin. -->","yoast_head_json":{"title":"Surgispon Dental - Stapleline Medizintechnik GmbH","description":"SURGISPON\u00ae Dental: Steriler Gelatineschwamm zur Blutstillung. Einfach trocken oder nass anwenden, wirkt in 1-2 Min. Sofort einsatzbereit, resorbierbar & sicher f\u00fcr zahn\u00e4rztliche Eingriffe.","robots":{"index":"index","follow":"follow","max-snippet":"max-snippet:-1","max-image-preview":"max-image-preview:large","max-video-preview":"max-video-preview:-1"},"canonical":"https:\/\/stapleline.com\/produkt\/surgispon-dental\/","og_locale":"en_US","og_type":"article","og_title":"Surgispon Dental - Stapleline Medizintechnik GmbH","og_description":"SURGISPON\u00ae Dental: Steriler Gelatineschwamm zur Blutstillung. Einfach trocken oder nass anwenden, wirkt in 1-2 Min. Sofort einsatzbereit, resorbierbar & sicher f\u00fcr zahn\u00e4rztliche Eingriffe.","og_url":"https:\/\/stapleline.com\/produkt\/surgispon-dental\/","og_site_name":"Stapleline Medizintechnik GmbH","article_modified_time":"2025-08-25T14:45:48+00:00","og_image":[{"width":1000,"height":800,"url":"https:\/\/stapleline.com\/wp-content\/uploads\/2025\/08\/05-Dental-Hemostatic-1.png","type":"image\/png"}],"twitter_card":"summary_large_image","schema":{"@context":"https:\/\/schema.org","@graph":[{"@type":"WebPage","@id":"https:\/\/stapleline.com\/produkt\/surgispon-dental\/","url":"https:\/\/stapleline.com\/produkt\/surgispon-dental\/","name":"Surgispon Dental - Stapleline Medizintechnik GmbH","isPartOf":{"@id":"https:\/\/stapleline.com\/en\/#website"},"primaryImageOfPage":{"@id":"https:\/\/stapleline.com\/produkt\/surgispon-dental\/#primaryimage"},"image":{"@id":"https:\/\/stapleline.com\/produkt\/surgispon-dental\/#primaryimage"},"thumbnailUrl":"https:\/\/stapleline.com\/wp-content\/uploads\/2025\/08\/05-Dental-Hemostatic-1.png","datePublished":"2025-08-25T09:21:00+00:00","dateModified":"2025-08-25T14:45:48+00:00","description":"SURGISPON\u00ae Dental: Steriler Gelatineschwamm zur Blutstillung. Einfach trocken oder nass anwenden, wirkt in 1-2 Min. Sofort einsatzbereit, resorbierbar & sicher f\u00fcr zahn\u00e4rztliche Eingriffe.","breadcrumb":{"@id":"https:\/\/stapleline.com\/produkt\/surgispon-dental\/#breadcrumb"},"inLanguage":"en-US","potentialAction":[{"@type":"ReadAction","target":["https:\/\/stapleline.com\/produkt\/surgispon-dental\/"]}]},{"@type":"ImageObject","inLanguage":"en-US","@id":"https:\/\/stapleline.com\/produkt\/surgispon-dental\/#primaryimage","url":"https:\/\/stapleline.com\/wp-content\/uploads\/2025\/08\/05-Dental-Hemostatic-1.png","contentUrl":"https:\/\/stapleline.com\/wp-content\/uploads\/2025\/08\/05-Dental-Hemostatic-1.png","width":1000,"height":800},{"@type":"BreadcrumbList","@id":"https:\/\/stapleline.com\/produkt\/surgispon-dental\/#breadcrumb","itemListElement":[{"@type":"ListItem","position":1,"name":"Startseite","item":"https:\/\/stapleline.com\/en\/"},{"@type":"ListItem","position":2,"name":"Produkte","item":"https:\/\/stapleline.com\/produkte\/"},{"@type":"ListItem","position":3,"name":"Surgispon Dental"}]},{"@type":"WebSite","@id":"https:\/\/stapleline.com\/en\/#website","url":"https:\/\/stapleline.com\/en\/","name":"Stapleline Medizintechnik GmbH","description":"","publisher":{"@id":"https:\/\/stapleline.com\/en\/#organization"},"potentialAction":[{"@type":"SearchAction","target":{"@type":"EntryPoint","urlTemplate":"https:\/\/stapleline.com\/en\/?s={search_term_string}"},"query-input":{"@type":"PropertyValueSpecification","valueRequired":true,"valueName":"search_term_string"}}],"inLanguage":"en-US"},{"@type":"Organization","@id":"https:\/\/stapleline.com\/en\/#organization","name":"Stapleline Medizintechnik GmbH","url":"https:\/\/stapleline.com\/en\/","logo":{"@type":"ImageObject","inLanguage":"en-US","@id":"https:\/\/stapleline.com\/en\/#\/schema\/logo\/image\/","url":"https:\/\/stapleline.com\/wp-content\/uploads\/2019\/08\/logo-stapleline.png","contentUrl":"https:\/\/stapleline.com\/wp-content\/uploads\/2019\/08\/logo-stapleline.png","width":500,"height":184,"caption":"Stapleline Medizintechnik GmbH"},"image":{"@id":"https:\/\/stapleline.com\/en\/#\/schema\/logo\/image\/"}}]}},"_links":{"self":[{"href":"https:\/\/stapleline.com\/en\/wp-json\/wp\/v2\/product\/4163","targetHints":{"allow":["GET"]}}],"collection":[{"href":"https:\/\/stapleline.com\/en\/wp-json\/wp\/v2\/product"}],"about":[{"href":"https:\/\/stapleline.com\/en\/wp-json\/wp\/v2\/types\/product"}],"replies":[{"embeddable":true,"href":"https:\/\/stapleline.com\/en\/wp-json\/wp\/v2\/comments?post=4163"}],"version-history":[{"count":8,"href":"https:\/\/stapleline.com\/en\/wp-json\/wp\/v2\/product\/4163\/revisions"}],"predecessor-version":[{"id":4178,"href":"https:\/\/stapleline.com\/en\/wp-json\/wp\/v2\/product\/4163\/revisions\/4178"}],"wp:featuredmedia":[{"embeddable":true,"href":"https:\/\/stapleline.com\/en\/wp-json\/wp\/v2\/media\/4164"}],"wp:attachment":[{"href":"https:\/\/stapleline.com\/en\/wp-json\/wp\/v2\/media?parent=4163"}],"wp:term":[{"taxonomy":"product_brand","embeddable":true,"href":"https:\/\/stapleline.com\/en\/wp-json\/wp\/v2\/product_brand?post=4163"},{"taxonomy":"product_cat","embeddable":true,"href":"https:\/\/stapleline.com\/en\/wp-json\/wp\/v2\/product_cat?post=4163"},{"taxonomy":"product_tag","embeddable":true,"href":"https:\/\/stapleline.com\/en\/wp-json\/wp\/v2\/product_tag?post=4163"}],"curies":[{"name":"wp","href":"https:\/\/api.w.org\/{rel}","templated":true}]}}