{"id":1886,"date":"2019-05-24T11:14:24","date_gmt":"2019-05-24T09:14:24","guid":{"rendered":"https:\/\/stapleline.com\/impressum\/"},"modified":"2019-11-15T13:42:45","modified_gmt":"2019-11-15T12:42:45","slug":"site-notice","status":"publish","type":"page","link":"https:\/\/stapleline.com\/en\/site-notice\/","title":{"rendered":"Site Notice"},"content":{"rendered":"\t\t<div data-elementor-type=\"wp-post\" data-elementor-id=\"1886\" class=\"elementor elementor-1886\" data-elementor-post-type=\"page\">\n\t\t\t\t\t\t<section class=\"elementor-section elementor-top-section elementor-element elementor-element-1745de22 elementor-section-stretched elementor-section-full_width elementor-section-height-default elementor-section-height-default\" data-id=\"1745de22\" data-element_type=\"section\" data-settings=\"{&quot;stretch_section&quot;:&quot;section-stretched&quot;}\">\n\t\t\t\t\t\t<div class=\"elementor-container elementor-column-gap-no\">\n\t\t\t\t\t<div class=\"elementor-column elementor-col-100 elementor-top-column elementor-element elementor-element-6013a08\" data-id=\"6013a08\" data-element_type=\"column\">\n\t\t\t<div class=\"elementor-widget-wrap elementor-element-populated\">\n\t\t\t\t\t\t<div class=\"elementor-element elementor-element-4b19bc1f elementor-widget elementor-widget-template\" data-id=\"4b19bc1f\" data-element_type=\"widget\" data-widget_type=\"template.default\">\n\t\t\t\t<div class=\"elementor-widget-container\">\n\t\t\t\t\t\t\t<div class=\"elementor-template\">\n\t\t\t\t\t<div data-elementor-type=\"section\" data-elementor-id=\"211\" class=\"elementor elementor-211\" data-elementor-post-type=\"elementor_library\">\n\t\t\t\t\t<div class=\"elementor-section-wrap\">\n\t\t\t\t\t\t\t\t<section class=\"elementor-section elementor-top-section elementor-element elementor-element-45a8de3a elementor-section-content-middle elementor-section-boxed elementor-section-height-default elementor-section-height-default\" data-id=\"45a8de3a\" data-element_type=\"section\" data-settings=\"{&quot;background_background&quot;:&quot;classic&quot;}\">\n\t\t\t\t\t\t<div class=\"elementor-container elementor-column-gap-default\">\n\t\t\t\t\t<div class=\"elementor-column elementor-col-100 elementor-top-column elementor-element elementor-element-1c3dd4ed\" data-id=\"1c3dd4ed\" data-element_type=\"column\">\n\t\t\t<div class=\"elementor-widget-wrap elementor-element-populated\">\n\t\t\t\t\t\t<div class=\"elementor-element elementor-element-361825ef elementor-widget elementor-widget-heading\" data-id=\"361825ef\" data-element_type=\"widget\" data-widget_type=\"heading.default\">\n\t\t\t\t<div class=\"elementor-widget-container\">\n\t\t\t\t\t<h1 class=\"elementor-heading-title elementor-size-default\">Site Notice<\/h1>\t\t\t\t<\/div>\n\t\t\t\t<\/div>\n\t\t\t\t<div class=\"elementor-element elementor-element-bfc4f3f elementor-widget elementor-widget-woocommerce-breadcrumb\" data-id=\"bfc4f3f\" data-element_type=\"widget\" data-widget_type=\"woocommerce-breadcrumb.default\">\n\t\t\t\t<div class=\"elementor-widget-container\">\n\t\t\t\t\t<nav class=\"woocommerce-breadcrumb\" aria-label=\"Breadcrumb\">Home<\/nav>\t\t\t\t<\/div>\n\t\t\t\t<\/div>\n\t\t\t\t\t<\/div>\n\t\t<\/div>\n\t\t\t\t\t<\/div>\n\t\t<\/section>\n\t\t\t\t\t\t\t<\/div>\n\t\t\t\t<\/div>\n\t\t\t\t<\/div>\n\t\t\t\t\t\t<\/div>\n\t\t\t\t<\/div>\n\t\t\t\t\t<\/div>\n\t\t<\/div>\n\t\t\t\t\t<\/div>\n\t\t<\/section>\n\t\t\t\t<section class=\"elementor-section elementor-top-section elementor-element elementor-element-629aad49 elementor-section-boxed elementor-section-height-default elementor-section-height-default\" data-id=\"629aad49\" data-element_type=\"section\">\n\t\t\t\t\t\t<div class=\"elementor-container elementor-column-gap-no\">\n\t\t\t\t\t<div class=\"elementor-column elementor-col-100 elementor-top-column elementor-element elementor-element-b942bab\" data-id=\"b942bab\" data-element_type=\"column\">\n\t\t\t<div class=\"elementor-widget-wrap elementor-element-populated\">\n\t\t\t\t\t\t<div class=\"elementor-element elementor-element-1437ea6 elementor-widget elementor-widget-text-editor\" data-id=\"1437ea6\" data-element_type=\"widget\" data-widget_type=\"text-editor.default\">\n\t\t\t\t<div class=\"elementor-widget-container\">\n\t\t\t\t\t\t\t\t\t<h2>Information pursuant to \u00a7 5 TMG<\/h2><p>Stapleline Medizintechnik GmbH<br \/>Bessemer Stra\u00dfe 30<br \/>44793 Bochum<\/p><p>Commercial Register: HRB 10891<br \/>Registration court: Amtsgericht Bochum<\/p><p><strong>Represented by:<\/strong><br \/>Gesch\u00e4ftsf\u00fchrerin: Natalia Krychtina<\/p><p>\u00a0<\/p><h2>Contact<\/h2><p>Phone: +49 234 936 487 00<br \/>Telefax: +49 234 936 487 12<br \/><a href=\"mailto:info@stapleline.com\">info@stapleline.com<\/a><\/p><p>\u00a0<\/p><h2>VAT ID<\/h2><p>Sales tax identification number according to \u00a7 27 a of the Sales Tax Law:<br \/>DE 814 684 907<\/p><p>\u00a0<\/p><h2>EU dispute resolution<\/h2><p>The European Commission provides a platform for online dispute resolution (ODR): <a href=\"https:\/\/ec.europa.eu\/consumers\/odr\" target=\"_blank\" rel=\"noopener noreferrer\">https:\/\/ec.europa.eu\/consumers\/odr<\/a>.<br \/>Our e-mail address can be found above in the site notice.<\/p><p>We are not willing or obliged to participate in dispute resolution proceedings before a consumer arbitration board.<\/p>\t\t\t\t\t\t\t\t<\/div>\n\t\t\t\t<\/div>\n\t\t\t\t<div class=\"elementor-element elementor-element-2e38d108 elementor-widget-divider--view-line elementor-widget elementor-widget-divider\" data-id=\"2e38d108\" data-element_type=\"widget\" data-widget_type=\"divider.default\">\n\t\t\t\t<div class=\"elementor-widget-container\">\n\t\t\t\t\t\t\t<div class=\"elementor-divider\">\n\t\t\t<span class=\"elementor-divider-separator\">\n\t\t\t\t\t\t<\/span>\n\t\t<\/div>\n\t\t\t\t\t\t<\/div>\n\t\t\t\t<\/div>\n\t\t\t\t<div class=\"elementor-element elementor-element-f251934 elementor-widget elementor-widget-text-editor\" data-id=\"f251934\" data-element_type=\"widget\" data-widget_type=\"text-editor.default\">\n\t\t\t\t<div class=\"elementor-widget-container\">\n\t\t\t\t\t\t\t\t\t<h3>Liability for Contents<\/h3><p>As service providers, we are liable for own contents of these websites according to Paragraph 7, Sect. 1 German Telemedia Act (TMG). However, according to Paragraphs 8 to 10 German Telemedia Act (TMG), service providers are not obligated to permanently monitor submitted or stored information or to search for evidences that indicate illegal activities.<\/p><p>Legal obligations to removing information or to blocking the use of information remain unchallenged. In this case, liability is only possible at the time of knowledge about a specific violation of law. Illegal contents will be removed immediately at the time we get knowledge of them.<\/p><p>\u00a0<\/p><h3>Liability for Links<\/h3><p>Our offer includes links to external third party websites. We have no influence on the contents of those websites, therefore we cannot guarantee for those contents. Providers or administrators of linked websites are always responsible for their own contents.<\/p><p>The linked websites had been checked for possible violations of law at the time of the establishment of the link. Illegal contents were not detected at the time of the linking. A permanent monitoring of the contents of linked websites cannot be imposed without reasonable indications that there has been a violation of law. Illegal links will be removed immediately at the time we get knowledge of them.<\/p><p>\u00a0<\/p><h3>Copyright<\/h3><p>Contents and compilations published on these websites by the providers are subject to German copyright laws. Reproduction, editing, distribution as well as the use of any kind outside the scope of the copyright law require a written permission of the author or originator. Downloads and copies of these websites are permitted for private use only.<br \/>The commercial use of our contents without permission of the originator is prohibited.<\/p><p>Copyright laws of third parties are respected as long as the contents on these websites do not originate from the provider. Contributions of third parties on this site are indicated as such. However, if you notice any violations of copyright law, please inform us. Such contents will be removed immediately.<\/p><p>\u00a0<\/p><h2>Layout and Webdesign<\/h2><p><strong>MediaBees<\/strong><\/p><p><a href=\"https:\/\/mediabees.de\/\" target=\"_blank\" rel=\"noopener\">www.mediabees.de<\/a><\/p>\t\t\t\t\t\t\t\t<\/div>\n\t\t\t\t<\/div>\n\t\t\t\t<section class=\"elementor-section elementor-inner-section elementor-element elementor-element-22309f0 elementor-section-boxed elementor-section-height-default elementor-section-height-default\" data-id=\"22309f0\" data-element_type=\"section\">\n\t\t\t\t\t\t<div class=\"elementor-container elementor-column-gap-no\">\n\t\t\t\t\t<div class=\"elementor-column elementor-col-100 elementor-inner-column elementor-element elementor-element-20d64113\" data-id=\"20d64113\" data-element_type=\"column\">\n\t\t\t<div class=\"elementor-widget-wrap elementor-element-populated\">\n\t\t\t\t\t\t<div class=\"elementor-element elementor-element-7d90e9a3 elementor-widget elementor-widget-text-editor\" data-id=\"7d90e9a3\" data-element_type=\"widget\" data-widget_type=\"text-editor.default\">\n\t\t\t\t<div class=\"elementor-widget-container\">\n\t\t\t\t\t\t\t\t\t<h5>Quellenverzeichnis Bilder<\/h5>\t\t\t\t\t\t\t\t<\/div>\n\t\t\t\t<\/div>\n\t\t\t\t<div class=\"elementor-element elementor-element-21289901 elementor-widget elementor-widget-jet-table\" data-id=\"21289901\" data-element_type=\"widget\" data-widget_type=\"jet-table.default\">\n\t\t\t\t<div class=\"elementor-widget-container\">\n\t\t\t\t\t<div class=\"elementor-jet-table jet-elements\">\n\t\t<div class=\"jet-table-wrapper jet-table-responsive-mobile\">\n\t\t\t<table class=\"jet-table jet-table--fa5-compat\">\n\t\t\t\t<thead class=\"jet-table__head\"><tr class=\"jet-table__head-row\"><th class=\"jet-table__cell elementor-repeater-item-d9f04cf jet-table__head-cell\" scope=\"col\"><div class=\"jet-table__cell-inner\"><div class=\"jet-table__cell-content\"><div class=\"jet-table__cell-text\">Bildnummer<\/div><\/div><\/div><\/th><th class=\"jet-table__cell elementor-repeater-item-05716ba jet-table__head-cell\" scope=\"col\"><div class=\"jet-table__cell-inner\"><div class=\"jet-table__cell-content\"><div class=\"jet-table__cell-text\">K\u00fcnstler<\/div><\/div><\/div><\/th><th class=\"jet-table__cell elementor-repeater-item-cbc0e62 jet-table__head-cell\" scope=\"col\"><div class=\"jet-table__cell-inner\"><div class=\"jet-table__cell-content\"><div class=\"jet-table__cell-text\">Quelle<\/div><\/div><\/div><\/th><\/tr><\/thead>\n\t\t\t\t\t\t\t\t<tbody class=\"jet-table__body\"><tr class=\"jet-table__body-row elementor-repeater-item-8aca568\"><td class=\"jet-table__cell elementor-repeater-item-b6a489e jet-table__body-cell\"><div class=\"jet-table__cell-inner\"><div class=\"jet-table__cell-content\"><div class=\"jet-table__cell-text\">138539774<\/div><\/div><\/div><\/td><td class=\"jet-table__cell elementor-repeater-item-72826a9 jet-table__body-cell\"><div class=\"jet-table__cell-inner\"><div class=\"jet-table__cell-content\"><div class=\"jet-table__cell-text\">stokkete<\/div><\/div><\/div><\/td><td class=\"jet-table__cell elementor-repeater-item-744de03 jet-table__body-cell\"><div class=\"jet-table__cell-inner\"><div class=\"jet-table__cell-content\"><div class=\"jet-table__cell-text\">bigstockphoto.com<\/div><\/div><\/div><\/td><\/tr><tr class=\"jet-table__body-row elementor-repeater-item-a856a20\"><td class=\"jet-table__cell elementor-repeater-item-34fc4b5 jet-table__body-cell\"><div class=\"jet-table__cell-inner\"><div class=\"jet-table__cell-content\"><div class=\"jet-table__cell-text\">224963761<\/div><\/div><\/div><\/td><td class=\"jet-table__cell elementor-repeater-item-aaf0ddd jet-table__body-cell\"><div class=\"jet-table__cell-inner\"><div class=\"jet-table__cell-content\"><div class=\"jet-table__cell-text\">World Image<\/div><\/div><\/div><\/td><td class=\"jet-table__cell elementor-repeater-item-2f9de4e jet-table__body-cell\"><div class=\"jet-table__cell-inner\"><div class=\"jet-table__cell-content\"><div class=\"jet-table__cell-text\">bigstockphoto.com<\/div><\/div><\/div><\/td><\/tr><\/tbody>\n\t\t\t<\/table>\n\t\t<\/div>\n\n\t\t<\/div>\t\t\t\t<\/div>\n\t\t\t\t<\/div>\n\t\t\t\t\t<\/div>\n\t\t<\/div>\n\t\t\t\t\t<\/div>\n\t\t<\/section>\n\t\t\t\t\t<\/div>\n\t\t<\/div>\n\t\t\t\t\t<\/div>\n\t\t<\/section>\n\t\t\t\t<\/div>\n\t\t","protected":false},"excerpt":{"rendered":"<p>Information pursuant to \u00a7 5 TMG Stapleline Medizintechnik GmbH Bessemer Stra\u00dfe 30 44793 Bochum Commercial Register: HRB 10891 Registration court: Amtsgericht Bochum Represented by: Gesch\u00e4ftsf\u00fchrerin: Natalia Krychtina Contact Phone: +49 234 936 487 00 Telefax: +49 234 936 487 12 info@stapleline.com VAT ID Sales tax identification number according to \u00a7 27 a of the Sales [&hellip;]<\/p>\n","protected":false},"author":1,"featured_media":0,"parent":0,"menu_order":0,"comment_status":"closed","ping_status":"closed","template":"","meta":{"_acf_changed":false,"footnotes":""},"class_list":["post-1886","page","type-page","status-publish","hentry"],"acf":[],"yoast_head":"<!-- This site is optimized with the Yoast SEO plugin v26.3 - https:\/\/yoast.com\/wordpress\/plugins\/seo\/ -->\n<title>Site Notice - Stapleline Medizintechnik GmbH<\/title>\n<meta name=\"robots\" content=\"index, follow, max-snippet:-1, max-image-preview:large, max-video-preview:-1\" \/>\n<link rel=\"canonical\" href=\"https:\/\/stapleline.com\/en\/site-notice\/\" \/>\n<meta property=\"og:locale\" content=\"en_US\" \/>\n<meta property=\"og:type\" content=\"article\" \/>\n<meta property=\"og:title\" content=\"Site Notice - Stapleline Medizintechnik GmbH\" \/>\n<meta property=\"og:description\" content=\"Information pursuant to \u00a7 5 TMG Stapleline Medizintechnik GmbH Bessemer Stra\u00dfe 30 44793 Bochum Commercial Register: HRB 10891 Registration court: Amtsgericht Bochum Represented by: Gesch\u00e4ftsf\u00fchrerin: Natalia Krychtina Contact Phone: +49 234 936 487 00 Telefax: +49 234 936 487 12 info@stapleline.com VAT ID Sales tax identification number according to \u00a7 27 a of the Sales [&hellip;]\" \/>\n<meta property=\"og:url\" content=\"https:\/\/stapleline.com\/en\/site-notice\/\" \/>\n<meta property=\"og:site_name\" content=\"Stapleline Medizintechnik GmbH\" \/>\n<meta property=\"article:modified_time\" content=\"2019-11-15T12:42:45+00:00\" \/>\n<meta name=\"twitter:card\" content=\"summary_large_image\" \/>\n<meta name=\"twitter:label1\" content=\"Est. reading time\" \/>\n\t<meta name=\"twitter:data1\" content=\"2 minutes\" \/>\n<script type=\"application\/ld+json\" class=\"yoast-schema-graph\">{\"@context\":\"https:\/\/schema.org\",\"@graph\":[{\"@type\":\"WebPage\",\"@id\":\"https:\/\/stapleline.com\/en\/site-notice\/\",\"url\":\"https:\/\/stapleline.com\/en\/site-notice\/\",\"name\":\"Site Notice - Stapleline Medizintechnik GmbH\",\"isPartOf\":{\"@id\":\"https:\/\/stapleline.com\/en\/#website\"},\"datePublished\":\"2019-05-24T09:14:24+00:00\",\"dateModified\":\"2019-11-15T12:42:45+00:00\",\"breadcrumb\":{\"@id\":\"https:\/\/stapleline.com\/en\/site-notice\/#breadcrumb\"},\"inLanguage\":\"en-US\",\"potentialAction\":[{\"@type\":\"ReadAction\",\"target\":[\"https:\/\/stapleline.com\/en\/site-notice\/\"]}]},{\"@type\":\"BreadcrumbList\",\"@id\":\"https:\/\/stapleline.com\/en\/site-notice\/#breadcrumb\",\"itemListElement\":[{\"@type\":\"ListItem\",\"position\":1,\"name\":\"Startseite\",\"item\":\"https:\/\/stapleline.com\/en\/\"},{\"@type\":\"ListItem\",\"position\":2,\"name\":\"Site Notice\"}]},{\"@type\":\"WebSite\",\"@id\":\"https:\/\/stapleline.com\/en\/#website\",\"url\":\"https:\/\/stapleline.com\/en\/\",\"name\":\"Stapleline Medizintechnik GmbH\",\"description\":\"\",\"publisher\":{\"@id\":\"https:\/\/stapleline.com\/en\/#organization\"},\"potentialAction\":[{\"@type\":\"SearchAction\",\"target\":{\"@type\":\"EntryPoint\",\"urlTemplate\":\"https:\/\/stapleline.com\/en\/?s={search_term_string}\"},\"query-input\":{\"@type\":\"PropertyValueSpecification\",\"valueRequired\":true,\"valueName\":\"search_term_string\"}}],\"inLanguage\":\"en-US\"},{\"@type\":\"Organization\",\"@id\":\"https:\/\/stapleline.com\/en\/#organization\",\"name\":\"Stapleline Medizintechnik GmbH\",\"url\":\"https:\/\/stapleline.com\/en\/\",\"logo\":{\"@type\":\"ImageObject\",\"inLanguage\":\"en-US\",\"@id\":\"https:\/\/stapleline.com\/en\/#\/schema\/logo\/image\/\",\"url\":\"https:\/\/stapleline.com\/wp-content\/uploads\/2019\/08\/logo-stapleline.png\",\"contentUrl\":\"https:\/\/stapleline.com\/wp-content\/uploads\/2019\/08\/logo-stapleline.png\",\"width\":500,\"height\":184,\"caption\":\"Stapleline Medizintechnik GmbH\"},\"image\":{\"@id\":\"https:\/\/stapleline.com\/en\/#\/schema\/logo\/image\/\"}}]}<\/script>\n<!-- \/ Yoast SEO plugin. -->","yoast_head_json":{"title":"Site Notice - Stapleline Medizintechnik GmbH","robots":{"index":"index","follow":"follow","max-snippet":"max-snippet:-1","max-image-preview":"max-image-preview:large","max-video-preview":"max-video-preview:-1"},"canonical":"https:\/\/stapleline.com\/en\/site-notice\/","og_locale":"en_US","og_type":"article","og_title":"Site Notice - Stapleline Medizintechnik GmbH","og_description":"Information pursuant to \u00a7 5 TMG Stapleline Medizintechnik GmbH Bessemer Stra\u00dfe 30 44793 Bochum Commercial Register: HRB 10891 Registration court: Amtsgericht Bochum Represented by: Gesch\u00e4ftsf\u00fchrerin: Natalia Krychtina Contact Phone: +49 234 936 487 00 Telefax: +49 234 936 487 12 info@stapleline.com VAT ID Sales tax identification number according to \u00a7 27 a of the Sales [&hellip;]","og_url":"https:\/\/stapleline.com\/en\/site-notice\/","og_site_name":"Stapleline Medizintechnik GmbH","article_modified_time":"2019-11-15T12:42:45+00:00","twitter_card":"summary_large_image","twitter_misc":{"Est. reading time":"2 minutes"},"schema":{"@context":"https:\/\/schema.org","@graph":[{"@type":"WebPage","@id":"https:\/\/stapleline.com\/en\/site-notice\/","url":"https:\/\/stapleline.com\/en\/site-notice\/","name":"Site Notice - Stapleline Medizintechnik GmbH","isPartOf":{"@id":"https:\/\/stapleline.com\/en\/#website"},"datePublished":"2019-05-24T09:14:24+00:00","dateModified":"2019-11-15T12:42:45+00:00","breadcrumb":{"@id":"https:\/\/stapleline.com\/en\/site-notice\/#breadcrumb"},"inLanguage":"en-US","potentialAction":[{"@type":"ReadAction","target":["https:\/\/stapleline.com\/en\/site-notice\/"]}]},{"@type":"BreadcrumbList","@id":"https:\/\/stapleline.com\/en\/site-notice\/#breadcrumb","itemListElement":[{"@type":"ListItem","position":1,"name":"Startseite","item":"https:\/\/stapleline.com\/en\/"},{"@type":"ListItem","position":2,"name":"Site Notice"}]},{"@type":"WebSite","@id":"https:\/\/stapleline.com\/en\/#website","url":"https:\/\/stapleline.com\/en\/","name":"Stapleline Medizintechnik GmbH","description":"","publisher":{"@id":"https:\/\/stapleline.com\/en\/#organization"},"potentialAction":[{"@type":"SearchAction","target":{"@type":"EntryPoint","urlTemplate":"https:\/\/stapleline.com\/en\/?s={search_term_string}"},"query-input":{"@type":"PropertyValueSpecification","valueRequired":true,"valueName":"search_term_string"}}],"inLanguage":"en-US"},{"@type":"Organization","@id":"https:\/\/stapleline.com\/en\/#organization","name":"Stapleline Medizintechnik GmbH","url":"https:\/\/stapleline.com\/en\/","logo":{"@type":"ImageObject","inLanguage":"en-US","@id":"https:\/\/stapleline.com\/en\/#\/schema\/logo\/image\/","url":"https:\/\/stapleline.com\/wp-content\/uploads\/2019\/08\/logo-stapleline.png","contentUrl":"https:\/\/stapleline.com\/wp-content\/uploads\/2019\/08\/logo-stapleline.png","width":500,"height":184,"caption":"Stapleline Medizintechnik GmbH"},"image":{"@id":"https:\/\/stapleline.com\/en\/#\/schema\/logo\/image\/"}}]}},"_links":{"self":[{"href":"https:\/\/stapleline.com\/en\/wp-json\/wp\/v2\/pages\/1886","targetHints":{"allow":["GET"]}}],"collection":[{"href":"https:\/\/stapleline.com\/en\/wp-json\/wp\/v2\/pages"}],"about":[{"href":"https:\/\/stapleline.com\/en\/wp-json\/wp\/v2\/types\/page"}],"author":[{"embeddable":true,"href":"https:\/\/stapleline.com\/en\/wp-json\/wp\/v2\/users\/1"}],"replies":[{"embeddable":true,"href":"https:\/\/stapleline.com\/en\/wp-json\/wp\/v2\/comments?post=1886"}],"version-history":[{"count":0,"href":"https:\/\/stapleline.com\/en\/wp-json\/wp\/v2\/pages\/1886\/revisions"}],"wp:attachment":[{"href":"https:\/\/stapleline.com\/en\/wp-json\/wp\/v2\/media?parent=1886"}],"curies":[{"name":"wp","href":"https:\/\/api.w.org\/{rel}","templated":true}]}}